{"id":1638,"date":"2021-04-11T06:39:25","date_gmt":"2021-04-11T04:39:25","guid":{"rendered":"https:\/\/sant-francesc.eu\/?page_id=1638"},"modified":"2024-05-06T11:10:51","modified_gmt":"2024-05-06T09:10:51","slug":"personalizar-cookies","status":"publish","type":"page","link":"https:\/\/sant-francesc.eu\/ca\/personalizar-cookies\/","title":{"rendered":"Personalizar Cookies"},"content":{"rendered":"<div class=\"wpb-content-wrapper\"><section class=\"wpb_row vc_row-fluid vc_custom_1618115882820 vc_row-has-fill\"><div class=\"container\"><div class=\"row\"><div class=\"wpb_column vc_column_container vc_col-sm-2\"><div class=\"vc_column-inner \"  ><div class=\"wpb_wrapper\"><\/div><\/div><\/div><div class=\"wpb_column vc_column_container vc_col-sm-8\"><div class=\"vc_column-inner \"  ><div class=\"wpb_wrapper\"><div class=\"vc_empty_space\"   style=\"height: 32px\"><span class=\"vc_empty_space_inner\"><\/span><\/div>\n\t<div class=\"wpb_text_column wpb_content_element\" >\n\t\t<div class=\"wpb_wrapper\">\n\t\t\t\n<div>\n      <div id=\"custom-cookies-eu-label\">\n\n        <div id=\"cookies-eu-label\">Esta web utiliza cookies propias y de terceros para su correcto funcionamiento y para fines anal\u00edticos. Contiene enlaces a sitios web de terceros con pol\u00edticas de privacidad ajenas que podr\u00e1s aceptar o no cuando accedas a ellos. Al hacer clic en el bot\u00f3n Aceptar, acepta el uso de estas tecnolog\u00edas y el procesamiento de tus datos para estos prop\u00f3sitos.<\/div>\n          \u00a0\u00a0\n          \n      <\/div>\n\n      <div id=\"custom-cookies-eu-buttons\" class=\"cookies-eu-buttons\">\n        <button id=\"custom-cookies-eu-reject\" class=\"cookies-eu-reject\">Rechazar<\/button>\n        <button id=\"custom-cookies-eu-accept\" class=\"cookies-eu-accept\">ACEPTAR TODAS LAS COOKIES<\/button><\/div>\n      <\/div>\n\n<br\/>\n<p>\n\tPuedes cambiar tus preferencias de cookies en cualquier momento si vuelves a la p\u00e1gina de Personalizar cookies, a la que puedes acceder a trav\u00e9s del Aviso de cookies. \n<\/p>\n\n<h3>Cookies t\u00e9cnicas<\/h3>\n<p>\n\tSon aquellas que permiten a los usuarios registrados navegar a trav\u00e9s del sitio Web, del \u00e1rea restringida y a utilizar sus diferentes funciones, como por ejemplo, el sistema de comentarios o el buscador y no pueden ser desactivadas.\n<\/p>\n\n<div class=\"custom-cookies-option\">\n  <h3>Cookies de an\u00e1lisis o medici\u00f3n<\/h3>\n  <span>\n    <input type=\"radio\" name=\"cookies-analytics-option\" value=\"true\" class=\"custom-cookies-radio\" data-consent=\"ANLTCS\" id=\"custom-cookies-accept-analytics\" >\n    <label for=\"custom-cookies-accept-analytics\">Activar<\/label>\n    \u00a0\u00a0\n    <input type=\"radio\" name=\"cookies-analytics-option\" value=\"false\" class=\"custom-cookies-radio\" data-consent=\"ANLTCS\" id=\"custom-cookies-reject-analytics\" \n    checked>\n    <label for=\"custom-cookies-reject-analytics\">Desactivar<\/label>\n<\/span>\n<\/div>\n\n<p>\n\tSon aquellas que, bien tratadas por el sitio Web o por terceros, permiten cuantificar el n\u00famero de usuarios y as\u00ed realizar la medici\u00f3n y an\u00e1lisis estad\u00edstico de la utilizaci\u00f3n que hacen los usuarios del sitio Web. Para ello se analiza la navegaci\u00f3n que realizas en este sitio Web con el fin de mejorarlo.\n<\/p>\n\n<div class=\"custom-cookies-option\">\n  <h3>Cookies sociales<\/h3>\n  <span>\n    <input type=\"radio\" name=\"cookies-social-option\" value=\"true\" class=\"custom-cookies-radio\" data-consent=\"SCLS\" id=\"custom-cookies-accept-social\" \n    >\n    <label for=\"custom-cookies-accept-social\">Activar<\/label>\n    \u00a0\u00a0\n    <input type=\"radio\" name=\"cookies-social-option\" value=\"false\" class=\"custom-cookies-radio\" data-consent=\"SCLS\" id=\"custom-cookies-reject-social\" \n    checked>\n    <label for=\"custom-cookies-reject-social\">Desactivar<\/label>\n<\/span>\n<\/div>\n\n<p>\n  Son establecidas por las plataformas de redes sociales para permitir a los usuarios compartir contenido con sus amigos y redes.  \n<\/p>\n\n\n\n\t\t<\/div>\n\t<\/div>\n<div class=\"vc_empty_space\"   style=\"height: 32px\"><span class=\"vc_empty_space_inner\"><\/span><\/div>\n            <div \n                class=\"elfsight-widget-social-share-buttons elfsight-widget\" \n                data-elfsight-social-share-buttons-options=\"%7B%22items%22%3A%5B%7B%22network%22%3A%22facebook%22%2C%22buttonText%22%3A%22Facebook%22%7D%2C%7B%22network%22%3A%22fb-messenger%22%2C%22buttonText%22%3A%22Messenger%22%7D%2C%7B%22network%22%3A%22whatsapp%22%2C%22buttonText%22%3A%22WhatsApp%22%7D%2C%7B%22network%22%3A%22telegram%22%2C%22buttonText%22%3A%22Telegram%22%7D%2C%7B%22network%22%3A%22%22%2C%22buttonText%22%3Anull%7D%5D%2C%22moreToggle%22%3Atrue%2C%22msgMore%22%3A%22M%5Cu00e1s%22%2C%22msgClose%22%3A%22Cerrar%22%2C%22customUrl%22%3A%22%22%2C%22location%22%3A%22inline%22%2C%22position%22%3A%22center%22%2C%22columns%22%3A%22auto%22%2C%22gutter%22%3A12%2C%22hideOnMobile%22%3Afalse%2C%22elements%22%3A%5B%22icon%22%2C%22text%22%5D%2C%22shape%22%3A%22rounded%22%2C%22width%22%3A%22auto%22%2C%22style%22%3A%22default%22%2C%22iconColor%22%3A%22white%22%2C%22bgColor%22%3A%22native%22%2C%22iconColorOnHover%22%3A%22white%22%2C%22bgColorOnHover%22%3A%22black%22%2C%22animation%22%3A%22zoom%22%2C%22transparency%22%3A100%2C%22transparencyOnHover%22%3A100%2C%22widgetId%22%3A%221%22%7D\" \n                data-elfsight-social-share-buttons-version=\"1.6.0\"\n                data-elfsight-widget-id=\"elfsight-social-share-buttons-1\">\n            <\/div>\n            <\/div><\/div><\/div><div class=\"wpb_column vc_column_container vc_col-sm-2\"><div class=\"vc_column-inner \"  ><div class=\"wpb_wrapper\"><\/div><\/div><\/div><\/div><\/div><\/section><section class=\"wpb_row vc_row-fluid\"><div class=\"container\"><div class=\"row\"><div class=\"wpb_column vc_column_container vc_col-sm-12\"><div class=\"vc_column-inner \"  ><div class=\"wpb_wrapper\">\n<div class=\"vc-zigzag-wrapper vc-zigzag-align-center\"><div class=\"vc-zigzag-inner\" style=\"width: 100%;min-height: 14px;background: 0 repeat-x url(&#039;data:image\/svg+xml;utf-8,%3C%3Fxml%20version%3D%221.0%22%20encoding%3D%22utf-8%22%3F%3E%3C%21DOCTYPE%20svg%20PUBLIC%20%22-%2F%2FW3C%2F%2FDTD%20SVG%201.1%2F%2FEN%22%20%22http%3A%2F%2Fwww.w3.org%2FGraphics%2FSVG%2F1.1%2FDTD%2Fsvg11.dtd%22%3E%3Csvg%20width%3D%2214px%22%20height%3D%2212px%22%20viewBox%3D%220%200%2018%2015%22%20version%3D%221.1%22%20xmlns%3D%22http%3A%2F%2Fwww.w3.org%2F2000%2Fsvg%22%20xmlns%3Axlink%3D%22http%3A%2F%2Fwww.w3.org%2F1999%2Fxlink%22%3E%3Cpolygon%20id%3D%22Combined-Shape%22%20fill%3D%22%23ebebeb%22%20points%3D%228.98762301%200%200%209.12771969%200%2014.519983%209%205.40479869%2018%2014.519983%2018%209.12771969%22%3E%3C%2Fpolygon%3E%3C%2Fsvg%3E&#039;);\"><\/div><\/div><\/div><\/div><\/div><\/div><\/div><\/section><section class=\"wpb_row vc_row-fluid\"><div class=\"container\"><div class=\"row\"><div class=\"wpb_column vc_column_container vc_col-sm-12\"><div class=\"vc_column-inner \"  ><div class=\"wpb_wrapper\">\t\n\n    <div class=\"fx custom-carousel-1\">\n\t    \t    \t\t            <div class=\"item\">\n\t                <div class=\"overlay\">\n\t                    <span class=\"time\">maig 17, 2026<\/span>\n\t                    <h3><a href=\"https:\/\/sant-francesc.eu\/ca\/evento\/la-ascension-del-senor-2026\/\">La Ascensi\u00f3n del Se\u00f1or 2026<\/a><\/h3>\n\t                    <span class=\"desc\">El\u00a0D\u00eda de la Ascensi\u00f3n\u00a0es una\u00a0solemnidad\u00a0cristiana\u00a0que se celebra cuarenta d\u00edas despu\u00e9s del\u00a0domingo de resurrecci\u00f3n\u00a0(durante el\u00a0Tiempo pascual) y que conmemora la\u00a0ascensi\u00f3n de Jesucristo\u00a0al cielo en presencia de sus disc\u00edpulos tras anunciarles que [\u2026]<\/span>\n\t                <\/div>\n\t                <img decoding=\"async\" width=\"640\" height=\"480\" src=\"https:\/\/sant-francesc.eu\/wp-content\/uploads\/2025\/09\/Ascension-del-Senor-1-640x480.jpg\" class=\"attachment-events-homepage-thumb size-events-homepage-thumb wp-post-image\" alt=\"\" title=\"\">\t            <\/div>\n\t        \t            <div class=\"item\">\n\t                <div class=\"overlay\">\n\t                    <span class=\"time\">maig 24, 2026<\/span>\n\t                    <h3><a href=\"https:\/\/sant-francesc.eu\/ca\/evento\/pentecostes-2026\/\">Pentecost\u00e9s 2026<\/a><\/h3>\n\t                    <span class=\"desc\">Pentecost\u00e9s (del griego \u03c0\u03b5\u03bd\u03c4\u03b7\u03ba\u03bf\u03c3\u03c4\u03ae pent\u0113kost\u1e17 \u2018quincuag\u00e9simo\u2019) es el t\u00e9rmino con el que se define la fiesta cristiana del quincuag\u00e9simo d\u00eda del Tiempo de Pascua.\u200b Se trata de una festividad que [\u2026]<\/span>\n\t                <\/div>\n\t                <img decoding=\"async\" width=\"640\" height=\"480\" src=\"https:\/\/sant-francesc.eu\/wp-content\/uploads\/2024\/05\/Pentecostes-050516-640x480.webp\" class=\"attachment-events-homepage-thumb size-events-homepage-thumb wp-post-image\" alt=\"\" title=\"\">\t            <\/div>\n\t        \t            <div class=\"item\">\n\t                <div class=\"overlay\">\n\t                    <span class=\"time\">maig 31, 2026<\/span>\n\t                    <h3><a href=\"https:\/\/sant-francesc.eu\/ca\/evento\/santisima-trinidad-2026\/\">Sant\u00edsima Trinidad 2026<\/a><\/h3>\n\t                    <span class=\"desc\">Solemnidad de la Sant\u00edsima Trinidad, misterio central de la fe cristiana. 1. La palabra Trinidad nace del lat\u00edn Proviene de la palabra latina \u201ctrinitas\u201d, que significa \u201ctres\u201d y \u201ctriada\u201d. El [\u2026]<\/span>\n\t                <\/div>\n\t                <img decoding=\"async\" width=\"640\" height=\"450\" src=\"https:\/\/sant-francesc.eu\/wp-content\/uploads\/2024\/05\/SantisimaTrinidad-640x450.webp\" class=\"attachment-events-homepage-thumb size-events-homepage-thumb wp-post-image\" alt=\"\" title=\"\">\t            <\/div>\n\t        \t            <div class=\"item\">\n\t                <div class=\"overlay\">\n\t                    <span class=\"time\">juny 7, 2026<\/span>\n\t                    <h3><a href=\"https:\/\/sant-francesc.eu\/ca\/evento\/corpus-christi-2026\/\">Corpus Christi 2026<\/a><\/h3>\n\t                    <span class=\"desc\">El Cuerpo y la Sangre Sant\u00edsimos de Cristo Corpus Christi (\u2018cuerpo de Cristo\u2019) o Solemnidad del Cuerpo y la Sangre de Cristo, antes llamada Corpus Domini (\u2018cuerpo del Se\u00f1or\u2019), es [\u2026]<\/span>\n\t                <\/div>\n\t                <img decoding=\"async\" width=\"640\" height=\"480\" src=\"https:\/\/sant-francesc.eu\/wp-content\/uploads\/2024\/06\/Solemnidad-del-Corpus-Christi-2-de-junio-640x480.webp\" class=\"attachment-events-homepage-thumb size-events-homepage-thumb wp-post-image\" alt=\"\" title=\"\">\t            <\/div>\n\t         \n\t           \n    <\/div>\n\n<\/div><\/div><\/div><\/div><\/div><\/section>\n<\/div>","protected":false},"excerpt":{"rendered":"El Cuerpo y la Sangre Sant\u00edsimos de Cristo Corpus Christi (\u2018cuerpo de Cristo\u2019) o Solemnidad del Cuerpo y la Sangre de Cristo, antes llamada Corpus Domini (\u2018cuerpo del Se\u00f1or\u2019), es [...]","protected":false},"author":3,"featured_media":0,"parent":0,"menu_order":0,"comment_status":"closed","ping_status":"closed","template":"page-templates\/template-fullwidth.php","meta":{"rs_blank_template":"","rs_page_bg_color":"","slide_template_v7":"","footnotes":""},"class_list":["post-1638","page","type-page","status-publish","hentry","cat_calendario-liturgico-2026"],"_links":{"self":[{"href":"https:\/\/sant-francesc.eu\/ca\/wp-json\/wp\/v2\/pages\/1638","targetHints":{"allow":["GET"]}}],"collection":[{"href":"https:\/\/sant-francesc.eu\/ca\/wp-json\/wp\/v2\/pages"}],"about":[{"href":"https:\/\/sant-francesc.eu\/ca\/wp-json\/wp\/v2\/types\/page"}],"author":[{"embeddable":true,"href":"https:\/\/sant-francesc.eu\/ca\/wp-json\/wp\/v2\/users\/3"}],"replies":[{"embeddable":true,"href":"https:\/\/sant-francesc.eu\/ca\/wp-json\/wp\/v2\/comments?post=1638"}],"version-history":[{"count":0,"href":"https:\/\/sant-francesc.eu\/ca\/wp-json\/wp\/v2\/pages\/1638\/revisions"}],"wp:attachment":[{"href":"https:\/\/sant-francesc.eu\/ca\/wp-json\/wp\/v2\/media?parent=1638"}],"curies":[{"name":"wp","href":"https:\/\/api.w.org\/{rel}","templated":true}]}}