{"id":325,"date":"2017-08-08T09:36:31","date_gmt":"2017-08-08T09:36:31","guid":{"rendered":"http:\/\/wpdemo.oceanthemes.net\/blessing\/?page_id=325"},"modified":"2020-11-23T17:20:37","modified_gmt":"2020-11-23T16:20:37","slug":"historia-y-origenes","status":"publish","type":"page","link":"https:\/\/sant-francesc.eu\/ca\/historia-y-origenes\/","title":{"rendered":"Historia y Or\u00edgenes"},"content":{"rendered":"<div class=\"wpb-content-wrapper\"><section class=\"wpb_row vc_row-fluid\"><div class=\"container\"><div class=\"row\"><div class=\"wpb_column vc_column_container vc_col-sm-12\"><div class=\"vc_column-inner\"  ><div class=\"wpb_wrapper\">\n\t<div class=\"wpb_text_column wpb_content_element\" >\n\t\t<div class=\"wpb_wrapper\">\n\t\t\t<header class=\"entry-header\">\n<h1 class=\"entry-title\">Nuestra Parroquia<\/h1>\n<p>\u00a0<\/p>\n<\/header>\n<div class=\"entry-content\"><\/div>\n<p>La parroquia de \u00abSant Francesc\u00bb de Ciutadella tiene sus or\u00edgenes en el convento de frailes menores o franciscanos fundado por Alfonso III de Arag\u00f3n justo despu\u00e9s de la conquista de Menorca. De hecho, el 1 de marzo de 1287, cuando el monarca todav\u00eda estaba en la isla, concedi\u00f3 a los guardianes de los franciscanos o frailes menores de Barcelona y del ayuntamiento de Mallorca algunos heredados en Ciutadella con la condici\u00f3n de que construyeran un convento y de que algunos frailes residieran all\u00ed. Estas herencias consist\u00edan en el jard\u00edn que hab\u00eda sido de los Rais Abu Umar y algunas casas. La llegada de los primeros frailes debe haber sido casi inmediata. En 1290 el guardi\u00e1n del convento fue Fray Berenguer de Lled\u00f3. No sabemos nada de este primer convento franciscano, aunque nos ha dejado una l\u00e1pida (actualmente en el Museo Diocesano) de Guillem Pere de Vilafreser, teniente del tesorero real, que hab\u00eda sido enterrado en San Francisco en julio de 1294.<\/p>\n<p>\u00a0<\/p>\n<p>Desde el principio el convento de Sant Francesc tuvo importancia en la vida religiosa y social de Ciutadella. As\u00ed, en 1301 se celebr\u00f3 una importante sesi\u00f3n de la Universidad de Menorca con los abogados de Jaume II de Mallorca, en la que se acordaron los t\u00e9rminos de la reestructuraci\u00f3n del r\u00e9gimen inmobiliario. Durante el siglo XIV, en Nochebuena, las posiciones de la universidad se renovaron. En cuanto a la adscripci\u00f3n del convento de Ciutadella dentro de la orden franciscana, pas\u00f3 de la rama del claustrales a los observadores. El tronco com\u00fan de la orden de los hermanos menores, fundado por el Pobriss\u00f3 de As\u00eds en 1209, que ten\u00eda la hermana Pobreza por referencia, se hab\u00eda dividido en varias ramas. El convento de Ciutadella perteneci\u00f3 al grupo de claustrales hasta 1504, cuando la reforma comenz\u00f3 a trasladarse a la de los observadores, es decir, que siguieron m\u00e1s de cerca el gobierno de San Francisco, especialmente con respecto al desapego de bienes materiales, en lugar de los conventuales, m\u00e1s laxos.<\/p>\n<p>\u00a0<\/p>\n<p>La configuraci\u00f3n exacta del convento medieval es desconocida para nosotros. Sabemos que la iglesia era de una nave dividida en cuatro secciones y \u00e1bside y ocupaba parte del espacio del templo actual. Al lado, en el lado oeste, estaba el edificio del convento. Un huerto de notable extensi\u00f3n ocupaba lo que hoy son las calles \u00abNou de Juliol\u00bb y \u00abJoan Benejam\u00bb, hasta la \u00abPla\u00e7a dels Pins\u00bb, no hab\u00eda muro de la ciudad. Este convento fue gravemente da\u00f1ado en el asalto otomano de Ciutadella (julio de 1558), por lo que se consider\u00f3 la necesidad de reconstruir tanto la iglesia como el convento. Las obras de la iglesia comenzaron en diciembre de 1569 y terminaron tres a\u00f1os m\u00e1s tarde.\u00a0Sin embargo, pronto (1581) se decidi\u00f3 ampliar el templo. En esta ocasi\u00f3n, las obras duraron hasta 1607. La iglesia, con una sola nave, cubierta con una b\u00f3veda y capillas laterales entre contrafuertes, se inspir\u00f3 en los patrones g\u00f3ticos, aunque siempre dentro de una gran sencillez y austeridad ornamental.<\/p>\n<p>\u00a0<\/p>\n<p>Durante el siglo XVII se construy\u00f3 el convento, mientras que se llevaron a cabo algunas reformas y se a\u00f1adieron a la iglesia, como el coro (1613), el portal lateral que da a la calle la \u00abPur\u00edssima\u00bb y el m\u00e1s grande que se abri\u00f3 en la \u00abPla\u00e7a des Born\u00bb (1681-84). De estos portales barrocos, obra del maestro Pere Amor\u00f3s, s\u00f3lo se conserva el primero, ya que el portal principal fue sustituido a principios del siglo XIX por el neocl\u00e1sico que se puede ver hoy en d\u00eda. En esta misma reforma se decidi\u00f3 extender la iglesia, por lo que el \u00e1bside original desapareci\u00f3, reemplazado por el crucero cubierto de c\u00fapula y un nuevo \u00e1bside (1808). M\u00e1s tarde (1831), la girola fue construida detr\u00e1s del altar. La reforma de los primeros a\u00f1os del siglo XIX rompi\u00f3 la armon\u00eda de la nave del templo. El resultado fue una iglesia desproporcionada, demasiado larga en relaci\u00f3n con la anchura. Durante los siglos XVII, XVIII y principios del XIX, el Convento de Sant Francesc continu\u00f3 desempe\u00f1ando una importante funci\u00f3n social y cultural (escuela de gram\u00e1tica y teolog\u00eda, farmacia, etc.) y fue el lugar preferido por los ciudadanos a la hora de elegir el entierro, tanto dentro del templo como en el claustro. En 1835, sin embargo, aplicando el decreto de desamortizaci\u00f3n eclesi\u00e1stica, el convento fue extinguido y sus bienes se convirtieron en propiedad del Estado. La iglesia permaneci\u00f3 abierta al culto y en 1877 fue erigida en parroquia, mientras que el convento tuvo diferentes usos hasta que se construy\u00f3 la casa Cabrisses de estilo colonial, m\u00e1s tarde reemplazada por el edificio de correos. El jard\u00edn, por otro lado, fue urbanizado a partir de 1865.<\/p>\n<p>\u00a0<\/p>\n<p>Durante julio de 1936, en los primeros d\u00edas de la Guerra Civil, la iglesia fue saqueada y cerrada, por lo que las im\u00e1genes y retablos y \u00f3rgano, obra del \u00f3rgano suizo Johann Kyburz (1813) se perdieron. Justo acabada, y mientras la catedral estaba en obras, acogi\u00f3 el culto catedralicio volviendo a partir de 1941 a desarrollar s\u00f3lo las funciones de iglesia parroquial.<\/p>\n\n\t\t<\/div>\n\t<\/div>\n<div class=\"vc_row wpb_row vc_inner vc_row-fluid\"><div class=\"wpb_column vc_column_container vc_col-sm-3\"><div class=\"vc_column-inner\"><div class=\"wpb_wrapper\"><\/div><\/div><\/div><div class=\"wpb_column vc_column_container vc_col-sm-6\"><div class=\"vc_column-inner\"><div class=\"wpb_wrapper\">\t\n\t\t\t<a class=\"btn-icon\" href=\"https:\/\/youtu.be\/mXKsLVWmxYs\" title=\"PEDRES AMB HISTORIA\" target=\"_blank\" rel=\"noopener\"><i class=\"fab fa-youtube\"><\/i>PEDRES AMB HISTORIA<\/a>\t<\/div><\/div><\/div><div class=\"wpb_column vc_column_container vc_col-sm-3\"><div class=\"vc_column-inner\"><div class=\"wpb_wrapper\"><\/div><\/div><\/div><\/div><\/div><\/div><\/div><\/div><\/div><\/section><section class=\"wpb_row vc_row-fluid\"><div class=\"container\"><div class=\"row\"><div class=\"wpb_column vc_column_container vc_col-sm-12\"><div class=\"vc_column-inner\"  ><div class=\"wpb_wrapper\">\n            <div \n                class=\"elfsight-widget-social-share-buttons elfsight-widget\" \n                data-elfsight-social-share-buttons-options=\"%7B%22items%22%3A%5B%7B%22network%22%3A%22facebook%22%2C%22buttonText%22%3A%22Facebook%22%7D%2C%7B%22network%22%3A%22fb-messenger%22%2C%22buttonText%22%3A%22Messenger%22%7D%2C%7B%22network%22%3A%22whatsapp%22%2C%22buttonText%22%3A%22WhatsApp%22%7D%2C%7B%22network%22%3A%22telegram%22%2C%22buttonText%22%3A%22Telegram%22%7D%2C%7B%22network%22%3A%22%22%2C%22buttonText%22%3Anull%7D%5D%2C%22moreToggle%22%3Atrue%2C%22msgMore%22%3A%22M%5Cu00e1s%22%2C%22msgClose%22%3A%22Cerrar%22%2C%22customUrl%22%3A%22%22%2C%22location%22%3A%22inline%22%2C%22position%22%3A%22center%22%2C%22columns%22%3A%22auto%22%2C%22gutter%22%3A12%2C%22hideOnMobile%22%3Afalse%2C%22elements%22%3A%5B%22icon%22%2C%22text%22%5D%2C%22shape%22%3A%22rounded%22%2C%22width%22%3A%22auto%22%2C%22style%22%3A%22default%22%2C%22iconColor%22%3A%22white%22%2C%22bgColor%22%3A%22native%22%2C%22iconColorOnHover%22%3A%22white%22%2C%22bgColorOnHover%22%3A%22black%22%2C%22animation%22%3A%22zoom%22%2C%22transparency%22%3A100%2C%22transparencyOnHover%22%3A100%2C%22widgetId%22%3A%221%22%7D\" \n                data-elfsight-social-share-buttons-version=\"1.6.0\"\n                data-elfsight-widget-id=\"elfsight-social-share-buttons-1\">\n            <\/div>\n            <\/div><\/div><\/div><\/div><\/div><\/section>\n<\/div>","protected":false},"excerpt":{"rendered":"Nuestra Parroquia &nbsp; La parroquia de \u00abSant Francesc\u00bb de Ciutadella tiene sus or\u00edgenes en el convento de frailes menores o franciscanos fundado por Alfonso III de Arag\u00f3n justo despu\u00e9s de [...]","protected":false},"author":3,"featured_media":0,"parent":0,"menu_order":0,"comment_status":"closed","ping_status":"closed","template":"page-templates\/template-fullwidth.php","meta":{"rs_blank_template":"","rs_page_bg_color":"#ffffff","slide_template_v7":"","footnotes":""},"class_list":["post-325","page","type-page","status-publish","hentry"],"_links":{"self":[{"href":"https:\/\/sant-francesc.eu\/ca\/wp-json\/wp\/v2\/pages\/325","targetHints":{"allow":["GET"]}}],"collection":[{"href":"https:\/\/sant-francesc.eu\/ca\/wp-json\/wp\/v2\/pages"}],"about":[{"href":"https:\/\/sant-francesc.eu\/ca\/wp-json\/wp\/v2\/types\/page"}],"author":[{"embeddable":true,"href":"https:\/\/sant-francesc.eu\/ca\/wp-json\/wp\/v2\/users\/3"}],"replies":[{"embeddable":true,"href":"https:\/\/sant-francesc.eu\/ca\/wp-json\/wp\/v2\/comments?post=325"}],"version-history":[{"count":0,"href":"https:\/\/sant-francesc.eu\/ca\/wp-json\/wp\/v2\/pages\/325\/revisions"}],"wp:attachment":[{"href":"https:\/\/sant-francesc.eu\/ca\/wp-json\/wp\/v2\/media?parent=325"}],"curies":[{"name":"wp","href":"https:\/\/api.w.org\/{rel}","templated":true}]}}