{"id":5110,"date":"2026-05-06T06:26:26","date_gmt":"2026-05-06T04:26:26","guid":{"rendered":"https:\/\/sant-francesc.eu\/?page_id=5110"},"modified":"2026-05-06T07:56:38","modified_gmt":"2026-05-06T05:56:38","slug":"confirmacion-catolica-significado-preparacion","status":"publish","type":"page","link":"https:\/\/sant-francesc.eu\/ca\/sacramentos-de-la-iglesia\/confirmacion-catolica-significado-preparacion\/","title":{"rendered":"Confirmaci\u00f3n Cat\u00f3lica: Qu\u00e9 es, Significado, S\u00edmbolos y Preparaci\u00f3n"},"content":{"rendered":"<div class=\"wpb-content-wrapper\"><section class=\"wpb_row vc_row-fluid\"><div class=\"container\"><div class=\"row\"><div class=\"wpb_column vc_column_container vc_col-sm-12\"><div class=\"vc_column-inner \"  ><div class=\"wpb_wrapper\">\n\t<div class=\"wpb_text_column wpb_content_element\" >\n\t\t<div class=\"wpb_wrapper\">\n\t\t\t<div id=\"model-response-message-contentr_035eb714dd57b6af\" class=\"markdown markdown-main-panel enable-updated-hr-color\" dir=\"ltr\" aria-live=\"polite\" aria-busy=\"false\">\n<h1 data-path-to-node=\"4\">Confirmaci\u00f3n: qu\u00e9 es, significado, s\u00edmbolos y preparaci\u00f3n en la Iglesia cat\u00f3lica<\/h1>\n<p data-path-to-node=\"5\">Si est\u00e1s buscando informaci\u00f3n sobre los sacramentos de iniciaci\u00f3n cristiana, es probable que te preguntes exactamente <b data-path-to-node=\"5\" data-index-in-node=\"118\">qu\u00e9 es la Confirmaci\u00f3n<\/b>. Este paso fundamental en la vida de todo creyente marca un antes y un despu\u00e9s en su camino espiritual, consolidando la fe recibida en el Bautismo.<\/p>\n<p data-path-to-node=\"6\">En este art\u00edculo, te explicamos en detalle qu\u00e9 significa este sacramento, cu\u00e1les son los s\u00edmbolos que lo acompa\u00f1an durante la liturgia y c\u00f3mo es el proceso de preparaci\u00f3n en la Iglesia cat\u00f3lica.<\/p>\n<h2 data-path-to-node=\"7\">\u00bfQu\u00e9 es el sacramento de la Confirmaci\u00f3n?<\/h2>\n<p data-path-to-node=\"8\">La <b data-path-to-node=\"8\" data-index-in-node=\"3\">Confirmaci\u00f3n<\/b> es uno de los siete sacramentos de la Iglesia cat\u00f3lica y, junto con el Bautismo y la Eucarist\u00eda, conforma los llamados \u00absacramentos de iniciaci\u00f3n cristiana\u00bb.<\/p>\n<p data-path-to-node=\"9\">A trav\u00e9s de este sacramento, el fiel cat\u00f3lico recibe una efusi\u00f3n especial del <b data-path-to-node=\"9\" data-index-in-node=\"78\">Esp\u00edritu Santo<\/b>. Es el momento en el que la persona, generalmente tras haber alcanzado un nivel de madurez o uso de raz\u00f3n, afirma por voluntad propia su deseo de pertenecer a la Iglesia, \u00abconfirmando\u00bb las promesas que sus padres y padrinos hicieron por \u00e9l durante su bautismo.<\/p>\n<h2 data-path-to-node=\"10\">El profundo significado de la Confirmaci\u00f3n en la fe cat\u00f3lica<\/h2>\n<p data-path-to-node=\"11\">El significado central de la Confirmaci\u00f3n radica en el fortalecimiento espiritual. Al igual que los ap\u00f3stoles recibieron el Esp\u00edritu Santo en Pentecost\u00e9s, el confirmado recibe los dones necesarios para vivir plenamente su fe.<\/p>\n<p data-path-to-node=\"12\">Recibir la Confirmaci\u00f3n implica:<\/p>\n<ul data-path-to-node=\"13\">\n<li>\n<p data-path-to-node=\"13,0,0\"><b data-path-to-node=\"13,0,0\" data-index-in-node=\"0\">Plena integraci\u00f3n en la Iglesia:<\/b> El creyente se une m\u00e1s \u00edntimamente a la comunidad cristiana.<\/p>\n<\/li>\n<li>\n<p data-path-to-node=\"13,1,0\"><b data-path-to-node=\"13,1,0\" data-index-in-node=\"0\">Madurez espiritual:<\/b> Se considera el paso a la \u00abadultez\u00bb en la fe cat\u00f3lica.<\/p>\n<\/li>\n<li>\n<p data-path-to-node=\"13,2,0\"><b data-path-to-node=\"13,2,0\" data-index-in-node=\"0\">Compromiso activo:<\/b> El confirmado asume la responsabilidad de defender, difundir y dar testimonio de su fe mediante la palabra y la obra.<\/p>\n<\/li>\n<\/ul>\n<h2 data-path-to-node=\"14\">S\u00edmbolos de la Confirmaci\u00f3n: El rito paso a paso<\/h2>\n<p data-path-to-node=\"15\">El rito de la Confirmaci\u00f3n est\u00e1 lleno de elementos visuales y acciones lit\u00fargicas que expresan realidades espirituales profundas. Los tres <b data-path-to-node=\"15\" data-index-in-node=\"139\">s\u00edmbolos de la Confirmaci\u00f3n<\/b> m\u00e1s importantes son:<\/p>\n<h3 data-path-to-node=\"16\">1. La imposici\u00f3n de las manos<\/h3>\n<p data-path-to-node=\"17\">El obispo (o el sacerdote delegado) extiende sus manos sobre los confirmandos. Este gesto b\u00edblico es el s\u00edmbolo principal de la transmisi\u00f3n del Esp\u00edritu Santo y representa una bendici\u00f3n mediante la cual se invocan los siete dones: sabidur\u00eda, inteligencia, consejo, fortaleza, ciencia, piedad y temor de Dios.<\/p>\n<h3 data-path-to-node=\"18\">2. La unci\u00f3n con el Santo Crisma<\/h3>\n<p data-path-to-node=\"19\">El Crisma es un aceite perfumado, consagrado previamente por el obispo el Jueves Santo. Durante el rito, se unge la frente del confirmando haciendo la se\u00f1al de la cruz. El aceite simboliza la abundancia de la gracia, la fuerza y la \u00abmarca\u00bb o sello espiritual indeleble que el cristiano recibe para siempre.<\/p>\n<h3 data-path-to-node=\"20\">3. Las palabras del rito y el saludo de paz<\/h3>\n<p data-path-to-node=\"21\">Mientras unge al fiel, el obispo pronuncia la f\u00f3rmula: <i data-path-to-node=\"21\" data-index-in-node=\"55\">\u00abRecibe por esta se\u00f1al el don del Esp\u00edritu Santo\u00bb<\/i>. Posteriormente, le da la paz, lo que simboliza la comuni\u00f3n eclesial del creyente con el obispo y con todos los fieles.<\/p>\n<h2 data-path-to-node=\"22\">\u00bfC\u00f3mo es la preparaci\u00f3n para la Confirmaci\u00f3n?<\/h2>\n<p data-path-to-node=\"23\">Dado que es un paso de compromiso consciente, la <b data-path-to-node=\"23\" data-index-in-node=\"49\">preparaci\u00f3n para la Confirmaci\u00f3n<\/b> requiere un tiempo de formaci\u00f3n, conocido como catequesis. Esta etapa est\u00e1 dise\u00f1ada para que el candidato (confirmando) profundice en su relaci\u00f3n con Dios y entienda las responsabilidades de la vida cristiana.<\/p>\n<h3 data-path-to-node=\"24\">La Catequesis de Confirmaci\u00f3n<\/h3>\n<p data-path-to-node=\"25\">Dependiendo de la di\u00f3cesis y la parroquia, el curso de preparaci\u00f3n puede durar entre uno y tres a\u00f1os. Durante este tiempo, los candidatos:<\/p>\n<ul data-path-to-node=\"26\">\n<li>\n<p data-path-to-node=\"26,0,0\">Estudian las Sagradas Escrituras y el Catecismo.<\/p>\n<\/li>\n<li>\n<p data-path-to-node=\"26,1,0\">Participan activamente en la misa dominical y en la vida parroquial.<\/p>\n<\/li>\n<li>\n<p data-path-to-node=\"26,2,0\">Realizan retiros espirituales y obras de caridad.<\/p>\n<\/li>\n<li>\n<p data-path-to-node=\"26,3,0\">Se preparan a trav\u00e9s del sacramento de la Reconciliaci\u00f3n (confesi\u00f3n) d\u00edas antes de la ceremonia para recibir el Esp\u00edritu Santo en estado de gracia.<\/p>\n<\/li>\n<\/ul>\n<h3 data-path-to-node=\"27\">La elecci\u00f3n del Padrino o Madrina<\/h3>\n<p data-path-to-node=\"28\">Un aspecto fundamental de la preparaci\u00f3n es la elecci\u00f3n del padrino o madrina. Su funci\u00f3n es acompa\u00f1ar al candidato en su camino de fe, no solo durante la ceremonia, sino el resto de su vida.<\/p>\n<p data-path-to-node=\"29\"><b data-path-to-node=\"29\" data-index-in-node=\"0\">Requisitos para ser padrino o madrina de Confirmaci\u00f3n:<\/b><\/p>\n<ul data-path-to-node=\"30\">\n<li>\n<p data-path-to-node=\"30,0,0\">Ser mayor de 16 a\u00f1os (salvo excepciones del p\u00e1rroco).<\/p>\n<\/li>\n<li>\n<p data-path-to-node=\"30,1,0\">Ser un cat\u00f3lico practicante que haya recibido los tres sacramentos de iniciaci\u00f3n (Bautismo, Comuni\u00f3n y Confirmaci\u00f3n).<\/p>\n<\/li>\n<li>\n<p data-path-to-node=\"30,2,0\">Llevar una vida coherente con la fe y la misi\u00f3n que va a asumir.<\/p>\n<\/li>\n<\/ul>\n<h2 data-path-to-node=\"31\">Conclusi\u00f3n: Un sello imborrable<\/h2>\n<p data-path-to-node=\"32\">En resumen, la <b data-path-to-node=\"32\" data-index-in-node=\"15\">Confirmaci\u00f3n<\/b> no es un mero tr\u00e1mite de graduaci\u00f3n parroquial, sino un encuentro personal con el Esp\u00edritu Santo. Conocer su significado, comprender sus s\u00edmbolos y llevar a cabo una preparaci\u00f3n adecuada es vital para que este sacramento d\u00e9 frutos reales en el d\u00eda a d\u00eda del cristiano.<\/p>\n<p data-path-to-node=\"33\">Si est\u00e1s pensando en confirmarte o tienes a un hijo en edad de catequesis, ac\u00e9rcate a tu parroquia local para conocer los horarios y grupos disponibles. \u00a1Es el momento perfecto para renovar tu compromiso de fe!<\/p>\n<p>\u00a0<\/p>\n<\/div>\n\n\t\t<\/div>\n\t<\/div>\n<div class=\"vc_empty_space\"   style=\"height: 64px\"><span class=\"vc_empty_space_inner\"><\/span><\/div><\/div><\/div><\/div><\/div><\/div><\/section><section class=\"wpb_row vc_row-fluid\"><div class=\"container\"><div class=\"row\"><div class=\"wpb_column vc_column_container vc_col-sm-12\"><div class=\"vc_column-inner \"  ><div class=\"wpb_wrapper\">\n            <div \n                class=\"elfsight-widget-social-share-buttons elfsight-widget\" \n                data-elfsight-social-share-buttons-options=\"%7B%22items%22%3A%5B%7B%22network%22%3A%22facebook%22%2C%22buttonText%22%3A%22Facebook%22%7D%2C%7B%22network%22%3A%22fb-messenger%22%2C%22buttonText%22%3A%22Messenger%22%7D%2C%7B%22network%22%3A%22whatsapp%22%2C%22buttonText%22%3A%22WhatsApp%22%7D%2C%7B%22network%22%3A%22telegram%22%2C%22buttonText%22%3A%22Telegram%22%7D%2C%7B%22network%22%3A%22%22%2C%22buttonText%22%3Anull%7D%5D%2C%22moreToggle%22%3Atrue%2C%22msgMore%22%3A%22M%5Cu00e1s%22%2C%22msgClose%22%3A%22Cerrar%22%2C%22customUrl%22%3A%22%22%2C%22location%22%3A%22inline%22%2C%22position%22%3A%22center%22%2C%22columns%22%3A%22auto%22%2C%22gutter%22%3A12%2C%22hideOnMobile%22%3Afalse%2C%22elements%22%3A%5B%22icon%22%2C%22text%22%5D%2C%22shape%22%3A%22rounded%22%2C%22width%22%3A%22auto%22%2C%22style%22%3A%22default%22%2C%22iconColor%22%3A%22white%22%2C%22bgColor%22%3A%22native%22%2C%22iconColorOnHover%22%3A%22white%22%2C%22bgColorOnHover%22%3A%22black%22%2C%22animation%22%3A%22zoom%22%2C%22transparency%22%3A100%2C%22transparencyOnHover%22%3A100%2C%22widgetId%22%3A%221%22%7D\" \n                data-elfsight-social-share-buttons-version=\"1.6.0\"\n                data-elfsight-widget-id=\"elfsight-social-share-buttons-1\">\n            <\/div>\n            <\/div><\/div><\/div><\/div><\/div><\/section><section class=\"wpb_row vc_row-fluid\"><div class=\"container\"><div class=\"row\"><div class=\"wpb_column vc_column_container vc_col-sm-12\"><div class=\"vc_column-inner \"  ><div class=\"wpb_wrapper\">\n<div class=\"vc-zigzag-wrapper vc-zigzag-align-center\"><div class=\"vc-zigzag-inner\" style=\"width: 100%;min-height: 14px;background: 0 repeat-x url(&#039;data:image\/svg+xml;utf-8,%3C%3Fxml%20version%3D%221.0%22%20encoding%3D%22utf-8%22%3F%3E%3C%21DOCTYPE%20svg%20PUBLIC%20%22-%2F%2FW3C%2F%2FDTD%20SVG%201.1%2F%2FEN%22%20%22http%3A%2F%2Fwww.w3.org%2FGraphics%2FSVG%2F1.1%2FDTD%2Fsvg11.dtd%22%3E%3Csvg%20width%3D%2214px%22%20height%3D%2212px%22%20viewBox%3D%220%200%2018%2015%22%20version%3D%221.1%22%20xmlns%3D%22http%3A%2F%2Fwww.w3.org%2F2000%2Fsvg%22%20xmlns%3Axlink%3D%22http%3A%2F%2Fwww.w3.org%2F1999%2Fxlink%22%3E%3Cpolygon%20id%3D%22Combined-Shape%22%20fill%3D%22%23ebebeb%22%20points%3D%228.98762301%200%200%209.12771969%200%2014.519983%209%205.40479869%2018%2014.519983%2018%209.12771969%22%3E%3C%2Fpolygon%3E%3C%2Fsvg%3E&#039;);\"><\/div><\/div><\/div><\/div><\/div><\/div><\/div><\/section><section class=\"wpb_row vc_row-fluid\"><div class=\"container\"><div class=\"row\"><div class=\"wpb_column vc_column_container vc_col-sm-12\"><div class=\"vc_column-inner \"  ><div class=\"wpb_wrapper\">\t\n\n    <div class=\"fx custom-carousel-1\">\n\t    \t    \t\t            <div class=\"item\">\n\t                <div class=\"overlay\">\n\t                    <span class=\"time\">maig 17, 2026<\/span>\n\t                    <h3><a href=\"https:\/\/sant-francesc.eu\/ca\/evento\/la-ascension-del-senor-2026\/\">La Ascensi\u00f3n del Se\u00f1or 2026<\/a><\/h3>\n\t                    <span class=\"desc\">El\u00a0D\u00eda de la Ascensi\u00f3n\u00a0es una\u00a0solemnidad\u00a0cristiana\u00a0que se celebra cuarenta d\u00edas despu\u00e9s del\u00a0domingo de resurrecci\u00f3n\u00a0(durante el\u00a0Tiempo pascual) y que conmemora la\u00a0ascensi\u00f3n de Jesucristo\u00a0al cielo en presencia de sus disc\u00edpulos tras anunciarles que [\u2026]<\/span>\n\t                <\/div>\n\t                <img decoding=\"async\" width=\"640\" height=\"480\" src=\"https:\/\/sant-francesc.eu\/wp-content\/uploads\/2025\/09\/Ascension-del-Senor-1-640x480.jpg\" class=\"attachment-events-homepage-thumb size-events-homepage-thumb wp-post-image\" alt=\"\" title=\"\">\t            <\/div>\n\t        \t            <div class=\"item\">\n\t                <div class=\"overlay\">\n\t                    <span class=\"time\">maig 24, 2026<\/span>\n\t                    <h3><a href=\"https:\/\/sant-francesc.eu\/ca\/evento\/pentecostes-2026\/\">Pentecost\u00e9s 2026<\/a><\/h3>\n\t                    <span class=\"desc\">Pentecost\u00e9s (del griego \u03c0\u03b5\u03bd\u03c4\u03b7\u03ba\u03bf\u03c3\u03c4\u03ae pent\u0113kost\u1e17 \u2018quincuag\u00e9simo\u2019) es el t\u00e9rmino con el que se define la fiesta cristiana del quincuag\u00e9simo d\u00eda del Tiempo de Pascua.\u200b Se trata de una festividad que [\u2026]<\/span>\n\t                <\/div>\n\t                <img decoding=\"async\" width=\"640\" height=\"480\" src=\"https:\/\/sant-francesc.eu\/wp-content\/uploads\/2024\/05\/Pentecostes-050516-640x480.webp\" class=\"attachment-events-homepage-thumb size-events-homepage-thumb wp-post-image\" alt=\"\" title=\"\">\t            <\/div>\n\t        \t            <div class=\"item\">\n\t                <div class=\"overlay\">\n\t                    <span class=\"time\">maig 31, 2026<\/span>\n\t                    <h3><a href=\"https:\/\/sant-francesc.eu\/ca\/evento\/santisima-trinidad-2026\/\">Sant\u00edsima Trinidad 2026<\/a><\/h3>\n\t                    <span class=\"desc\">Solemnidad de la Sant\u00edsima Trinidad, misterio central de la fe cristiana. 1. La palabra Trinidad nace del lat\u00edn Proviene de la palabra latina \u201ctrinitas\u201d, que significa \u201ctres\u201d y \u201ctriada\u201d. El [\u2026]<\/span>\n\t                <\/div>\n\t                <img decoding=\"async\" width=\"640\" height=\"450\" src=\"https:\/\/sant-francesc.eu\/wp-content\/uploads\/2024\/05\/SantisimaTrinidad-640x450.webp\" class=\"attachment-events-homepage-thumb size-events-homepage-thumb wp-post-image\" alt=\"\" title=\"\">\t            <\/div>\n\t        \t            <div class=\"item\">\n\t                <div class=\"overlay\">\n\t                    <span class=\"time\">juny 7, 2026<\/span>\n\t                    <h3><a href=\"https:\/\/sant-francesc.eu\/ca\/evento\/corpus-christi-2026\/\">Corpus Christi 2026<\/a><\/h3>\n\t                    <span class=\"desc\">El Cuerpo y la Sangre Sant\u00edsimos de Cristo Corpus Christi (\u2018cuerpo de Cristo\u2019) o Solemnidad del Cuerpo y la Sangre de Cristo, antes llamada Corpus Domini (\u2018cuerpo del Se\u00f1or\u2019), es [\u2026]<\/span>\n\t                <\/div>\n\t                <img decoding=\"async\" width=\"640\" height=\"480\" src=\"https:\/\/sant-francesc.eu\/wp-content\/uploads\/2024\/06\/Solemnidad-del-Corpus-Christi-2-de-junio-640x480.webp\" class=\"attachment-events-homepage-thumb size-events-homepage-thumb wp-post-image\" alt=\"\" title=\"\">\t            <\/div>\n\t         \n\t           \n    <\/div>\n\n<\/div><\/div><\/div><\/div><\/div><\/section>\n<\/div>","protected":false},"excerpt":{"rendered":"El Cuerpo y la Sangre Sant\u00edsimos de Cristo Corpus Christi (\u2018cuerpo de Cristo\u2019) o Solemnidad del Cuerpo y la Sangre de Cristo, antes llamada Corpus Domini (\u2018cuerpo del Se\u00f1or\u2019), es [...]","protected":false},"author":3,"featured_media":0,"parent":928,"menu_order":0,"comment_status":"closed","ping_status":"closed","template":"page-templates\/template-fullwidth.php","meta":{"rs_blank_template":"","rs_page_bg_color":"","slide_template_v7":"","footnotes":""},"class_list":["post-5110","page","type-page","status-publish","hentry","cat_calendario-liturgico-2026"],"_links":{"self":[{"href":"https:\/\/sant-francesc.eu\/ca\/wp-json\/wp\/v2\/pages\/5110","targetHints":{"allow":["GET"]}}],"collection":[{"href":"https:\/\/sant-francesc.eu\/ca\/wp-json\/wp\/v2\/pages"}],"about":[{"href":"https:\/\/sant-francesc.eu\/ca\/wp-json\/wp\/v2\/types\/page"}],"author":[{"embeddable":true,"href":"https:\/\/sant-francesc.eu\/ca\/wp-json\/wp\/v2\/users\/3"}],"replies":[{"embeddable":true,"href":"https:\/\/sant-francesc.eu\/ca\/wp-json\/wp\/v2\/comments?post=5110"}],"version-history":[{"count":19,"href":"https:\/\/sant-francesc.eu\/ca\/wp-json\/wp\/v2\/pages\/5110\/revisions"}],"predecessor-version":[{"id":5129,"href":"https:\/\/sant-francesc.eu\/ca\/wp-json\/wp\/v2\/pages\/5110\/revisions\/5129"}],"up":[{"embeddable":true,"href":"https:\/\/sant-francesc.eu\/ca\/wp-json\/wp\/v2\/pages\/928"}],"wp:attachment":[{"href":"https:\/\/sant-francesc.eu\/ca\/wp-json\/wp\/v2\/media?parent=5110"}],"curies":[{"name":"wp","href":"https:\/\/api.w.org\/{rel}","templated":true}]}}