{"id":534,"date":"2020-11-13T19:05:37","date_gmt":"2020-11-13T18:05:37","guid":{"rendered":"https:\/\/sant-francesc.eu\/?page_id=534"},"modified":"2021-01-04T10:45:46","modified_gmt":"2021-01-04T09:45:46","slug":"cofradia-jesus-de-nazaret-y-penitentes","status":"publish","type":"page","link":"https:\/\/sant-francesc.eu\/ca\/cofradia-jesus-de-nazaret-y-penitentes\/","title":{"rendered":"Cofrad\u00eda Jesus de Nazaret y Penitentes"},"content":{"rendered":"<div class=\"wpb-content-wrapper\"><section class=\"wpb_row vc_row-fluid\"><div class=\"container\"><div class=\"row\"><div class=\"wpb_column vc_column_container vc_col-sm-12\"><div class=\"vc_column-inner \"  ><div class=\"wpb_wrapper\">\n\t<div class=\"wpb_text_column wpb_content_element\" >\n\t\t<div class=\"wpb_wrapper\">\n\t\t\t<p>La cofrad\u00eda de \u201cJes\u00fas Natzar\u00e8\u201d, fue fundada el a\u00f1o 1944 a instancias del Obispo Bartomeu Pascual Marroig. Es la primera cofrad\u00eda de Ciutadella en participar en los actos de Semana Santa, despu\u00e9s de m\u00e1s de 50 a\u00f1os en que las cofrad\u00edas de \u201ccapirotes\u201d, no participaban en las procesiones de \u201cSemana Santa\u201d. La formaban 24 cofrades \u201cFundadores\u201d. Su primera salida fue a la procesi\u00f3n del Domingo de Ramos de 1.944.<\/p>\n\n\t\t<\/div>\n\t<\/div>\n<div class=\"vc_row wpb_row vc_inner vc_row-fluid\"><div class=\"wpb_column vc_column_container vc_col-sm-8\"><div class=\"vc_column-inner\"><div class=\"wpb_wrapper\">\n\t<div class=\"wpb_text_column wpb_content_element\" >\n\t\t<div class=\"wpb_wrapper\">\n\t\t\t<p>Las andas del paso que llevan la Imagen de \u201cJes\u00fas Natzar\u00e8\u201d, fueron construidas en el taller de Jaume Arnau, de Ciutadella, y est\u00e1n atravesadas por 8 varas. La imagen fue realizada en el taller de \u201cArtes Religiosas\u201d d\u2019Olot (Gerona).<\/p>\n\n\t\t<\/div>\n\t<\/div>\n<\/div><\/div><\/div><div class=\"wpb_column vc_column_container vc_col-sm-4\"><div class=\"vc_column-inner\"><div class=\"wpb_wrapper\">\n\t<div  class=\"wpb_single_image wpb_content_element vc_align_center wpb_content_element wpb_animate_when_almost_visible wpb_fadeInUp fadeInUp\">\n\t\t\n\t\t<figure class=\"wpb_wrapper vc_figure\">\n\t\t\t<a class=\"\" data-lightbox=\"lightbox[rel-534-3943578004]\" href=\"https:\/\/sant-francesc.eu\/wp-content\/uploads\/2020\/11\/1944_2-300x173-1.jpg\" target=\"_self\" class=\"vc_single_image-wrapper vc_box_outline  vc_box_border_grey\"><img decoding=\"async\" width=\"300\" height=\"173\" src=\"https:\/\/sant-francesc.eu\/wp-content\/uploads\/2020\/11\/1944_2-300x173-1.jpg\" class=\"vc_single_image-img attachment-full\" alt=\"\" title=\"1944_2-300x173\"><\/a>\n\t\t<\/figure>\n\t<\/div>\n<\/div><\/div><\/div><\/div><div class=\"vc_row wpb_row vc_inner vc_row-fluid\"><div class=\"wpb_column vc_column_container vc_col-sm-3\"><div class=\"vc_column-inner\"><div class=\"wpb_wrapper\">\n\t<div  class=\"wpb_single_image wpb_content_element vc_align_center wpb_content_element wpb_animate_when_almost_visible wpb_fadeInUp fadeInUp\">\n\t\t\n\t\t<figure class=\"wpb_wrapper vc_figure\">\n\t\t\t<a class=\"\" data-lightbox=\"lightbox[rel-534-2208233929]\" href=\"https:\/\/sant-francesc.eu\/wp-content\/uploads\/2020\/11\/1952100660_n-250x300-1.jpg\" target=\"_self\" class=\"vc_single_image-wrapper vc_box_outline  vc_box_border_grey\"><img decoding=\"async\" width=\"250\" height=\"300\" src=\"https:\/\/sant-francesc.eu\/wp-content\/uploads\/2020\/11\/1952100660_n-250x300-1.jpg\" class=\"vc_single_image-img attachment-full\" alt=\"\" title=\"1952100660_n-250x300\"><\/a>\n\t\t<\/figure>\n\t<\/div>\n<\/div><\/div><\/div><div class=\"wpb_column vc_column_container vc_col-sm-9\"><div class=\"vc_column-inner\"><div class=\"wpb_wrapper\">\n\t<div class=\"wpb_text_column wpb_content_element\" >\n\t\t<div class=\"wpb_wrapper\">\n\t\t\t<p>Preside al frente de la Cofrad\u00eda una cruz negra de le\u00f1a, la antigua ten\u00eda los extremos plateados, con las insignias de los nazarenos doradas y colocadas en el centro de la cruz.<br \/>\nLe segu\u00edan tres varas, la primera, que ostenta la insignia de los cofrades, es llevada por el \u201cConfrare Major\u201d, las otras dos, con otros emblemas de la Pasi\u00f3n, para el Secretario y el Tesorero.<\/p>\n\n\t\t<\/div>\n\t<\/div>\n<\/div><\/div><\/div><\/div><div class=\"vc_row wpb_row vc_inner vc_row-fluid\"><div class=\"wpb_column vc_column_container vc_col-sm-8\"><div class=\"vc_column-inner\"><div class=\"wpb_wrapper\">\n\t<div class=\"wpb_text_column wpb_content_element\" >\n\t\t<div class=\"wpb_wrapper\">\n\t\t\t<p>Los cofrades, van vestidos de t\u00fanica blanca (blanco natural) con botones de terciopelo morado, ce\u00f1ida al cuerpo por un cord\u00f3n del mismo color. El capirote es recubierto de terciopelo morado (el mismo que los botones) y es acabado de forma ovalada, figurando en el mismo y encima del pecho los emblemas de la Pasi\u00f3n: clavos y corona de espinas. Los emblemas destacan a colores, tonos grises los clavos y verde la corona de espinas, encima de un fondo blanco recortado con forma de cruz redondeada. Los zapatos negros y los guantes blancos complementan la vestimenta.<\/p>\n\n\t\t<\/div>\n\t<\/div>\n<\/div><\/div><\/div><div class=\"wpb_column vc_column_container vc_col-sm-4\"><div class=\"vc_column-inner\"><div class=\"wpb_wrapper\">\n\t<div  class=\"wpb_single_image wpb_content_element vc_align_center wpb_content_element wpb_animate_when_almost_visible wpb_fadeInUp fadeInUp\">\n\t\t\n\t\t<figure class=\"wpb_wrapper vc_figure\">\n\t\t\t<a class=\"\" data-lightbox=\"lightbox[rel-534-79114727]\" href=\"https:\/\/sant-francesc.eu\/wp-content\/uploads\/2020\/11\/392799.h-147x300-1.jpg\" target=\"_self\" class=\"vc_single_image-wrapper vc_box_outline  vc_box_border_grey\"><img decoding=\"async\" width=\"147\" height=\"300\" src=\"https:\/\/sant-francesc.eu\/wp-content\/uploads\/2020\/11\/392799.h-147x300-1.jpg\" class=\"vc_single_image-img attachment-full\" alt=\"\" title=\"392799.h-147x300\"><\/a>\n\t\t<\/figure>\n\t<\/div>\n<\/div><\/div><\/div><\/div><div class=\"vc_row wpb_row vc_inner vc_row-fluid\"><div class=\"wpb_column vc_column_container vc_col-sm-3\"><div class=\"vc_column-inner\"><div class=\"wpb_wrapper\">\n\t<div  class=\"wpb_single_image wpb_content_element vc_align_center wpb_content_element wpb_animate_when_almost_visible wpb_fadeInUp fadeInUp\">\n\t\t\n\t\t<figure class=\"wpb_wrapper vc_figure\">\n\t\t\t<a class=\"\" data-lightbox=\"lightbox[rel-534-3066464012]\" href=\"https:\/\/sant-francesc.eu\/wp-content\/uploads\/2020\/11\/penitent-160x300-1.jpg\" target=\"_self\" class=\"vc_single_image-wrapper vc_box_outline  vc_box_border_grey\"><img decoding=\"async\" width=\"160\" height=\"300\" src=\"https:\/\/sant-francesc.eu\/wp-content\/uploads\/2020\/11\/penitent-160x300-1.jpg\" class=\"vc_single_image-img attachment-full\" alt=\"\" title=\"penitent-160x300\"><\/a>\n\t\t<\/figure>\n\t<\/div>\n<\/div><\/div><\/div><div class=\"wpb_column vc_column_container vc_col-sm-9\"><div class=\"vc_column-inner\"><div class=\"wpb_wrapper\">\n\t<div class=\"wpb_text_column wpb_content_element\" >\n\t\t<div class=\"wpb_wrapper\">\n\t\t\t<p>Pasados pocos a\u00f1os se cre\u00f3 otra secci\u00f3n de hermanos cofrades dentro de la misma cofrad\u00eda, son los \u201cPenitentes\u201d. Los penitentes van vestidos con t\u00fanica y capucha negra. La capucha les cae encima de la espalda, ya que no llevan el cucurucho de cart\u00f3n o de pl\u00e1stico que aguanta la forma del capirote. El cintur\u00f3n de esparto, guantes negros y alpargatas catalanas negras con cintas negras son el resto de su vestimenta. Al hombro llevan una cruz negra.<\/p>\n\n\t\t<\/div>\n\t<\/div>\n<\/div><\/div><\/div><\/div><div class=\"vc_row wpb_row vc_inner vc_row-fluid\"><div class=\"wpb_column vc_column_container vc_col-sm-12\"><div class=\"vc_column-inner\"><div class=\"wpb_wrapper\">\n\t<div class=\"wpb_text_column wpb_content_element\" >\n\t\t<div class=\"wpb_wrapper\">\n\t\t\t<p>A finales de los a\u00f1os 90 y despu\u00e9s de varios avisos por parte de los sucesivos rectores de la parroquia, de que la cofrad\u00eda no pod\u00eda seguir con aquella din\u00e1mica de dejadez, un grupo de cofrades se implicaron, formando a una gestora, para intentar recomponer la cofrad\u00eda y darle la dignidad y la seriedad que se merece. A partir de aqu\u00ed se aprobaron los actuales estatutos y el 10\/10\/01 es nombra la nueva Junta Directiva, saliendo elegido como presidente o Hermano mayor:\u00a0<em><strong>Pedro Pons Cort\u00e9s<\/strong><\/em>.<\/p>\n\n\t\t<\/div>\n\t<\/div>\n<\/div><\/div><\/div><\/div><div class=\"vc_row wpb_row vc_inner vc_row-fluid\"><div class=\"wpb_column vc_column_container vc_col-sm-12\"><div class=\"vc_column-inner\"><div class=\"wpb_wrapper\">\n\t<div class=\"wpb_text_column wpb_content_element\" >\n\t\t<div class=\"wpb_wrapper\">\n\t\t\t<p>Poco a poco y a\u00f1o tras a\u00f1o se ha procurado introducir mejoras y sobre todo m\u00e1s compromiso por parte de todos. El resultado ha sido un aumento constante de cofrades, colaboradores y compromisos con la parroquia, a la vez que mejoras con respecto al material de la cofrad\u00eda:<\/p>\n<ul>\n<li>Sustituci\u00f3n de los cirios de cera por los de parafina (2002).<\/li>\n<li>Compra de tela propia para nuevos cofrades al fin de unificar color.<\/li>\n<li>Nuevo estandarte (2006) dise\u00f1ado por el anterior presidente: Toni Pic\u00f3. El estandarte es elaborado con terciopelo morado, el mismo que el los cofrades y lleva bordado el escudo de la cofrad\u00eda, el nombre, el a\u00f1o de fundaci\u00f3n y la parroquia a la que pertenecemos. Lo elaboro la cofrade Maria Pons. En el 2006 tambi\u00e9n se restauran las varas que llevan los miembros de la junta directiva con los s\u00edmbolos de la pasi\u00f3n.<\/li>\n<li>En el 2007, nueva iluminaci\u00f3n del paso la cual sustituye los antiguos candelabros de hierro por otros de orfebrer\u00eda, adquiridos en los talleres Arag\u00f3n orfebres. Tambi\u00e9n se incorpora un tambor para acompa\u00f1ar y marcar el paso a los portadores. Los penitentes recuperan su bandera (pend\u00f3n), despu\u00e9s de diversos a\u00f1os de no llevarla. Es de tela negra como su vestimenta, sin ning\u00fan tipo de insignia ni escudo, es larga en forma de tri\u00e1ngulo. Se lleva apoyada en el hombro y su longitud hace que se arrastre por el suelo.<\/li>\n<li>Siguiendo en la l\u00ednea de renovaci\u00f3n y mejoras, en el 2008 se incorporan dos nuevos faroles gu\u00eda de orfebrer\u00eda, sustituyendo a los antiguos de lat\u00f3n, se incorporan tambi\u00e9n dos nuevas varas con los s\u00edmbolos de la cofrad\u00eda y se elabora una nueva corona de espinas en dorado para la \u00a0cruz de gu\u00eda.<\/li>\n<li>En el 2009 siguiendo con las mejoras de la cofrad\u00eda se ha restaurado la imagen y las andas, sacando a relucir el dorado original y los colores ocultos por arreglos anteriores que se realizaron, a las andas adem\u00e1s de arreglos y pintura se le han a\u00f1adido adornos. Tambi\u00e9n se ha elaborado un nuevo sudario para la cruz de gu\u00eda que ha sido confeccionado y donado por la cofrade, M\u00aa JOS\u00c9 COLL MARQUES.<\/li>\n<li>Continuando este a\u00f1o 2010 con las ganas de mejorar nuestra cofrad\u00eda se ha adquirido para nuestra imagen del Nazareno una nueva corona de espinas, al estar bastante deteriorada la original, tambi\u00e9n se adquiere unos remates de cruz para darle m\u00e1s realce y vistosidad a la imagen.<\/li>\n<li>Este a\u00f1o 2011 las mejoras para la cofrad\u00eda han sido la adquisici\u00f3n de una nueva cruz gu\u00eda, nuevos b\u00e1culos y velas el\u00e9ctricas para nuestros cofrades m\u00e1s peque\u00f1os, af\u00edn de evitarles el peligro de las de fuego.<\/li>\n<li>Y finalmente en el a\u00f1o 2017 se incorpora unas nuevas andas para la imagen del Nazareno.<\/li>\n<\/ul>\n\n\t\t<\/div>\n\t<\/div>\n<\/div><\/div><\/div><\/div><div class=\"vc_row wpb_row vc_inner vc_row-fluid\"><div class=\"wpb_column vc_column_container vc_col-sm-12\"><div class=\"vc_column-inner\"><div class=\"wpb_wrapper\">\n\t<div  class=\"wpb_single_image wpb_content_element vc_align_center wpb_content_element wpb_animate_when_almost_visible wpb_fadeInUp fadeInUp\">\n\t\t\n\t\t<figure class=\"wpb_wrapper vc_figure\">\n\t\t\t<a class=\"\" data-lightbox=\"lightbox[rel-534-2744089265]\" href=\"https:\/\/sant-francesc.eu\/wp-content\/uploads\/2020\/11\/17861565_1387479901318705_4693289708867946084_n-1-690x627-1.jpg\" target=\"_self\" class=\"vc_single_image-wrapper vc_box_outline  vc_box_border_grey\"><img decoding=\"async\" width=\"690\" height=\"627\" src=\"https:\/\/sant-francesc.eu\/wp-content\/uploads\/2020\/11\/17861565_1387479901318705_4693289708867946084_n-1-690x627-1.jpg\" class=\"vc_single_image-img attachment-full\" alt=\"\" title=\"17861565_1387479901318705_4693289708867946084_n-1-690x627\" srcset=\"https:\/\/sant-francesc.eu\/wp-content\/uploads\/2020\/11\/17861565_1387479901318705_4693289708867946084_n-1-690x627-1.jpg 690w, https:\/\/sant-francesc.eu\/wp-content\/uploads\/2020\/11\/17861565_1387479901318705_4693289708867946084_n-1-690x627-1-300x273.jpg 300w\" sizes=\"(max-width: 690px) 100vw, 690px\"><\/a>\n\t\t<\/figure>\n\t<\/div>\n<\/div><\/div><\/div><\/div><div class=\"vc_row wpb_row vc_inner vc_row-fluid\"><div class=\"wpb_column vc_column_container vc_col-sm-12\"><div class=\"vc_column-inner\"><div class=\"wpb_wrapper\"><div class=\"vc_message_box vc_message_box-standard vc_message_box-rounded vc_color-info vc_do_message\" ><div class=\"vc_message_box-icon\"><i class=\"fas fa-globe\"><\/i><\/div><section class=\"wpb_row vc_row-fluid\">\n<div class=\"container\">\n<div class=\"row\">\n<div class=\"wpb_column vc_column_container vc_col-sm-9\">\n<div class=\"vc_column-inner \">\n<div class=\"wpb_wrapper\">\n<div class=\"wpb_text_column wpb_content_element \">\n<div class=\"wpb_wrapper\">\n<p>\u00bfQuieres m\u00e1s informaci\u00f3n? Visita su p\u00e1gina web e inf\u00f3rmate sobre sus actividades y contribuciones en la parroquia.<\/p>\n<p>Puedes visitar su pagina pulsando en el siguiente enlace\u00a0<a href=\"http:\/\/jesusdenatzaret.com\/\" target=\"_blank\" rel=\"noopener noreferrer\">http:\/\/jesusdenatzaret.com\/<\/a><\/p>\n<\/div>\n<\/div>\n<\/div>\n<\/div>\n<\/div>\n<\/div>\n<\/div>\n<\/section>\n<\/div><\/div><\/div><\/div><\/div><\/div><\/div><\/div><\/div><\/div><\/section><section class=\"wpb_row vc_row-fluid\"><div class=\"container\"><div class=\"row\"><div class=\"wpb_column vc_column_container vc_col-sm-12\"><div class=\"vc_column-inner \"  ><div class=\"wpb_wrapper\">\n            <div \n                class=\"elfsight-widget-social-share-buttons elfsight-widget\" \n                data-elfsight-social-share-buttons-options=\"%7B%22items%22%3A%5B%7B%22network%22%3A%22facebook%22%2C%22buttonText%22%3A%22Facebook%22%7D%2C%7B%22network%22%3A%22fb-messenger%22%2C%22buttonText%22%3A%22Messenger%22%7D%2C%7B%22network%22%3A%22whatsapp%22%2C%22buttonText%22%3A%22WhatsApp%22%7D%2C%7B%22network%22%3A%22telegram%22%2C%22buttonText%22%3A%22Telegram%22%7D%2C%7B%22network%22%3A%22%22%2C%22buttonText%22%3Anull%7D%5D%2C%22moreToggle%22%3Atrue%2C%22msgMore%22%3A%22M%5Cu00e1s%22%2C%22msgClose%22%3A%22Cerrar%22%2C%22customUrl%22%3A%22%22%2C%22location%22%3A%22inline%22%2C%22position%22%3A%22center%22%2C%22columns%22%3A%22auto%22%2C%22gutter%22%3A12%2C%22hideOnMobile%22%3Afalse%2C%22elements%22%3A%5B%22icon%22%2C%22text%22%5D%2C%22shape%22%3A%22rounded%22%2C%22width%22%3A%22auto%22%2C%22style%22%3A%22default%22%2C%22iconColor%22%3A%22white%22%2C%22bgColor%22%3A%22native%22%2C%22iconColorOnHover%22%3A%22white%22%2C%22bgColorOnHover%22%3A%22black%22%2C%22animation%22%3A%22zoom%22%2C%22transparency%22%3A100%2C%22transparencyOnHover%22%3A100%2C%22widgetId%22%3A%221%22%7D\" \n                data-elfsight-social-share-buttons-version=\"1.6.0\"\n                data-elfsight-widget-id=\"elfsight-social-share-buttons-1\">\n            <\/div>\n            <\/div><\/div><\/div><\/div><\/div><\/section><section class=\"wpb_row vc_row-fluid\"><div class=\"container\"><div class=\"row\"><div class=\"wpb_column vc_column_container vc_col-sm-12\"><div class=\"vc_column-inner \"  ><div class=\"wpb_wrapper\">\n<div class=\"vc-zigzag-wrapper vc-zigzag-align-center\"><div class=\"vc-zigzag-inner\" style=\"width: 100%;min-height: 14px;background: 0 repeat-x url(&#039;data:image\/svg+xml;utf-8,%3C%3Fxml%20version%3D%221.0%22%20encoding%3D%22utf-8%22%3F%3E%3C%21DOCTYPE%20svg%20PUBLIC%20%22-%2F%2FW3C%2F%2FDTD%20SVG%201.1%2F%2FEN%22%20%22http%3A%2F%2Fwww.w3.org%2FGraphics%2FSVG%2F1.1%2FDTD%2Fsvg11.dtd%22%3E%3Csvg%20width%3D%2214px%22%20height%3D%2212px%22%20viewBox%3D%220%200%2018%2015%22%20version%3D%221.1%22%20xmlns%3D%22http%3A%2F%2Fwww.w3.org%2F2000%2Fsvg%22%20xmlns%3Axlink%3D%22http%3A%2F%2Fwww.w3.org%2F1999%2Fxlink%22%3E%3Cpolygon%20id%3D%22Combined-Shape%22%20fill%3D%22%23ebebeb%22%20points%3D%228.98762301%200%200%209.12771969%200%2014.519983%209%205.40479869%2018%2014.519983%2018%209.12771969%22%3E%3C%2Fpolygon%3E%3C%2Fsvg%3E&#039;);\"><\/div><\/div><\/div><\/div><\/div><\/div><\/div><\/section><section class=\"wpb_row vc_row-fluid\"><div class=\"container\"><div class=\"row\"><div class=\"wpb_column vc_column_container vc_col-sm-12\"><div class=\"vc_column-inner \"  ><div class=\"wpb_wrapper\">\t\n\n    <div class=\"fx custom-carousel-1\">\n\t    \t    \t\t            <div class=\"item\">\n\t                <div class=\"overlay\">\n\t                    <span class=\"time\">maig 17, 2026<\/span>\n\t                    <h3><a href=\"https:\/\/sant-francesc.eu\/ca\/evento\/la-ascension-del-senor-2026\/\">La Ascensi\u00f3n del Se\u00f1or 2026<\/a><\/h3>\n\t                    <span class=\"desc\">El\u00a0D\u00eda de la Ascensi\u00f3n\u00a0es una\u00a0solemnidad\u00a0cristiana\u00a0que se celebra cuarenta d\u00edas despu\u00e9s del\u00a0domingo de resurrecci\u00f3n\u00a0(durante el\u00a0Tiempo pascual) y que conmemora la\u00a0ascensi\u00f3n de Jesucristo\u00a0al cielo en presencia de sus disc\u00edpulos tras anunciarles que [\u2026]<\/span>\n\t                <\/div>\n\t                <img decoding=\"async\" width=\"640\" height=\"480\" src=\"https:\/\/sant-francesc.eu\/wp-content\/uploads\/2025\/09\/Ascension-del-Senor-1-640x480.jpg\" class=\"attachment-events-homepage-thumb size-events-homepage-thumb wp-post-image\" alt=\"\" title=\"\">\t            <\/div>\n\t        \t            <div class=\"item\">\n\t                <div class=\"overlay\">\n\t                    <span class=\"time\">maig 24, 2026<\/span>\n\t                    <h3><a href=\"https:\/\/sant-francesc.eu\/ca\/evento\/pentecostes-2026\/\">Pentecost\u00e9s 2026<\/a><\/h3>\n\t                    <span class=\"desc\">Pentecost\u00e9s (del griego \u03c0\u03b5\u03bd\u03c4\u03b7\u03ba\u03bf\u03c3\u03c4\u03ae pent\u0113kost\u1e17 \u2018quincuag\u00e9simo\u2019) es el t\u00e9rmino con el que se define la fiesta cristiana del quincuag\u00e9simo d\u00eda del Tiempo de Pascua.\u200b Se trata de una festividad que [\u2026]<\/span>\n\t                <\/div>\n\t                <img decoding=\"async\" width=\"640\" height=\"480\" src=\"https:\/\/sant-francesc.eu\/wp-content\/uploads\/2024\/05\/Pentecostes-050516-640x480.webp\" class=\"attachment-events-homepage-thumb size-events-homepage-thumb wp-post-image\" alt=\"\" title=\"\">\t            <\/div>\n\t        \t            <div class=\"item\">\n\t                <div class=\"overlay\">\n\t                    <span class=\"time\">maig 31, 2026<\/span>\n\t                    <h3><a href=\"https:\/\/sant-francesc.eu\/ca\/evento\/santisima-trinidad-2026\/\">Sant\u00edsima Trinidad 2026<\/a><\/h3>\n\t                    <span class=\"desc\">Solemnidad de la Sant\u00edsima Trinidad, misterio central de la fe cristiana. 1. La palabra Trinidad nace del lat\u00edn Proviene de la palabra latina \u201ctrinitas\u201d, que significa \u201ctres\u201d y \u201ctriada\u201d. El [\u2026]<\/span>\n\t                <\/div>\n\t                <img decoding=\"async\" width=\"640\" height=\"450\" src=\"https:\/\/sant-francesc.eu\/wp-content\/uploads\/2024\/05\/SantisimaTrinidad-640x450.webp\" class=\"attachment-events-homepage-thumb size-events-homepage-thumb wp-post-image\" alt=\"\" title=\"\">\t            <\/div>\n\t        \t            <div class=\"item\">\n\t                <div class=\"overlay\">\n\t                    <span class=\"time\">juny 7, 2026<\/span>\n\t                    <h3><a href=\"https:\/\/sant-francesc.eu\/ca\/evento\/corpus-christi-2026\/\">Corpus Christi 2026<\/a><\/h3>\n\t                    <span class=\"desc\">El Cuerpo y la Sangre Sant\u00edsimos de Cristo Corpus Christi (\u2018cuerpo de Cristo\u2019) o Solemnidad del Cuerpo y la Sangre de Cristo, antes llamada Corpus Domini (\u2018cuerpo del Se\u00f1or\u2019), es [\u2026]<\/span>\n\t                <\/div>\n\t                <img decoding=\"async\" width=\"640\" height=\"480\" src=\"https:\/\/sant-francesc.eu\/wp-content\/uploads\/2024\/06\/Solemnidad-del-Corpus-Christi-2-de-junio-640x480.webp\" class=\"attachment-events-homepage-thumb size-events-homepage-thumb wp-post-image\" alt=\"\" title=\"\">\t            <\/div>\n\t         \n\t           \n    <\/div>\n\n<\/div><\/div><\/div><\/div><\/div><\/section>\n<\/div>","protected":false},"excerpt":{"rendered":"El Cuerpo y la Sangre Sant\u00edsimos de Cristo Corpus Christi (\u2018cuerpo de Cristo\u2019) o Solemnidad del Cuerpo y la Sangre de Cristo, antes llamada Corpus Domini (\u2018cuerpo del Se\u00f1or\u2019), es [...]","protected":false},"author":3,"featured_media":0,"parent":0,"menu_order":0,"comment_status":"closed","ping_status":"closed","template":"page-templates\/template-fullwidth.php","meta":{"rs_blank_template":"","rs_page_bg_color":"#ffffff","slide_template_v7":"","footnotes":""},"class_list":["post-534","page","type-page","status-publish","hentry","cat_calendario-liturgico-2026"],"_links":{"self":[{"href":"https:\/\/sant-francesc.eu\/ca\/wp-json\/wp\/v2\/pages\/534","targetHints":{"allow":["GET"]}}],"collection":[{"href":"https:\/\/sant-francesc.eu\/ca\/wp-json\/wp\/v2\/pages"}],"about":[{"href":"https:\/\/sant-francesc.eu\/ca\/wp-json\/wp\/v2\/types\/page"}],"author":[{"embeddable":true,"href":"https:\/\/sant-francesc.eu\/ca\/wp-json\/wp\/v2\/users\/3"}],"replies":[{"embeddable":true,"href":"https:\/\/sant-francesc.eu\/ca\/wp-json\/wp\/v2\/comments?post=534"}],"version-history":[{"count":0,"href":"https:\/\/sant-francesc.eu\/ca\/wp-json\/wp\/v2\/pages\/534\/revisions"}],"wp:attachment":[{"href":"https:\/\/sant-francesc.eu\/ca\/wp-json\/wp\/v2\/media?parent=534"}],"curies":[{"name":"wp","href":"https:\/\/api.w.org\/{rel}","templated":true}]}}