{"id":816,"date":"2020-11-22T08:27:41","date_gmt":"2020-11-22T07:27:41","guid":{"rendered":"https:\/\/sant-francesc.eu\/?page_id=816"},"modified":"2025-02-21T05:53:58","modified_gmt":"2025-02-21T04:53:58","slug":"oraciones","status":"publish","type":"page","link":"https:\/\/sant-francesc.eu\/ca\/oraciones\/","title":{"rendered":"Oraciones"},"content":{"rendered":"<div class=\"wpb-content-wrapper\"><section class=\"wpb_row vc_row-fluid vc_custom_1606031142677 vc_row-has-fill\"><div class=\"container\"><div class=\"row\"><div class=\"wpb_column vc_column_container vc_col-sm-12\"><div class=\"vc_column-inner\"  ><div class=\"wpb_wrapper\">\n\t<div class=\"wpb_text_column wpb_content_element\" >\n\t\t<div class=\"wpb_wrapper\">\n\t\t\t<p>La oraci\u00f3n es la acci\u00f3n mediante la cual podemos conectarnos con Dios en cualquier lugar y en cualquier momento de nuestra vida. La oraci\u00f3n es alimento para nuestra alma, mediante la oraci\u00f3n podemos expresar agradecimiento, inquietudes, peticiones, en fin, La oraci\u00f3n no solo nos trae muchos beneficios de forma personal si no que permite el crecimiento de nuestra espiritualidad y sobre todo de nuestra fe. Saber que podemos ser escuchados por Dios, que podemos hablarle como se habla con un buen amigo.<\/p>\n\n\t\t<\/div>\n\t<\/div>\n<div class=\"vc_row wpb_row vc_inner vc_row-fluid vc_custom_1606029061591 vc_row-has-fill\"><div class=\"wpb_column vc_column_container vc_col-sm-8\"><div class=\"vc_column-inner\"><div class=\"wpb_wrapper\">\n\t<div class=\"wpb_text_column wpb_content_element vc_custom_1606031016818\" >\n\t\t<div class=\"wpb_wrapper\">\n\t\t\t<blockquote><p>\n\u00a1La oraci\u00f3n no es una varita m\u00e1gica! \u00c9sta nos ayuda a conservar la fe en Dios y a confiar en \u00c9l incluso cuando no comprendemos su voluntad\u201d<\/p>\n<p style=\"text-align: right;\">Franciscus PP<\/p>\n<\/blockquote>\n\n\t\t<\/div>\n\t<\/div>\n<\/div><\/div><\/div><div class=\"wpb_column vc_column_container vc_col-sm-4\"><div class=\"vc_column-inner\"><div class=\"wpb_wrapper\">\n\t<div  class=\"wpb_single_image wpb_content_element vc_align_left wpb_content_element\">\n\t\t\n\t\t<figure class=\"wpb_wrapper vc_figure\">\n\t\t\t<div class=\"vc_single_image-wrapper   vc_box_border_grey\"><img decoding=\"async\" width=\"1740\" height=\"980\" src=\"https:\/\/sant-francesc.eu\/wp-content\/uploads\/2020\/11\/papa_bien.jpg\" class=\"vc_single_image-img attachment-full\" alt=\"Franciscus PP\" title=\"papa_Francisco\" srcset=\"https:\/\/sant-francesc.eu\/wp-content\/uploads\/2020\/11\/papa_bien.jpg 1740w, https:\/\/sant-francesc.eu\/wp-content\/uploads\/2020\/11\/papa_bien-300x169.jpg 300w, https:\/\/sant-francesc.eu\/wp-content\/uploads\/2020\/11\/papa_bien-768x433.jpg 768w, https:\/\/sant-francesc.eu\/wp-content\/uploads\/2020\/11\/papa_bien-1024x577.jpg 1024w, https:\/\/sant-francesc.eu\/wp-content\/uploads\/2020\/11\/papa_bien-1536x865.jpg 1536w\" sizes=\"(max-width: 1740px) 100vw, 1740px\" \/><\/div>\n\t\t<\/figure>\n\t<\/div>\n<\/div><\/div><\/div><\/div><div class=\"vc_row wpb_row vc_inner vc_row-fluid vc_custom_1606029061591 vc_row-has-fill\"><div class=\"wpb_column vc_column_container vc_col-sm-6\"><div class=\"vc_column-inner\"><div class=\"wpb_wrapper\"><section class=\"vc_cta3-container\"><div class=\"vc_general vc_do_cta3 vc_cta3 vc_cta3-style-classic vc_cta3-shape-rounded vc_cta3-align-left vc_cta3-color-classic vc_cta3-icon-size-md vc_cta3-actions-bottom\"><div class=\"vc_cta3_content-container\"><div class=\"vc_cta3-content\"><header class=\"vc_cta3-content-header\"><h2>Oraciones en Castellano<\/h2><\/header><p>En este apartado iremos actualizando las principales oraciones cat\u00f3licas en espa\u00f1ol, para verlas correctamente es necesario que tenga seleccionado el castellano en el men\u00fa de idiomas de la web.<\/p>\n<\/div><div class=\"vc_cta3-actions\"><div class=\"vc_btn3-container vc_btn3-center vc_do_btn\" ><a class=\"vc_general vc_btn3 vc_btn3-size-md vc_btn3-shape-rounded vc_btn3-style-modern vc_btn3-color-green\" href=\"https:\/\/sant-francesc.eu\/ca\/oraciones\/oraciones-en-castellano\/\" title=\"\">Ver oraciones en castellano<\/a><\/div><\/div><\/div><\/div><\/section><\/div><\/div><\/div><div class=\"wpb_column vc_column_container vc_col-sm-6\"><div class=\"vc_column-inner\"><div class=\"wpb_wrapper\"><section class=\"vc_cta3-container\"><div class=\"vc_general vc_do_cta3 vc_cta3 vc_cta3-style-classic vc_cta3-shape-rounded vc_cta3-align-left vc_cta3-color-classic vc_cta3-icon-size-md vc_cta3-actions-bottom\"><div class=\"vc_cta3_content-container\"><div class=\"vc_cta3-content\"><header class=\"vc_cta3-content-header\"><h2>Oraciones en Catal\u00e1n<\/h2><\/header><p>Para ver correctamente las oraciones en Catal\u00e1n en necesario que no utilice ning\u00fan traductor y que tenga seleccionado el castellano en el men\u00fa de idiomas de la web.<\/p>\n<\/div><div class=\"vc_cta3-actions\"><div class=\"vc_btn3-container vc_btn3-center vc_do_btn\" ><a class=\"vc_general vc_btn3 vc_btn3-size-md vc_btn3-shape-rounded vc_btn3-style-modern vc_btn3-color-green\" href=\"https:\/\/sant-francesc.eu\/ca\/oraciones\/oraciones-en-catalan\/\" title=\"Oraciones en Catal\u00e1n\">Ver oraciones en catal\u00e1n<\/a><\/div><\/div><\/div><\/div><\/section><\/div><\/div><\/div><\/div>\n\t<div class=\"wpb_text_column wpb_content_element\" >\n\t\t<div class=\"wpb_wrapper\">\n\t\t\t<h1>Orar y Rezar<\/h1>\n<p><strong>Rezar<\/strong> es la acci\u00f3n de repetir una oraci\u00f3n, por ejemplo, el Padre Nuestro o el Dios te salve Mar\u00eda. Al repetir estas oraciones se puede decir que estamos rezando.<\/p>\n<p><strong>Orar\u00a0<\/strong>es una forma m\u00e1s personal de hablar con Dios, de presentarle nuestras inquietudes, como si platic\u00e1ramos con un amigo que nos escucha y nos atiende, es hablar con nuestras propias palabras a Dios o a la Virgen Mar\u00eda.<\/p>\n\n\t\t<\/div>\n\t<\/div>\n<\/div><\/div><\/div><\/div><\/div><\/section><section class=\"wpb_row vc_row-fluid\"><div class=\"container\"><div class=\"row\"><div class=\"wpb_column vc_column_container vc_col-sm-12\"><div class=\"vc_column-inner\"  ><div class=\"wpb_wrapper\">\n            <div \n                class=\"elfsight-widget-social-share-buttons elfsight-widget\" \n                data-elfsight-social-share-buttons-options=\"%7B%22items%22%3A%5B%7B%22network%22%3A%22facebook%22%2C%22buttonText%22%3A%22Facebook%22%7D%2C%7B%22network%22%3A%22fb-messenger%22%2C%22buttonText%22%3A%22Messenger%22%7D%2C%7B%22network%22%3A%22whatsapp%22%2C%22buttonText%22%3A%22WhatsApp%22%7D%2C%7B%22network%22%3A%22telegram%22%2C%22buttonText%22%3A%22Telegram%22%7D%2C%7B%22network%22%3A%22%22%2C%22buttonText%22%3Anull%7D%5D%2C%22moreToggle%22%3Atrue%2C%22msgMore%22%3A%22M%5Cu00e1s%22%2C%22msgClose%22%3A%22Cerrar%22%2C%22customUrl%22%3A%22%22%2C%22location%22%3A%22inline%22%2C%22position%22%3A%22center%22%2C%22columns%22%3A%22auto%22%2C%22gutter%22%3A12%2C%22hideOnMobile%22%3Afalse%2C%22elements%22%3A%5B%22icon%22%2C%22text%22%5D%2C%22shape%22%3A%22rounded%22%2C%22width%22%3A%22auto%22%2C%22style%22%3A%22default%22%2C%22iconColor%22%3A%22white%22%2C%22bgColor%22%3A%22native%22%2C%22iconColorOnHover%22%3A%22white%22%2C%22bgColorOnHover%22%3A%22black%22%2C%22animation%22%3A%22zoom%22%2C%22transparency%22%3A100%2C%22transparencyOnHover%22%3A100%2C%22widgetId%22%3A%221%22%7D\" \n                data-elfsight-social-share-buttons-version=\"1.6.0\"\n                data-elfsight-widget-id=\"elfsight-social-share-buttons-1\">\n            <\/div>\n            <\/div><\/div><\/div><\/div><\/div><\/section>\n<\/div>","protected":false},"excerpt":{"rendered":"La oraci\u00f3n es la acci\u00f3n mediante la cual podemos conectarnos con Dios en cualquier lugar y en cualquier momento de nuestra vida. La oraci\u00f3n es alimento para nuestra alma, mediante [...]","protected":false},"author":3,"featured_media":0,"parent":0,"menu_order":0,"comment_status":"closed","ping_status":"closed","template":"page-templates\/template-fullwidth.php","meta":{"rs_blank_template":"","rs_page_bg_color":"","slide_template_v7":"","footnotes":""},"class_list":["post-816","page","type-page","status-publish","hentry"],"_links":{"self":[{"href":"https:\/\/sant-francesc.eu\/ca\/wp-json\/wp\/v2\/pages\/816","targetHints":{"allow":["GET"]}}],"collection":[{"href":"https:\/\/sant-francesc.eu\/ca\/wp-json\/wp\/v2\/pages"}],"about":[{"href":"https:\/\/sant-francesc.eu\/ca\/wp-json\/wp\/v2\/types\/page"}],"author":[{"embeddable":true,"href":"https:\/\/sant-francesc.eu\/ca\/wp-json\/wp\/v2\/users\/3"}],"replies":[{"embeddable":true,"href":"https:\/\/sant-francesc.eu\/ca\/wp-json\/wp\/v2\/comments?post=816"}],"version-history":[{"count":0,"href":"https:\/\/sant-francesc.eu\/ca\/wp-json\/wp\/v2\/pages\/816\/revisions"}],"wp:attachment":[{"href":"https:\/\/sant-francesc.eu\/ca\/wp-json\/wp\/v2\/media?parent=816"}],"curies":[{"name":"wp","href":"https:\/\/api.w.org\/{rel}","templated":true}]}}