{"id":824,"date":"2020-11-22T07:47:28","date_gmt":"2020-11-22T06:47:28","guid":{"rendered":"https:\/\/sant-francesc.eu\/?page_id=824"},"modified":"2024-06-05T18:22:05","modified_gmt":"2024-06-05T16:22:05","slug":"oraciones-en-castellano","status":"publish","type":"page","link":"https:\/\/sant-francesc.eu\/ca\/oraciones\/oraciones-en-castellano\/","title":{"rendered":"Oraciones en Castellano"},"content":{"rendered":"<div class=\"wpb-content-wrapper\"><section class=\"wpb_row vc_row-fluid\"><div class=\"container\"><div class=\"row\"><div class=\"wpb_column vc_column_container vc_col-sm-12\"><div class=\"vc_column-inner \"  ><div class=\"wpb_wrapper\">\n\t<div class=\"wpb_text_column wpb_content_element\" >\n\t\t<div class=\"wpb_wrapper\">\n\t\t\t<p>[toc]<\/p>\n<h2>Acordaos<\/h2>\n<p>Acordaos,<br \/>\noh piados\u00edsima Virgen Mar\u00eda,<br \/>\nque jam\u00e1s se ha o\u00eddo decir<br \/>\nque ninguno de los que han acudido<br \/>\na tu protecci\u00f3n,<br \/>\nimplorando tu asistencia<br \/>\ny reclamando tu socorro,<br \/>\nhaya sido abandonado de ti.<br \/>\nAnimado con esta confianza,<br \/>\na ti tambi\u00e9n acudo, oh Madre,<br \/>\nVirgen de las v\u00edrgenes,<br \/>\ny aunque gimiendo<br \/>\nbajo el peso de mis pecados,<br \/>\nme atrevo a comparecer<br \/>\nante tu presencia soberana.<br \/>\nNo deseches mis humildes s\u00faplicas,<br \/>\noh Madre del Verbo divino,<br \/>\nantes bien, esc\u00fachalas<br \/>\ny ac\u00f3gelas benignamente. Am\u00e9n<\/p>\n<p>\u00a0<\/p>\n<h2>Acto de caridad<\/h2>\n<p>Dios m\u00edo, te amo sobre todas las cosas<br \/>\ny al pr\u00f3jimo por ti,<br \/>\nporque T\u00fa eres el infinito,<br \/>\nsumo y perfecto Bien,<br \/>\ndigno de todo amor.<br \/>\nQuiero vivir y morir en este amor. Am\u00e9n<\/p>\n<p>\u00a0<\/p>\n<h2>Acto de Contrici\u00f3n<\/h2>\n<p>Dios m\u00edo,<br \/>\nme arrepiento de todo coraz\u00f3n<br \/>\nde todos mis pecados<br \/>\ny los aborrezco,<br \/>\nporque al pecar, no s\u00f3lo merezco<br \/>\nlas penas establecidas por ti<br \/>\njustamente,<br \/>\nsino principalmente porque te ofend\u00ed,<br \/>\na ti sumo Bien y digno de amor<br \/>\npor encima de todas las cosas.<br \/>\nPor eso propongo firmemente,<br \/>\ncon ayuda de tu gracia,<br \/>\nno pecar m\u00e1s en adelante<br \/>\ny huir de toda ocasi\u00f3n de pecado.<br \/>\nAm\u00e9n<\/p>\n<p>\u00a0<\/p>\n<h2>Alma de Cristo<\/h2>\n<p>Alma de Cristo, santif\u00edcame.<br \/>\nCuerpo de Cristo, s\u00e1lvame.<br \/>\nSangre de Cristo, embri\u00e1game.<br \/>\nAgua del costado de Cristo, l\u00e1vame.<br \/>\nPasi\u00f3n de Cristo, conf\u00f3rtame.<br \/>\n\u00a1Oh, buen Jes\u00fas!, \u00f3yeme.<br \/>\nDentro de tus llagas, esc\u00f3ndeme.<br \/>\nNo permitas que me aparte de Ti.<br \/>\nDel maligno enemigo, defi\u00e9ndeme<br \/>\nEn la hora de mi muerte, ll\u00e1mame.<br \/>\nY m\u00e1ndame ir a Ti.<br \/>\nPara que con tus santos te alabe.<br \/>\nPor los siglos de los siglos. Am\u00e9n<\/p>\n<p>\u00a0<\/p>\n<h2>\u00c1ngel de Dios<\/h2>\n<p>\u00c1ngel de Dios,<br \/>\nque eres mi custodio,<br \/>\npues la bondad divina<br \/>\nme ha encomendado a ti,<br \/>\nilum\u00edname, gu\u00e1rdame, defi\u00e9ndeme<br \/>\ny gobi\u00e9rname.<br \/>\nAm\u00e9n<\/p>\n<p>\u00a0<\/p>\n<h2>\u00c1ngelus<\/h2>\n<p>El \u00e1ngel del Se\u00f1or anunci\u00f3 a Mar\u00eda.<\/p>\n<p>Y concibi\u00f3<br \/>\npor obra y gracia del Esp\u00edritu Santo.<\/p>\n<p align=\"JUSTIFY\">Dios te salve, Mar\u00eda, llena eres de gracia, el Se\u00f1or es contigo, bendita t\u00fa eres entre todas las mujeres y bendito es el fruto de tu vientre, Jes\u00fas.Santa Mar\u00eda, Madre de Dios, ruega por nosotros pecadores, ahora y en la hora de nuestra muerte. Am\u00e9n.<\/p>\n<p>He aqu\u00ed la esclava del Se\u00f1or.<br \/>\nH\u00e1gase en m\u00ed seg\u00fan tu palabra.<\/p>\n<p align=\"JUSTIFY\">Dios te salve, Mar\u00eda, llena eres de gracia, el Se\u00f1or es contigo, bendita t\u00fa eres entre todas las mujeres y bendito es el fruto de tu vientre, Jes\u00fas.Santa Mar\u00eda, Madre de Dios, ruega por nosotros pecadores, ahora y en la hora de nuestra muerte. Am\u00e9n.<\/p>\n<p>Y el Verbo de Dios se hizo carne.<br \/>\nY habit\u00f3 entre nosotros.<\/p>\n<p align=\"JUSTIFY\">Dios te salve, Mar\u00eda, llena eres de gracia, el Se\u00f1or es contigo, bendita t\u00fa eres entre todas las mujeres y bendito es el fruto de tu vientre, Jes\u00fas.Santa Mar\u00eda, Madre de Dios, ruega por nosotros pecadores, ahora y en la hora de nuestra muerte. Am\u00e9n.<\/p>\n<p>Ruega por nosotros,<br \/>\nSanta Madre de Dios,<br \/>\npara que seamos dignos de alcanzar<br \/>\nlas promesas de Jesucristo.<\/p>\n<p>\u00a0<\/p>\n<h2>Ave Mar\u00eda<\/h2>\n<p>Dios te salve, Mar\u00eda,<br \/>\nllena eres de gracia;<br \/>\nel Se\u00f1or es contigo.<br \/>\nBendita T\u00fa eres<br \/>\nentre todas las mujeres,<br \/>\ny bendito es el fruto de tu vientre, Jes\u00fas.<br \/>\nSanta Mar\u00eda, Madre de Dios,<br \/>\nruega por nosotros, pecadores,<br \/>\nahora y en la hora de nuestra muerte. Am\u00e9n<\/p>\n<p>\u00a0<\/p>\n<h2>Bajo tu amparo<\/h2>\n<p>Bajo tu amparo nos acogemos, santa Madre de Dios;<br \/>\nno deseches las s\u00faplicas que te dirigimos en nuestras necesidades,<br \/>\nantes bien, l\u00edbranos de todo peligro,<br \/>\n\u00a1oh siempre Virgen, gloriosa y bendita.<\/p>\n<p>\u00a0<\/p>\n<h2>Benedictus<\/h2>\n<p>Bendito sea el Se\u00f1or, Dios de Israel,<br \/>\nporque ha visitado<br \/>\ny redimido a su pueblo,<br \/>\nsuscit\u00e1ndonos una fuerza<br \/>\nde salvaci\u00f3n<br \/>\nen la casa de David, su siervo,<br \/>\nseg\u00fan lo hab\u00eda predicho<br \/>\ndesde antiguo<br \/>\npor boca de sus santos Profetas.<\/p>\n<p>Es la salvaci\u00f3n que nos libra<br \/>\nde nuestros enemigos<br \/>\ny de la mano de todos<br \/>\nlos que nos odian;<br \/>\nrealizando la misericordia<br \/>\nque tuvo con nuestros padres,<br \/>\nrecordando su santa alianza<br \/>\ny el juramento que jur\u00f3<br \/>\na nuestro padre Abrah\u00e1n.<\/p>\n<p>Para concedernos que,<br \/>\nlibres de temor,<br \/>\narrancados de la mano<br \/>\nde los enemigos,<br \/>\nle sirvamos con santidad y justicia,<br \/>\nen su presencia, todos nuestros d\u00edas.<\/p>\n<p>Y a ti, ni\u00f1o,<br \/>\nte llamar\u00e1n profeta del Alt\u00edsimo,<br \/>\nporque ir\u00e1s delante del Se\u00f1or<br \/>\na preparar sus caminos,<br \/>\nanunciando a su pueblo la salvaci\u00f3n,<br \/>\nel perd\u00f3n de sus pecados.<\/p>\n<p>Por la entra\u00f1able misericordia<br \/>\nde nuestro Dios,<br \/>\nnos visitar\u00e1 el sol<br \/>\nque nace de lo alto,<br \/>\npara iluminar<br \/>\na los que viven en tinieblas<br \/>\ny en sombra de muerte,<br \/>\npara guiar nuestros pasos<br \/>\npor el camino de la paz.<\/p>\n<p>Gloria al Padre, y al Hijo,<br \/>\ny al Esp\u00edritu Santo.<br \/>\nComo era en el principio,<br \/>\nahora y siempre,<br \/>\npor los siglos de los siglos.<br \/>\nAm\u00e9n.<\/p>\n<p>\u00a0<\/p>\n<h2>Comuni\u00f3n espiritual<\/h2>\n<p>Creo, Jes\u00fas m\u00edo,<br \/>\nque est\u00e1is realmente presente en el Sant\u00edsimo Sacramento del Altar.<br \/>\nOs amo sobre todas las cosas<br \/>\ny deseo recibiros en mi alma.<br \/>\nPero como ahora no puedo recibiros sacramentado,<br \/>\nvenid a lo menos espiritualmente a mi coraz\u00f3n.<br \/>\nY como si ya os hubiese recibido,<br \/>\nos abrazo y me uno del todo a Ti.<br \/>\nSe\u00f1or, no permitas que jam\u00e1s<br \/>\nMe aparte de Ti. Am\u00e9n.<br \/>\n<em>(San Alfonso Mar\u00eda de Ligorio)<\/em><\/p>\n<p>A vuestros pies, \u00a1oh mi Jes\u00fas!,<br \/>\nme postro y os ofrezco<br \/>\nel arrepentimiento de mi coraz\u00f3n contrito,<br \/>\nque se hunde en la nada ante vuestra sant\u00edsima presencia.<br \/>\nYo os adoro en el Sacramento de vuestro amor,<br \/>\nla inefable Eucarist\u00eda,<br \/>\ny deseo recibiros en la pobre morada<br \/>\nque os ofrece el alma m\u00eda.<br \/>\nEsperando la felicidad de la comuni\u00f3n sacramental,<br \/>\nyo quiero poseeros en esp\u00edritu.<br \/>\nVenid a m\u00ed, puesto que yo voy a Vos,<br \/>\n\u00a1oh Jes\u00fas m\u00edo!,<br \/>\ny que vuestro amor inflame todo mi ser<br \/>\nen la vida y en la muerte.<br \/>\nCreo en Vos y espero en Vos.<br \/>\nAs\u00ed sea.<br \/>\n<em>(Cardenal Rafael Merry del Val)<\/em><\/p>\n<p>\u00a0<\/p>\n<h2>El eterno reposo<\/h2>\n<p>Dale Se\u00f1or el descanso eterno.<br \/>\nBrille para \u00e9l la luz perpetua.<br \/>\nDescanse en paz. Am\u00e9n<\/p>\n<p>\u00a0<\/p>\n<h2>Gloria al Padre<\/h2>\n<p>Gloria al Padre<br \/>\ny al Hijo<br \/>\ny al Esp\u00edritu Santo.<br \/>\nComo era en el principio,<br \/>\nahora y siempre,<br \/>\npor los siglos de los siglos. Am\u00e9n.<\/p>\n<p>\u00a0<\/p>\n<h2>Magnificat<\/h2>\n<p>Proclama mi alma<br \/>\nla grandeza del Se\u00f1or,<br \/>\nse alegra mi esp\u00edritu en Dios,<br \/>\nmi salvador;<br \/>\nporque ha mirado la humillaci\u00f3n<br \/>\nde su esclava.<\/p>\n<p>Desde ahora me felicitar\u00e1n<br \/>\ntodas las generaciones,<br \/>\nporque el Poderoso ha hecho<br \/>\nobras grandes por m\u00ed:<br \/>\nsu nombre es santo,<br \/>\ny su misericordia llega a sus fieles<br \/>\nde generaci\u00f3n en generaci\u00f3n.<\/p>\n<p>\u00c9l hace proezas con su brazo:<br \/>\ndispersa a los soberbios de coraz\u00f3n,<br \/>\nderriba del trono a los poderosos<br \/>\ny enaltece a los humildes,<br \/>\na los hambrientos los colma de bienes<br \/>\ny a los ricos los despide vac\u00edos.<\/p>\n<p>Auxilia a Israel, su siervo,<br \/>\nacord\u00e1ndose de la misericordia<br \/>\n\u2013como lo hab\u00eda prometido a nuestros padres\u2013<br \/>\nen favor de Abrah\u00e1n<br \/>\ny su descendencia por siempre.<\/p>\n<p>Gloria al Padre, y al Hijo,<br \/>\ny al Esp\u00edritu Santo.<br \/>\nComo era en el principio,<br \/>\nahora y siempre,<br \/>\npor los siglos de los siglos.<br \/>\nAm\u00e9n.<\/p>\n<p>\u00a0<\/p>\n<h2>Padre nuestro<\/h2>\n<p>Padre nuestro que est\u00e1s en el cielo,<br \/>\nsantificado sea tu Nombre;<br \/>\nvenga a nosotros tu Reino;<br \/>\nh\u00e1gase tu voluntad<br \/>\nen la tierra como en el cielo.<br \/>\nDanos hoy<br \/>\nnuestro pan de cada d\u00eda;<br \/>\nperdona nuestras ofensas,<br \/>\ncomo tambi\u00e9n nosotros perdonamos<br \/>\na los que nos ofenden;<br \/>\nno nos dejes caer en la tentaci\u00f3n,<br \/>\ny l\u00edbranos del mal. Am\u00e9n.<\/p>\n<p>\u00a0<\/p>\n<h2>Regina Coeli<\/h2>\n<p>Reina del cielo al\u00e9grate; aleluya.<br \/>\nPorque el Se\u00f1or a quien has merecido llevar;<br \/>\naleluya.<br \/>\nHa resucitado seg\u00fan su palabra;<br \/>\naleluya.<br \/>\nRuega al Se\u00f1or por nosotros;<br \/>\naleluya.<br \/>\nG\u00f3zate y al\u00e9grate, Virgen Mar\u00eda;<br \/>\naleluya.<br \/>\nPorque verdaderamente ha resucitado el Se\u00f1or;<br \/>\naleluya.<\/p>\n<p>\u00a0<\/p>\n<h2>Rosario<\/h2>\n<p><strong><em>Misterios gozosos <\/em><\/strong><em>(lunes y s\u00e1bado)<\/em><\/p>\n<ol>\n<li>La encarnaci\u00f3n del Hijo de Dios.<\/li>\n<li>La visitaci\u00f3n de Nuestra Se\u00f1ora a su prima Santa Isabel.<\/li>\n<li>El nacimiento del Hijo de Dios.<\/li>\n<li>La Presentaci\u00f3n de Jes\u00fas en el templo.<\/li>\n<li>El Ni\u00f1o Jes\u00fas perdido y hallado en el templo.<\/li>\n<\/ol>\n<p><strong><em>\u00a0<\/em><\/strong><\/p>\n<p><strong><em>Misterios luminosos<\/em><\/strong><em>\u00a0(jueves)<\/em><\/p>\n<ol>\n<li>El Bautismo de Jes\u00fas en el Jord\u00e1n.<\/li>\n<li>La autorrevelaci\u00f3n de Jes\u00fas en las bodas de Can\u00e1.<\/li>\n<li>El anuncio del Reino de Dios invitando a la conversi\u00f3n.<\/li>\n<li>La Transfiguraci\u00f3n.<\/li>\n<li>La Instituci\u00f3n de la Eucarist\u00eda.<\/li>\n<\/ol>\n<p><strong><em>\u00a0<\/em><\/strong><\/p>\n<p><strong><em>Misterios dolorosos<\/em><\/strong><em>\u00a0(martes y viernes)<\/em><\/p>\n<ol>\n<li>La Oraci\u00f3n de Jes\u00fas en el Huerto.<\/li>\n<li>La Flagelaci\u00f3n del Se\u00f1or.La Coronaci\u00f3n de espinas.<\/li>\n<li>Jes\u00fas con la Cruz a cuestas camino del Calvario.<\/li>\n<li>La Crucifixi\u00f3n y Muerte de Nuestro Se\u00f1or.<\/li>\n<\/ol>\n<p><strong><em>\u00a0<\/em><\/strong><\/p>\n<p><strong><em>Misterios gloriosos<\/em><\/strong><em>\u00a0(mi\u00e9rcoles y domingo)<\/em><\/p>\n<ol>\n<li>La Resurrecci\u00f3n del Hijo de Dios.<\/li>\n<li>La Ascensi\u00f3n del Se\u00f1or a los Cielos.<\/li>\n<li>La Venida del Esp\u00edritu Santo sobre los Ap\u00f3stoles.<\/li>\n<li>La Asunci\u00f3n de Nuestra Se\u00f1ora a los Cielos.<\/li>\n<li>La Coronaci\u00f3n de la Sant\u00edsima Virgen como Reina de Cielos y Tierra.<\/li>\n<\/ol>\n<p><strong>\u00a0<\/strong><\/p>\n<h2>Salve Regina<\/h2>\n<p><a href=\"http:\/\/www.comunicazione.va\/en\/sostienici\/es.html\" target=\"_blank\" rel=\"noopener\"><br \/>\n<\/a>Dios te salve, Reina<br \/>\ny Madre de misericordia,<br \/>\nvida, dulzura y esperanza nuestra;<br \/>\nDios te salve.<br \/>\nA ti llamamos<br \/>\nlos desterrados hijos de Eva;<br \/>\na ti suspiramos, gimiendo y llorando<br \/>\nen este valle de l\u00e1grimas.<br \/>\nEa, pues, Se\u00f1ora, abogada nuestra,<br \/>\nvuelve a nosotros esos tus ojos<br \/>\nmisericordiosos;<br \/>\ny despu\u00e9s de este destierro,<br \/>\nmu\u00e9stranos a Jes\u00fas,<br \/>\nfruto bendito de tu vientre.<\/p>\n<p>\u00a1Oh, clement\u00edsima, oh piadosa,<br \/>\noh dulce Virgen Mar\u00eda!<\/p>\n<p>\u00a0<\/p>\n<h2>San Miguel Arc\u00e1ngel<\/h2>\n<p>San Miguel Arc\u00e1ngel, defi\u00e9ndenos en la lucha.<br \/>\nS\u00e9 nuestro amparo contra la perversidad y asechanzas del demonio.<br \/>\nQue Dios manifieste sobre \u00e9l su poder, es nuestra humilde s\u00faplica.<br \/>\nY t\u00fa, oh Pr\u00edncipe de la Milicia Celestial, con el poder que Dios te ha conferido,<br \/>\narroja al infierno a Satan\u00e1s, y a los dem\u00e1s esp\u00edritus malignos que vagan por el mundo<br \/>\npara la perdici\u00f3n de las almas. Am\u00e9n.<\/p>\n<p>\u00a0<\/p>\n<h2>S\u00edmbolo de los Ap\u00f3stoles<\/h2>\n<p>Creo en Dios, Padre Todopoderoso,<br \/>\nCreador del cielo y de la tierra.<br \/>\nCreo en Jesucristo, su \u00fanico Hijo,<br \/>\nNuestro Se\u00f1or,<br \/>\nQue fue concebido por obra y gracia del Esp\u00edritu Santo, naci\u00f3 de Santa Mar\u00eda Virgen, padeci\u00f3 bajo el poder de Poncio Pilato,<br \/>\nfue crucificado, muerto y sepultado, descendi\u00f3 a los infiernos, al tercer d\u00eda resucit\u00f3 de entre los muertos, subi\u00f3 a los cielos y est\u00e1 sentado a la derecha de Dios, Padre todopoderoso. Desde all\u00ed ha de venir<br \/>\na juzgar a vivos y muertos.<\/p>\n<p>Creo en el Esp\u00edritu Santo,<br \/>\nla santa Iglesia cat\u00f3lica,<br \/>\nla comuni\u00f3n de los santos,<br \/>\nel perd\u00f3n de los pecados,<br \/>\nla resurrecci\u00f3n de la carne<br \/>\ny la vida eterna.<br \/>\nAm\u00e9n<\/p>\n<p>\u00a0<\/p>\n<h2>Te Deum<\/h2>\n<p>A ti, oh Dios, te alabamos,<br \/>\na ti, Se\u00f1or, te reconocemos.<br \/>\nA ti, eterno Padre,<br \/>\nte venera toda la creaci\u00f3n.<br \/>\nLos \u00e1ngeles todos,<br \/>\nlos cielos y todas las potestades te honran.<br \/>\nLos querubines y serafines<br \/>\nte cantan sin cesar:<br \/>\nSanto, Santo, Santo es el Se\u00f1or,<br \/>\nDios del universo.<br \/>\nLos cielos y la tierra<br \/>\nest\u00e1n llenos de la majestad de tu gloria.<br \/>\nA ti te ensalza<br \/>\nel glorioso coro de los Ap\u00f3stoles,<br \/>\nla multitud admirable de los Profetas,<br \/>\nel blanco ej\u00e9rcito de los m\u00e1rtires.<br \/>\nA ti la Iglesia santa,<br \/>\nextendida por toda la tierra, te proclama:<br \/>\nPadre de inmensa majestad,<br \/>\nHijo \u00fanico y verdadero, digno de adoraci\u00f3n,<br \/>\nEsp\u00edritu Santo, Defensor.<br \/>\nT\u00fa eres el Rey de la gloria, Cristo.<br \/>\nT\u00fa eres el Hijo \u00fanico del Padre.<br \/>\nT\u00fa, para liberar al hombre,<br \/>\naceptaste la condici\u00f3n humana<br \/>\nsin desde\u00f1ar el seno de la Virgen.<br \/>\nT\u00fa, rotas las cadenas de la muerte,<br \/>\nabriste a los creyentes el reino del cielo.<br \/>\nT\u00fa te sientas a la derecha de Dios<br \/>\nen la gloria del Padre.<br \/>\nCreemos que un d\u00eda<br \/>\nhas de venir como juez.<br \/>\nTe rogamos, pues,<br \/>\nque vengas en ayuda de tus siervos,<br \/>\na quienes redimiste con tu preciosa sangre.<br \/>\nHaz que en la gloria eterna<br \/>\nnos asociemos a tus santos.<br \/>\nSalva a tu pueblo, Se\u00f1or,<br \/>\ny bendice tu heredad.<br \/>\nS\u00e9 su pastor<br \/>\ny ens\u00e1lzalo eternamente.<br \/>\nD\u00eda tras d\u00eda te bendecimos<br \/>\ny alabamos tu nombre para siempre,<br \/>\npor eternidad de eternidades.<br \/>\nD\u00edgnate, Se\u00f1or, en este d\u00eda<br \/>\nguardarnos del pecado.<br \/>\nTen piedad de nosotros, Se\u00f1or,<br \/>\nten piedad de nosotros.<br \/>\nQue tu misericordia, Se\u00f1or,<br \/>\nvenga sobre nosotros,<br \/>\ncomo lo esperamos de ti.<br \/>\nEn ti, Se\u00f1or, confi\u00e9,<br \/>\nno me ver\u00e9 defraudado para siempre.<\/p>\n<p>\u00a0<\/p>\n<h2>Ven Santo Esp\u00edritu<\/h2>\n<p>Ven, Esp\u00edritu divino,<br \/>\nmanda tu luz desde el cielo.<br \/>\nPadre amoroso del pobre;<br \/>\ndon, en tus dones espl\u00e9ndido;<br \/>\nluz que penetra las almas;<br \/>\nfuente del mayor consuelo.<\/p>\n<p>\u00a0<\/p>\n<p>Ven, dulce hu\u00e9sped del alma,<br \/>\ndescanso de nuestro esfuerzo,<br \/>\ntregua en el duro trabajo,<br \/>\nbrisa en las horas de fuego,<br \/>\ngozo que enjuga las l\u00e1grimas<br \/>\ny reconforta en los duelos.<\/p>\n<p>\u00a0<\/p>\n<p>Entra hasta el fondo del alma,<br \/>\ndivina luz, y enriqu\u00e9cenos.<br \/>\nMira el vac\u00edo del hombre,<br \/>\nsi t\u00fa le faltas por dentro;<br \/>\nmira el poder del pecado,<br \/>\ncuando no env\u00edas tu aliento.<\/p>\n<p>\u00a0<\/p>\n<p>Riega la tierra en sequ\u00eda,<br \/>\nsana el coraz\u00f3n enfermo,<br \/>\nlava las manchas,<br \/>\ninfunde calor de vida en el hielo,<br \/>\ndoma el esp\u00edritu ind\u00f3mito,<br \/>\ngu\u00eda al que tuerce el sendero.<\/p>\n<p>\u00a0<\/p>\n<p>Reparte tus siete dones,<br \/>\nseg\u00fan la fe de tus siervos;<br \/>\npor tu bondad y tu gracia,<br \/>\ndale al esfuerzo su m\u00e9rito;<br \/>\nsalva al que busca salvarse<br \/>\ny danos tu gozo eterno. Am\u00e9n.<\/p>\n<p>\u00a0<\/p>\n<h2>Veni Creator<\/h2>\n<p>Ven, Esp\u00edritu Creador,<br \/>\nvisita las almas de tus fieles<br \/>\nllena con tu divina gracia,<br \/>\nlos corazones que creaste.<\/p>\n<p>T\u00fa, a quien llamamos Par\u00e1clito,<br \/>\ndon de Dios Alt\u00edsimo,<br \/>\nfuente viva, fuego,<br \/>\ncaridad y espiritual unci\u00f3n.<\/p>\n<p>T\u00fa derramas sobre nosotros los siete dones;<br \/>\nT\u00fa, dedo de la diestra del Padre;<br \/>\nT\u00fa, fiel promesa del Padre;<br \/>\nque inspiras nuestras palabras.<\/p>\n<p>Ilumina nuestros sentidos;<br \/>\ninfunde tu amor en nuestros corazones;<br \/>\ny, con tu perpetuo auxilio,<br \/>\nfortalece la debilidad de nuestro cuerpo.<\/p>\n<p>Aleja de nosotros al enemigo,<br \/>\ndanos pronto la paz,<br \/>\ns\u00e9 nuestro director y nuestro gu\u00eda,<br \/>\npara que evitemos todo mal.<\/p>\n<p>Por ti conozcamos al Padre,<br \/>\nal Hijo rev\u00e9lanos tambi\u00e9n;<br \/>\nCreamos en ti, su Esp\u00edritu,<br \/>\npor los siglos de los siglos<\/p>\n<p>Gloria a Dios Padre,<br \/>\ny al Hijo que resucit\u00f3,<br \/>\ny al Esp\u00edritu Consolador,<br \/>\npor los siglos de los siglos. Am\u00e9n.<\/p>\n\n\t\t<\/div>\n\t<\/div>\n\n\t<div class=\"wpb_text_column wpb_content_element\" >\n\t\t<div class=\"wpb_wrapper\">\n\t\t\t<h2>Las Bienaventuranzas<\/h2>\n<p>Bienaventurados los pobres en el esp\u00edritu porque de ellos es el reino de los cielos.<br \/>\nBienaventurados los sufridos, porque ellos heredar\u00e1n la tierra.<br \/>\nBienaventurados los que lloran, porque ellos ser\u00e1n consolados.<br \/>\nBienaventurados los que tienen hambre y sed de justicia, porque ellos ser\u00e1n saciados.<br \/>\nBienaventurados los misericordiosos, porque ellos alcanzar\u00e1n misericordia.<br \/>\nBienaventurados los limpios de coraz\u00f3n, porque ellos ver\u00e1n a Dios.<br \/>\nBienaventurados los que trabajan por la paz, porque ellos se llamar\u00e1n hijos de Dios.<br \/>\nBienaventurados los perseguidos por causa de la justicia, porque de ellos es el reino de los cielos.<br \/>\nlos desterrados hijos de Eva;<br \/>\na ti suspiramos, gimiendo y llorando<br \/>\nen este valle de l\u00e1grimas.<br \/>\nEa, pues, Se\u00f1ora, abogada nuestra,<br \/>\nvuelve a nosotros esos tus ojos<br \/>\nmisericordiosos;<br \/>\ny despu\u00e9s de este destierro,<br \/>\nmu\u00e9stranos a Jes\u00fas,<br \/>\nfruto bendito de tu vientre.<br \/>\n\u00a1Oh, clement\u00edsima, oh piadosa,<br \/>\noh dulce Virgen Mar\u00eda!<\/p>\n<p>\u00a0<\/p>\n<h2>La se\u00f1al de la santa cruz<\/h2>\n<p>Por la se\u00f1al de la santa cruz, de nuestros enemigos l\u00edbranos, Se\u00f1or, Dios nuestro. En el nombre del Padre y del Hijo y del Esp\u00edritu Santo. Am\u00e9n.<\/p>\n<p>\u00a0<\/p>\n<h2>Yo Pecador (Yo Confieso)<\/h2>\n<p>Yo confieso ante Dios Todopoderoso,<br \/>\ny ante ustedes hermanos que he pecado mucho<br \/>\nde pensamiento, palabra, obra y omisi\u00f3n.<br \/>\nPor mi culpa, por mi culpa, por mi gran culpa.<br \/>\nPor eso ruego a Santa Mar\u00eda siempre Virgen,<br \/>\na los \u00e1ngeles, a los santos y a ustedes hermanos,<br \/>\nque intercedan por m\u00ed ante Dios, Nuestro Se\u00f1or. Am\u00e9n.<\/p>\n\n\t\t<\/div>\n\t<\/div>\n<\/div><\/div><\/div><\/div><\/div><\/section><section class=\"wpb_row vc_row-fluid\"><div class=\"container\"><div class=\"row\"><div class=\"wpb_column vc_column_container vc_col-sm-12\"><div class=\"vc_column-inner \"  ><div class=\"wpb_wrapper\">\n            <div \n                class=\"elfsight-widget-social-share-buttons elfsight-widget\" \n                data-elfsight-social-share-buttons-options=\"%7B%22items%22%3A%5B%7B%22network%22%3A%22facebook%22%2C%22buttonText%22%3A%22Facebook%22%7D%2C%7B%22network%22%3A%22fb-messenger%22%2C%22buttonText%22%3A%22Messenger%22%7D%2C%7B%22network%22%3A%22whatsapp%22%2C%22buttonText%22%3A%22WhatsApp%22%7D%2C%7B%22network%22%3A%22telegram%22%2C%22buttonText%22%3A%22Telegram%22%7D%2C%7B%22network%22%3A%22%22%2C%22buttonText%22%3Anull%7D%5D%2C%22moreToggle%22%3Atrue%2C%22msgMore%22%3A%22M%5Cu00e1s%22%2C%22msgClose%22%3A%22Cerrar%22%2C%22customUrl%22%3A%22%22%2C%22location%22%3A%22inline%22%2C%22position%22%3A%22center%22%2C%22columns%22%3A%22auto%22%2C%22gutter%22%3A12%2C%22hideOnMobile%22%3Afalse%2C%22elements%22%3A%5B%22icon%22%2C%22text%22%5D%2C%22shape%22%3A%22rounded%22%2C%22width%22%3A%22auto%22%2C%22style%22%3A%22default%22%2C%22iconColor%22%3A%22white%22%2C%22bgColor%22%3A%22native%22%2C%22iconColorOnHover%22%3A%22white%22%2C%22bgColorOnHover%22%3A%22black%22%2C%22animation%22%3A%22zoom%22%2C%22transparency%22%3A100%2C%22transparencyOnHover%22%3A100%2C%22widgetId%22%3A%221%22%7D\" \n                data-elfsight-social-share-buttons-version=\"1.6.0\"\n                data-elfsight-widget-id=\"elfsight-social-share-buttons-1\">\n            <\/div>\n            <\/div><\/div><\/div><\/div><\/div><\/section>\n<\/div>","protected":false},"excerpt":{"rendered":"[toc] Acordaos Acordaos, oh piados\u00edsima Virgen Mar\u00eda, que jam\u00e1s se ha o\u00eddo decir que ninguno de los que han acudido a tu protecci\u00f3n, implorando tu asistencia y reclamando tu socorro, [...]","protected":false},"author":3,"featured_media":0,"parent":816,"menu_order":0,"comment_status":"closed","ping_status":"closed","template":"page-templates\/template-fullwidth.php","meta":{"rs_blank_template":"","rs_page_bg_color":"","slide_template_v7":"","footnotes":""},"class_list":["post-824","page","type-page","status-publish","hentry"],"_links":{"self":[{"href":"https:\/\/sant-francesc.eu\/ca\/wp-json\/wp\/v2\/pages\/824","targetHints":{"allow":["GET"]}}],"collection":[{"href":"https:\/\/sant-francesc.eu\/ca\/wp-json\/wp\/v2\/pages"}],"about":[{"href":"https:\/\/sant-francesc.eu\/ca\/wp-json\/wp\/v2\/types\/page"}],"author":[{"embeddable":true,"href":"https:\/\/sant-francesc.eu\/ca\/wp-json\/wp\/v2\/users\/3"}],"replies":[{"embeddable":true,"href":"https:\/\/sant-francesc.eu\/ca\/wp-json\/wp\/v2\/comments?post=824"}],"version-history":[{"count":0,"href":"https:\/\/sant-francesc.eu\/ca\/wp-json\/wp\/v2\/pages\/824\/revisions"}],"up":[{"embeddable":true,"href":"https:\/\/sant-francesc.eu\/ca\/wp-json\/wp\/v2\/pages\/816"}],"wp:attachment":[{"href":"https:\/\/sant-francesc.eu\/ca\/wp-json\/wp\/v2\/media?parent=824"}],"curies":[{"name":"wp","href":"https:\/\/api.w.org\/{rel}","templated":true}]}}