{"id":830,"date":"2020-11-22T08:01:58","date_gmt":"2020-11-22T07:01:58","guid":{"rendered":"https:\/\/sant-francesc.eu\/?page_id=830"},"modified":"2024-06-05T18:19:42","modified_gmt":"2024-06-05T16:19:42","slug":"oraciones-en-catalan","status":"publish","type":"page","link":"https:\/\/sant-francesc.eu\/ca\/oraciones\/oraciones-en-catalan\/","title":{"rendered":"Preg\u00e0ries en Catal\u00e0"},"content":{"rendered":"<div class=\"wpb-content-wrapper\"><section class=\"wpb_row vc_row-fluid\"><div class=\"container\"><div class=\"row\"><div class=\"wpb_column vc_column_container vc_col-sm-12\"><div class=\"vc_column-inner\"  ><div class=\"wpb_wrapper\">\n\t<div class=\"wpb_text_column wpb_content_element\" >\n\t\t<div class=\"wpb_wrapper\">\n\t\t\t<h2 id=\"firstHeading\" class=\"firstHeading\" lang=\"ca\">Parenostre<\/h2>\n\n\t\t<\/div>\n\t<\/div>\n<div class=\"vc_row wpb_row vc_inner vc_row-fluid\"><div class=\"wpb_column vc_column_container vc_col-sm-4\"><div class=\"vc_column-inner\"><div class=\"wpb_wrapper\">\n\t<div class=\"wpb_text_column wpb_content_element\" >\n\t\t<div class=\"wpb_wrapper\">\n\t\t\t<p><strong>en catal\u00e0<\/strong><\/p>\n<p>Pare nostre, que esteu en el cel, sigui santificat el vostre nom;<br \/>\nvingui a nosaltres el vostre regne;<br \/>\nfaci\u2019s la vostra voluntat, aix\u00ed a la terra com es fa en el cel.<\/p>\n<p>El nostre pa de cada dia doneu-nos, Senyor, el dia d\u2019avui;<br \/>\ni perdoneu les nostres culpes,<br \/>\naix\u00ed com nosaltres perdonem els nostres deutors;<br \/>\ni no permeteu que nosaltres caiguem en la temptaci\u00f3;<br \/>\nans deslliureu-nos de qualsevol mal. Am\u00e9n.<\/p>\n\n\t\t<\/div>\n\t<\/div>\n<\/div><\/div><\/div><div class=\"wpb_column vc_column_container vc_col-sm-4\"><div class=\"vc_column-inner\"><div class=\"wpb_wrapper\">\n\t<div class=\"wpb_text_column wpb_content_element\" >\n\t\t<div class=\"wpb_wrapper\">\n\t\t\t<p><strong>en mallorqu\u00ed<\/strong><\/p>\n<p>Pare nostro qui estau en el cel,<br \/>\nsia santificat el vostro nom.<br \/>\nVenga a nosaltres el vostro regne.<br \/>\nEs fa\u00e7a la vostra voluntat,<br \/>\naix\u00ed a la terra com en el cel.<\/p>\n<p>El nostro pa de cada dia,<br \/>\ndonau-nos senyor el dia d\u2019avui<br \/>\nI perdonau les nostres culpes<br \/>\naix\u00ed com nosaltres perdonam els nostros deutors.<br \/>\nI no permeteu que caiguem en la temptaci\u00f3,<br \/>\nans alliberau-nos de qualsevol mal<br \/>\nAm\u00e8n.<\/p>\n\n\t\t<\/div>\n\t<\/div>\n<\/div><\/div><\/div><div class=\"wpb_column vc_column_container vc_col-sm-4\"><div class=\"vc_column-inner\"><div class=\"wpb_wrapper\">\n\t<div class=\"wpb_text_column wpb_content_element\" >\n\t\t<div class=\"wpb_wrapper\">\n\t\t\t<p><strong>en valenci\u00e0<\/strong><\/p>\n\n\t\t<\/div>\n\t<\/div>\n\n\t<div class=\"wpb_text_column wpb_content_element\" >\n\t\t<div class=\"wpb_wrapper\">\n\t\t\t<pre><span style=\"font-size: 12pt; font-family: georgia, palatino, serif;\">Versi\u00f3 actual proposada per l'Acad\u00e8mia Valenciana de la Llengua (AVL). \r\nLa versi\u00f3 antiga medieval podria semblar-se prou a la rossellonesa, \r\ntenint en compte que aquestes oracions van ser durant molt de temps transmeses en llat\u00ed.<\/span><\/pre>\n\n\t\t<\/div>\n\t<\/div>\n\n\t<div class=\"wpb_text_column wpb_content_element\" >\n\t\t<div class=\"wpb_wrapper\">\n\t\t\t<p>Pare nostre, que esteu en el cel:<br \/>\nSiga santificat el vostre nom.<br \/>\nVinga a nosaltres el vostre regne.<br \/>\nFa\u00e7a\u2019s la vostra voluntat,<br \/>\naix\u00ed a la terra com es fa en el cel.<br \/>\nEl nostre pa de cada dia,<br \/>\ndoneu-nos, Senyor, el dia de hui.<br \/>\nI perdoneu les nostres culpes,<br \/>\naix\u00ed com nosaltres perdonem els nostres deutors.<br \/>\nI no permeteu que nosaltres caiguem a la temptaci\u00f3,<br \/>\nans allibereu-nos de qualsevol mal.<br \/>\nAm\u00e9n.<\/p>\n\n\t\t<\/div>\n\t<\/div>\n<\/div><\/div><\/div><\/div>\n\t<div class=\"wpb_text_column wpb_content_element\" >\n\t\t<div class=\"wpb_wrapper\">\n\t\t\t<h2>El Senyal de la Santa Creu<\/h2>\n<p>Pel senyal de la santa creu, dels nostres enemics deslliureu-nos, Senyor, D\u00e9u nostre.<\/p>\n<p>En el nom del Pare i del Fill i de l\u2019Esperit Sant. Am\u00e9n<\/p>\n<p>\u00a0<\/p>\n<h2>Ave Maria<\/h2>\n<p>D\u00e9u vos salve, Maria, plena de gr\u00e0cia;<br \/>\nel Senyor \u00e9s amb V\u00f3s.<\/p>\n<p>Bene\u00efda sou V\u00f3s, entre totes les dones,<br \/>\ni bene\u00eft \u00e9s el fruit del vostre ventre, Jes\u00fas.<\/p>\n<p>Santa Maria, Mare de D\u00e9u,<br \/>\npregueu per nosaltres pecadors,<br \/>\nara i en l\u00b4hora de la nostra mort.<\/p>\n<p>Am\u00e9n.<\/p>\n<p>\u00a0<\/p>\n<h2>El Gl\u00f2ria<\/h2>\n<p>Gl\u00f2ria al Pare i al Fill i a l\u2019Esperit Sant.<\/p>\n<p>Com era al principi, ara i sempre, i pels segles dels segles. Am\u00e9n.<\/p>\n<p>\u00a0<\/p>\n<h2>Jo Confesso<\/h2>\n<p>Jo confesso a D\u00e9u totpoder\u00f3s<br \/>\ni a vosaltres, germans,<br \/>\nque he pecat, per culpa meva, de pensament, paraula, obra i omissi\u00f3.<br \/>\nPer aix\u00f2 demano a la Verge Maria, Mare de D\u00e9u, als \u00e0ngels i als sants, i a vosaltres, germans,<br \/>\nque pregueu per mi a D\u00e9u, nostre Senyor.<\/p>\n<p>\u00a0<\/p>\n<h2>El Credo<\/h2>\n<h3>S\u00edmbol dels Ap\u00f2stols<\/h3>\n<p>Crec en un D\u00e9u,<br \/>\nPare totpoder\u00f3s, Creador del cel i de la terra.<\/p>\n<p>I en Jesucrist, \u00fanic Fill seu i Senyor nostre;<br \/>\nel qual fou concebut per obra de l\u2019Esperit Sant,<br \/>\nnasqu\u00e9 de Maria Verge;<br \/>\npat\u00ed sota el poder de Pon\u00e7 Pilat,<br \/>\nfou crucificat, mort i sepultat;<br \/>\ndavall\u00e0 als inferns,<br \/>\nressuscit\u00e0 el tercer dia d\u2019entre els morts;<br \/>\nse\u2019n puj\u00e0 al cel, seu a la dreta de D\u00e9u, Pare totpoder\u00f3s;<br \/>\ni d\u2019all\u00ed ha de venir a judicar els vius i els morts.<\/p>\n<p>Crec en l\u2019Esperit Sant;<br \/>\nla santa Mare Esgl\u00e9sia cat\u00f2lica;<br \/>\nla comuni\u00f3 dels sants;<br \/>\nla remissi\u00f3 dels pecats;<br \/>\nla resurrecci\u00f3 de la carn;<br \/>\nla vida perdurable. Am\u00e9n.<\/p>\n<p>\u00a0<\/p>\n<h3>S\u00edmbol de Nicea-Constantinoble<\/h3>\n<p>Crec en un sol D\u00e9u, Pare totpoder\u00f3s,<br \/>\ncreador del cel i de la terra,<br \/>\nde totes les coses visibles i invisibles.<\/p>\n<p>I en un sol Senyor, Jesucrist,<br \/>\nFill unig\u00e8nit de D\u00e9u,<br \/>\nnascut del Pare abans de tots els segles.<br \/>\nD\u00e9u nat de D\u00e9u,<br \/>\nLlum resplendor de la Llum,<br \/>\nD\u00e9u veritable nascut del D\u00e9u veritable,<br \/>\nengendrat, no pas creat,<br \/>\nde la mateixa naturalesa del Pare:<br \/>\nper ell tota cosa fou creada.<br \/>\nEl qual per nosaltres els homes<br \/>\ni per la nostra salvaci\u00f3, davall\u00e0 del cel.<br \/>\nI, per obra de l\u2019Esperit Sant,<br \/>\ns\u2019encarn\u00e0 de la Verge Maria,<br \/>\ni es f\u00e9u home.<br \/>\nCrucificat despr\u00e9s per nosaltres<br \/>\nsota el poder de Pon\u00e7 Pilat;<br \/>\npat\u00ed i fou sepultat,<br \/>\ni ressuscit\u00e0 el tercer dia,<br \/>\ncom deien ja les Escriptures,<br \/>\ni se\u2019n puj\u00e0 al cel, on seu a la dreta del Pare.<br \/>\nI tornar\u00e0 glori\u00f3s a judicar els vius i els morts,<br \/>\ni el seu regnat no tindr\u00e0 fi.<\/p>\n<p>Crec en l\u2019Esperit Sant, que \u00e9s Senyor i infon la vida,<br \/>\nque procedeix del Pare i del Fill.<br \/>\nI juntament amb el Pare i el Fill \u00e9s adorat i glorificat;<br \/>\nque parl\u00e0 per boca dels profetes.<\/p>\n<p>I en una sola Esgl\u00e9sia, santa, cat\u00f2lica i apost\u00f2lica.<br \/>\nProfesso que hi ha un sol baptisme<br \/>\nper a perdonar el pecat.<br \/>\nI espero la resurrecci\u00f3 dels morts,<br \/>\ni la vida de la gl\u00f2ria. Am\u00e9n.<\/p>\n<p>\u00a0<\/p>\n<h2>La Salve<\/h2>\n<p>D\u00e9u vos salve, Reina i Mare de miseric\u00f2rdia;<br \/>\nvida, dolcesa i esperan\u00e7a nostra, D\u00e9u vos salve.<br \/>\nA v\u00f3s cridem els desterrats fills d\u2019Eva;<br \/>\na v\u00f3s sospirem, gemint i plorant en aquesta vall de ll\u00e0grimes.<br \/>\nAra, doncs, advocada nostra, gireu envers nosaltres aquests ulls vostres tan misericordiosos.<br \/>\ni, despr\u00e9s d\u2019aquest exili, mostreu-nos Jes\u00fas, fruit bene\u00eft del vostre ventre.<br \/>\nOh clement\u00edssima, oh piadosa, oh dol\u00e7a Verge Maria.<\/p>\n\n\t\t<\/div>\n\t<\/div>\n<\/div><\/div><\/div><\/div><\/div><\/section><section class=\"wpb_row vc_row-fluid\"><div class=\"container\"><div class=\"row\"><div class=\"wpb_column vc_column_container vc_col-sm-12\"><div class=\"vc_column-inner\"  ><div class=\"wpb_wrapper\">\n            <div \n                class=\"elfsight-widget-social-share-buttons elfsight-widget\" \n                data-elfsight-social-share-buttons-options=\"%7B%22items%22%3A%5B%7B%22network%22%3A%22facebook%22%2C%22buttonText%22%3A%22Facebook%22%7D%2C%7B%22network%22%3A%22fb-messenger%22%2C%22buttonText%22%3A%22Messenger%22%7D%2C%7B%22network%22%3A%22whatsapp%22%2C%22buttonText%22%3A%22WhatsApp%22%7D%2C%7B%22network%22%3A%22telegram%22%2C%22buttonText%22%3A%22Telegram%22%7D%2C%7B%22network%22%3A%22%22%2C%22buttonText%22%3Anull%7D%5D%2C%22moreToggle%22%3Atrue%2C%22msgMore%22%3A%22M%5Cu00e1s%22%2C%22msgClose%22%3A%22Cerrar%22%2C%22customUrl%22%3A%22%22%2C%22location%22%3A%22inline%22%2C%22position%22%3A%22center%22%2C%22columns%22%3A%22auto%22%2C%22gutter%22%3A12%2C%22hideOnMobile%22%3Afalse%2C%22elements%22%3A%5B%22icon%22%2C%22text%22%5D%2C%22shape%22%3A%22rounded%22%2C%22width%22%3A%22auto%22%2C%22style%22%3A%22default%22%2C%22iconColor%22%3A%22white%22%2C%22bgColor%22%3A%22native%22%2C%22iconColorOnHover%22%3A%22white%22%2C%22bgColorOnHover%22%3A%22black%22%2C%22animation%22%3A%22zoom%22%2C%22transparency%22%3A100%2C%22transparencyOnHover%22%3A100%2C%22widgetId%22%3A%221%22%7D\" \n                data-elfsight-social-share-buttons-version=\"1.6.0\"\n                data-elfsight-widget-id=\"elfsight-social-share-buttons-1\">\n            <\/div>\n            <\/div><\/div><\/div><\/div><\/div><\/section>\n<\/div>","protected":false},"excerpt":{"rendered":"Parenostre en catal\u00e0 Pare nostre, que esteu en el cel, sigui santificat el vostre nom; vingui a nosaltres el vostre regne; faci\u2019s la vostra voluntat, aix\u00ed a la terra com [...]","protected":false},"author":3,"featured_media":0,"parent":816,"menu_order":1,"comment_status":"closed","ping_status":"closed","template":"page-templates\/template-fullwidth.php","meta":{"rs_blank_template":"","rs_page_bg_color":"","slide_template_v7":"","footnotes":""},"class_list":["post-830","page","type-page","status-publish","hentry"],"_links":{"self":[{"href":"https:\/\/sant-francesc.eu\/ca\/wp-json\/wp\/v2\/pages\/830","targetHints":{"allow":["GET"]}}],"collection":[{"href":"https:\/\/sant-francesc.eu\/ca\/wp-json\/wp\/v2\/pages"}],"about":[{"href":"https:\/\/sant-francesc.eu\/ca\/wp-json\/wp\/v2\/types\/page"}],"author":[{"embeddable":true,"href":"https:\/\/sant-francesc.eu\/ca\/wp-json\/wp\/v2\/users\/3"}],"replies":[{"embeddable":true,"href":"https:\/\/sant-francesc.eu\/ca\/wp-json\/wp\/v2\/comments?post=830"}],"version-history":[{"count":0,"href":"https:\/\/sant-francesc.eu\/ca\/wp-json\/wp\/v2\/pages\/830\/revisions"}],"up":[{"embeddable":true,"href":"https:\/\/sant-francesc.eu\/ca\/wp-json\/wp\/v2\/pages\/816"}],"wp:attachment":[{"href":"https:\/\/sant-francesc.eu\/ca\/wp-json\/wp\/v2\/media?parent=830"}],"curies":[{"name":"wp","href":"https:\/\/api.w.org\/{rel}","templated":true}]}}