{"id":908,"date":"2020-11-25T07:36:26","date_gmt":"2020-11-25T06:36:26","guid":{"rendered":"https:\/\/sant-francesc.eu\/?page_id=908"},"modified":"2026-05-11T11:30:04","modified_gmt":"2026-05-11T09:30:04","slug":"coral-de-sant-francesc","status":"publish","type":"page","link":"https:\/\/sant-francesc.eu\/ca\/coral-de-sant-francesc\/","title":{"rendered":"Coral de Sant Francesc"},"content":{"rendered":"<div class=\"wpb-content-wrapper\"><section class=\"wpb_row vc_row-fluid vc_custom_1610972253263 vc_row-has-fill\"><div class=\"container\"><div class=\"row\"><div class=\"wpb_column vc_column_container vc_col-sm-12\"><div class=\"vc_column-inner \"  ><div class=\"wpb_wrapper\">\n\t<div class=\"wpb_text_column wpb_content_element\" >\n\t\t<div class=\"wpb_wrapper\">\n\t\t\t<p>La coral de la parroquia de \u00abSant Francesc de Ciutadella\u00bb te invita a formar parte del coro.<\/p>\n<p>Si te gusta cantar m\u00e1ndanos una solicitud y te diremos como formar parte de la coral.<\/p>\n\n\t\t<\/div>\n\t<\/div>\n<h2 style=\"color: #000000;text-align: left\" class=\"vc_custom_heading vc_do_custom_heading\" >Los Valores del Canto de la Liturgia<\/h2><div class=\"vc_empty_space\"   style=\"height: 32px\"><span class=\"vc_empty_space_inner\"><\/span><\/div>\n\t<div class=\"wpb_text_column wpb_content_element\" >\n\t\t<div class=\"wpb_wrapper\">\n\t\t\t<ul>\n<li><strong>El canto expresa y realiza nuestras actitudes interiores.\u00a0<\/strong>Expresa las ideas y los sentimientos, las actitudes y los deseos. Es un lenguaje universal con un poder expresivo que muchas veces llega a donde no llega la sola palabra. En la liturgia el canto tiene una funci\u00f3n clara: expresa nuestra postura ante Dios (alabanza, petici\u00f3n) y nuestra sinton\u00eda con la comunidad y con el misterio que celebramos.<\/li>\n<li><strong>El canto hace comunidad.\u00a0<\/strong>El canto pone de manifiesto de un modo pleno y perfecto la\u00a0\u00edndole comunitaria del culto cristiano. Cantar en com\u00fan une. Nuestra fe no es s\u00f3lo asunto personal nuestro: somos comunidad, y el canto es uno de los mejores signos del sentir com\u00fan.<\/li>\n<li><strong>El canto hace fiesta.\u00a0<\/strong>El valor del canto es el de crear un clima m\u00e1s festivo y solemne, ya sea expresado con mayor delicadeza la oraci\u00f3n o fomentando la unidad.<\/li>\n<li><strong>La funci\u00f3n ministerial del canto.\u00a0<\/strong>La raz\u00f3n de ser de la m\u00fasica en la celebraci\u00f3n cristiana le viene de la celebraci\u00f3n misma y de la comunidad celebrante. El canto sirve \u201cministerialmente\u201d al rito celebrado por la comunidad.<\/li>\n<li><strong>El canto, sacramento.\u00a0<\/strong>Dentro de la celebraci\u00f3n, el canto y la m\u00fasica se convierten en un signo eficaz, en un sacramento del acontecimiento interior. Dios habla y la comunidad responde con fe y con actitudes de alabanza; se encuentran en comuni\u00f3n interior.<\/li>\n<\/ul>\n\n\t\t<\/div>\n\t<\/div>\n<div class=\"vc_btn3-container  wpb_animate_when_almost_visible wpb_fadeIn fadeIn vc_btn3-center vc_do_btn\" ><a class=\"vc_general vc_btn3 vc_btn3-size-lg vc_btn3-shape-rounded vc_btn3-style-modern vc_btn3-color-green\" href=\"https:\/\/sant-francesc.eu\/cantomisadominical\/menu.htm\" title=\"\" target=\"_blank\">Canto de Misa Dominical<\/a><\/div><\/div><\/div><\/div><\/div><\/div><\/section><section class=\"wpb_row vc_row-fluid vc_custom_1610972253263 vc_row-has-fill\"><div class=\"container\"><div class=\"row\"><div class=\"wpb_column vc_column_container vc_col-sm-12\"><div class=\"vc_column-inner \"  ><div class=\"wpb_wrapper\"><h2 style=\"color: #000000;text-align: left\" class=\"vc_custom_heading vc_do_custom_heading\" >\u00bfC\u00f3mo participar en el coro en nuestra parroquia de Sant Francesc?<\/h2><div class=\"vc_empty_space\"   style=\"height: 32px\"><span class=\"vc_empty_space_inner\"><\/span><\/div>\n\t<div class=\"wpb_text_column wpb_content_element\" >\n\t\t<div class=\"wpb_wrapper\">\n\t\t\t<ul>\n<li>Ac\u00e9rcate al sacerdote y ponte a su disposici\u00f3n o a la persona de acogida que encontraras a la entrada a la iglesia y pide informaci\u00f3n.<\/li>\n<li>Contactar rellenando el formulario que hay m\u00e1s abajo.<\/li>\n<\/ul>\n\n\t\t<\/div>\n\t<\/div>\n<\/div><\/div><\/div><\/div><\/div><\/section><section class=\"wpb_row vc_row-fluid\"><div class=\"container\"><div class=\"row\"><div class=\"wpb_column vc_column_container vc_col-sm-3\"><div class=\"vc_column-inner \"  ><div class=\"wpb_wrapper\"><div class=\"vc_icon_element vc_icon_element-outer vc_do_icon vc_icon_element-align-left vc_icon_element-have-style\"><div class=\"vc_icon_element-inner vc_icon_element-color-white vc_icon_element-have-style-inner vc_icon_element-size-lg vc_icon_element-style-rounded vc_icon_element-background vc_icon_element-background-color-green\" ><span class=\"vc_icon_element-icon typcn typcn-mail\" ><\/span><\/div><\/div><\/div><\/div><\/div><div class=\"wpb_column vc_column_container vc_col-sm-9\"><div class=\"vc_column-inner \"  ><div class=\"wpb_wrapper\">\n\t<div class=\"wpb_text_column wpb_content_element\" >\n\t\t<div class=\"wpb_wrapper\">\n\t\t\t<h2 class=\"eapps-form-header-title\">Para Cualquier Informaci\u00f3n<\/h2>\n<div class=\"eapps-form-header-text\">Contacta con el despacho parroquial<\/div>\n\n\t\t<\/div>\n\t<\/div>\n<\/div><\/div><\/div><\/div><\/div><\/section><section class=\"wpb_row vc_row-fluid\"><div class=\"container\"><div class=\"row\"><div class=\"wpb_column vc_column_container vc_col-sm-12\"><div class=\"vc_column-inner \"  ><div class=\"wpb_wrapper\">\n<div class=\"wpcf7 no-js\" id=\"wpcf7-f265-o1\" lang=\"en-US\" dir=\"ltr\" data-wpcf7-id=\"265\">\n<div class=\"screen-reader-response\"><p role=\"status\" aria-live=\"polite\" aria-atomic=\"true\"><\/p> <ul><\/ul><\/div>\n<form action=\"\/ca\/wp-json\/wp\/v2\/pages\/908#wpcf7-f265-o1\" method=\"post\" class=\"wpcf7-form init\" aria-label=\"Contact form\" novalidate=\"novalidate\" data-status=\"init\">\n<fieldset class=\"hidden-fields-container\"><input type=\"hidden\" name=\"_wpcf7\" value=\"265\" \/><input type=\"hidden\" name=\"_wpcf7_version\" value=\"6.1.5\" \/><input type=\"hidden\" name=\"_wpcf7_locale\" value=\"en_US\" \/><input type=\"hidden\" name=\"_wpcf7_unit_tag\" value=\"wpcf7-f265-o1\" \/><input type=\"hidden\" name=\"_wpcf7_container_post\" value=\"0\" \/><input type=\"hidden\" name=\"_wpcf7_posted_data_hash\" value=\"\" \/><input type=\"hidden\" name=\"_wpcf7_recaptcha_response\" value=\"\" \/>\n<\/fieldset>\n<div id=\"contact-form-wrapper\">\n\t<p><span class=\"wpcf7-form-control-wrap\" data-name=\"your-name\"><input size=\"40\" maxlength=\"400\" class=\"wpcf7-form-control wpcf7-text wpcf7-validates-as-required form-control\" aria-required=\"true\" aria-invalid=\"false\" placeholder=\"Nombre\" value=\"\" type=\"text\" name=\"your-name\" \/><\/span><br \/>\n<span class=\"wpcf7-form-control-wrap\" data-name=\"your-email\"><input size=\"40\" maxlength=\"400\" class=\"wpcf7-form-control wpcf7-email wpcf7-validates-as-required wpcf7-text wpcf7-validates-as-email form-control\" aria-required=\"true\" aria-invalid=\"false\" placeholder=\"Correo electr\u00f3nico\" value=\"\" type=\"email\" name=\"your-email\" \/><\/span><br \/>\n<span class=\"wpcf7-form-control-wrap\" data-name=\"your-subject\"><input size=\"40\" maxlength=\"400\" class=\"wpcf7-form-control wpcf7-text form-control\" aria-invalid=\"false\" placeholder=\"Motivo del mensaje\" value=\"\" type=\"text\" name=\"your-subject\" \/><\/span><br \/>\n<span class=\"wpcf7-form-control-wrap\" data-name=\"your-message\"><textarea cols=\"10\" rows=\"5\" maxlength=\"2000\" class=\"wpcf7-form-control wpcf7-textarea form-control\" aria-invalid=\"false\" placeholder=\"Su mensaje\" name=\"your-message\"><\/textarea><\/span><br \/>\n<input class=\"wpcf7-form-control wpcf7-submit has-spinner btn btn-custom\" type=\"submit\" value=\"Enviar\" \/><br \/>\n<span class=\"wpcf7-form-control-wrap\" data-name=\"your-consent\"><span class=\"wpcf7-form-control wpcf7-acceptance\"><span class=\"wpcf7-list-item\"><label><input type=\"checkbox\" name=\"your-consent\" value=\"1\" aria-invalid=\"false\" \/><span class=\"wpcf7-list-item-label\">He le\u00eddo y acepto la <a href=\"\/politica-de-privacidad\">pol\u00edtica de privacidad<\/a>.<\/span><\/label><\/span><\/span><\/span>\n\t<\/p>\n<\/div><div class=\"wpcf7-response-output\" aria-hidden=\"true\"><\/div>\n<\/form>\n<\/div>\n\n\t<div class=\"wpb_text_column wpb_content_element\" >\n\t\t<div class=\"wpb_wrapper\">\n\t\t\t<p>Este sitio est\u00e1 protegido por reCAPTCHA y se aplican la <a href=\u00bbhttps:\/\/policies.google.com\/privacy\u00bb target=\u00bb_blank\u00bb rel=\u00bbnoopener\u00bb>Pol\u00edtica de privacidad<\/a> y los <a href=\u00bbhttps:\/\/policies.google.com\/terms\u00bb target=\u00bb_blank\u00bb rel=\u00bbnoopener\u00bb>T\u00e9rminos de servicio<\/a> de Google.<\/p>\n\n\t\t<\/div>\n\t<\/div>\n<\/div><\/div><\/div><\/div><\/div><\/section><section class=\"wpb_row vc_row-fluid vc_custom_1610972253263 vc_row-has-fill\"><div class=\"container\"><div class=\"row\"><div class=\"wpb_column vc_column_container vc_col-sm-12\"><div class=\"vc_column-inner \"  ><div class=\"wpb_wrapper\">\n            <div \n                class=\"elfsight-widget-social-share-buttons elfsight-widget\" \n                data-elfsight-social-share-buttons-options=\"%7B%22items%22%3A%5B%7B%22network%22%3A%22facebook%22%2C%22buttonText%22%3A%22Facebook%22%7D%2C%7B%22network%22%3A%22fb-messenger%22%2C%22buttonText%22%3A%22Messenger%22%7D%2C%7B%22network%22%3A%22whatsapp%22%2C%22buttonText%22%3A%22WhatsApp%22%7D%2C%7B%22network%22%3A%22telegram%22%2C%22buttonText%22%3A%22Telegram%22%7D%2C%7B%22network%22%3A%22%22%2C%22buttonText%22%3Anull%7D%5D%2C%22moreToggle%22%3Atrue%2C%22msgMore%22%3A%22M%5Cu00e1s%22%2C%22msgClose%22%3A%22Cerrar%22%2C%22customUrl%22%3A%22%22%2C%22location%22%3A%22inline%22%2C%22position%22%3A%22center%22%2C%22columns%22%3A%22auto%22%2C%22gutter%22%3A12%2C%22hideOnMobile%22%3Afalse%2C%22elements%22%3A%5B%22icon%22%2C%22text%22%5D%2C%22shape%22%3A%22rounded%22%2C%22width%22%3A%22auto%22%2C%22style%22%3A%22default%22%2C%22iconColor%22%3A%22white%22%2C%22bgColor%22%3A%22native%22%2C%22iconColorOnHover%22%3A%22white%22%2C%22bgColorOnHover%22%3A%22black%22%2C%22animation%22%3A%22zoom%22%2C%22transparency%22%3A100%2C%22transparencyOnHover%22%3A100%2C%22widgetId%22%3A%221%22%7D\" \n                data-elfsight-social-share-buttons-version=\"1.6.0\"\n                data-elfsight-widget-id=\"elfsight-social-share-buttons-1\">\n            <\/div>\n            <\/div><\/div><\/div><\/div><\/div><\/section><section class=\"wpb_row vc_row-fluid\"><div class=\"container\"><div class=\"row\"><div class=\"wpb_column vc_column_container vc_col-sm-12\"><div class=\"vc_column-inner \"  ><div class=\"wpb_wrapper\">\n<div class=\"vc-zigzag-wrapper vc-zigzag-align-center\"><div class=\"vc-zigzag-inner\" style=\"width: 100%;min-height: 14px;background: 0 repeat-x url(&#039;data:image\/svg+xml;utf-8,%3C%3Fxml%20version%3D%221.0%22%20encoding%3D%22utf-8%22%3F%3E%3C%21DOCTYPE%20svg%20PUBLIC%20%22-%2F%2FW3C%2F%2FDTD%20SVG%201.1%2F%2FEN%22%20%22http%3A%2F%2Fwww.w3.org%2FGraphics%2FSVG%2F1.1%2FDTD%2Fsvg11.dtd%22%3E%3Csvg%20width%3D%2214px%22%20height%3D%2212px%22%20viewBox%3D%220%200%2018%2015%22%20version%3D%221.1%22%20xmlns%3D%22http%3A%2F%2Fwww.w3.org%2F2000%2Fsvg%22%20xmlns%3Axlink%3D%22http%3A%2F%2Fwww.w3.org%2F1999%2Fxlink%22%3E%3Cpolygon%20id%3D%22Combined-Shape%22%20fill%3D%22%23ebebeb%22%20points%3D%228.98762301%200%200%209.12771969%200%2014.519983%209%205.40479869%2018%2014.519983%2018%209.12771969%22%3E%3C%2Fpolygon%3E%3C%2Fsvg%3E&#039;);\"><\/div><\/div><\/div><\/div><\/div><\/div><\/div><\/section><section class=\"wpb_row vc_row-fluid\"><div class=\"container\"><div class=\"row\"><div class=\"wpb_column vc_column_container vc_col-sm-12\"><div class=\"vc_column-inner \"  ><div class=\"wpb_wrapper\"><h2 style=\"color: #000000;text-align: left\" class=\"vc_custom_heading vc_do_custom_heading\" >Pr\u00f3ximos Eventos<\/h2><div class=\"vc_empty_space\"   style=\"height: 32px\"><span class=\"vc_empty_space_inner\"><\/span><\/div>\t\n\n    <div class=\"fx custom-carousel-1\">\n\t    \t    \t\t            <div class=\"item\">\n\t                <div class=\"overlay\">\n\t                    <span class=\"time\">maig 17, 2026<\/span>\n\t                    <h3><a href=\"https:\/\/sant-francesc.eu\/ca\/evento\/la-ascension-del-senor-2026\/\">La Ascensi\u00f3n del Se\u00f1or 2026<\/a><\/h3>\n\t                    <span class=\"desc\">El\u00a0D\u00eda de la Ascensi\u00f3n\u00a0es una\u00a0solemnidad\u00a0cristiana\u00a0que se celebra cuarenta d\u00edas despu\u00e9s del\u00a0domingo de resurrecci\u00f3n\u00a0(durante el\u00a0Tiempo pascual) y que conmemora la\u00a0ascensi\u00f3n de Jesucristo\u00a0al cielo en presencia de sus disc\u00edpulos tras anunciarles que [\u2026]<\/span>\n\t                <\/div>\n\t                <img decoding=\"async\" width=\"640\" height=\"480\" src=\"https:\/\/sant-francesc.eu\/wp-content\/uploads\/2025\/09\/Ascension-del-Senor-1-640x480.jpg\" class=\"attachment-events-homepage-thumb size-events-homepage-thumb wp-post-image\" alt=\"\" title=\"\">\t            <\/div>\n\t        \t            <div class=\"item\">\n\t                <div class=\"overlay\">\n\t                    <span class=\"time\">maig 24, 2026<\/span>\n\t                    <h3><a href=\"https:\/\/sant-francesc.eu\/ca\/evento\/pentecostes-2026\/\">Pentecost\u00e9s 2026<\/a><\/h3>\n\t                    <span class=\"desc\">Pentecost\u00e9s (del griego \u03c0\u03b5\u03bd\u03c4\u03b7\u03ba\u03bf\u03c3\u03c4\u03ae pent\u0113kost\u1e17 \u2018quincuag\u00e9simo\u2019) es el t\u00e9rmino con el que se define la fiesta cristiana del quincuag\u00e9simo d\u00eda del Tiempo de Pascua.\u200b Se trata de una festividad que [\u2026]<\/span>\n\t                <\/div>\n\t                <img decoding=\"async\" width=\"640\" height=\"480\" src=\"https:\/\/sant-francesc.eu\/wp-content\/uploads\/2024\/05\/Pentecostes-050516-640x480.webp\" class=\"attachment-events-homepage-thumb size-events-homepage-thumb wp-post-image\" alt=\"\" title=\"\">\t            <\/div>\n\t        \t            <div class=\"item\">\n\t                <div class=\"overlay\">\n\t                    <span class=\"time\">maig 31, 2026<\/span>\n\t                    <h3><a href=\"https:\/\/sant-francesc.eu\/ca\/evento\/santisima-trinidad-2026\/\">Sant\u00edsima Trinidad 2026<\/a><\/h3>\n\t                    <span class=\"desc\">Solemnidad de la Sant\u00edsima Trinidad, misterio central de la fe cristiana. 1. La palabra Trinidad nace del lat\u00edn Proviene de la palabra latina \u201ctrinitas\u201d, que significa \u201ctres\u201d y \u201ctriada\u201d. El [\u2026]<\/span>\n\t                <\/div>\n\t                <img decoding=\"async\" width=\"640\" height=\"450\" src=\"https:\/\/sant-francesc.eu\/wp-content\/uploads\/2024\/05\/SantisimaTrinidad-640x450.webp\" class=\"attachment-events-homepage-thumb size-events-homepage-thumb wp-post-image\" alt=\"\" title=\"\">\t            <\/div>\n\t        \t            <div class=\"item\">\n\t                <div class=\"overlay\">\n\t                    <span class=\"time\">juny 7, 2026<\/span>\n\t                    <h3><a href=\"https:\/\/sant-francesc.eu\/ca\/evento\/corpus-christi-2026\/\">Corpus Christi 2026<\/a><\/h3>\n\t                    <span class=\"desc\">El Cuerpo y la Sangre Sant\u00edsimos de Cristo Corpus Christi (\u2018cuerpo de Cristo\u2019) o Solemnidad del Cuerpo y la Sangre de Cristo, antes llamada Corpus Domini (\u2018cuerpo del Se\u00f1or\u2019), es [\u2026]<\/span>\n\t                <\/div>\n\t                <img decoding=\"async\" width=\"640\" height=\"480\" src=\"https:\/\/sant-francesc.eu\/wp-content\/uploads\/2024\/06\/Solemnidad-del-Corpus-Christi-2-de-junio-640x480.webp\" class=\"attachment-events-homepage-thumb size-events-homepage-thumb wp-post-image\" alt=\"\" title=\"\">\t            <\/div>\n\t         \n\t           \n    <\/div>\n\n<\/div><\/div><\/div><\/div><\/div><\/section>\n<\/div>","protected":false},"excerpt":{"rendered":"El Cuerpo y la Sangre Sant\u00edsimos de Cristo Corpus Christi (\u2018cuerpo de Cristo\u2019) o Solemnidad del Cuerpo y la Sangre de Cristo, antes llamada Corpus Domini (\u2018cuerpo del Se\u00f1or\u2019), es [...]","protected":false},"author":3,"featured_media":1229,"parent":0,"menu_order":0,"comment_status":"closed","ping_status":"closed","template":"page-templates\/template-fullwidth.php","meta":{"rs_blank_template":"","rs_page_bg_color":"","slide_template_v7":"","footnotes":""},"class_list":["post-908","page","type-page","status-publish","has-post-thumbnail","hentry","cat_calendario-liturgico-2026"],"_links":{"self":[{"href":"https:\/\/sant-francesc.eu\/ca\/wp-json\/wp\/v2\/pages\/908","targetHints":{"allow":["GET"]}}],"collection":[{"href":"https:\/\/sant-francesc.eu\/ca\/wp-json\/wp\/v2\/pages"}],"about":[{"href":"https:\/\/sant-francesc.eu\/ca\/wp-json\/wp\/v2\/types\/page"}],"author":[{"embeddable":true,"href":"https:\/\/sant-francesc.eu\/ca\/wp-json\/wp\/v2\/users\/3"}],"replies":[{"embeddable":true,"href":"https:\/\/sant-francesc.eu\/ca\/wp-json\/wp\/v2\/comments?post=908"}],"version-history":[{"count":6,"href":"https:\/\/sant-francesc.eu\/ca\/wp-json\/wp\/v2\/pages\/908\/revisions"}],"predecessor-version":[{"id":5178,"href":"https:\/\/sant-francesc.eu\/ca\/wp-json\/wp\/v2\/pages\/908\/revisions\/5178"}],"wp:featuredmedia":[{"embeddable":true,"href":"https:\/\/sant-francesc.eu\/ca\/wp-json\/wp\/v2\/media\/1229"}],"wp:attachment":[{"href":"https:\/\/sant-francesc.eu\/ca\/wp-json\/wp\/v2\/media?parent=908"}],"curies":[{"name":"wp","href":"https:\/\/api.w.org\/{rel}","templated":true}]}}