{"id":927,"date":"2020-11-25T11:06:47","date_gmt":"2020-11-25T10:06:47","guid":{"rendered":"https:\/\/sant-francesc.eu\/?page_id=927"},"modified":"2021-02-01T07:13:17","modified_gmt":"2021-02-01T06:13:17","slug":"bautismo","status":"publish","type":"page","link":"https:\/\/sant-francesc.eu\/ca\/sacramentos-de-la-iglesia\/bautismo\/","title":{"rendered":"Bautismo"},"content":{"rendered":"<div class=\"wpb-content-wrapper\"><section class=\"wpb_row vc_row-fluid vc_custom_1606298724508 vc_row-has-fill\"><div class=\"container\"><div class=\"row\"><div class=\"wpb_column vc_column_container vc_col-sm-12\"><div class=\"vc_column-inner \"  ><div class=\"wpb_wrapper\"><h2 style=\"color: #000000;text-align: left\" class=\"vc_custom_heading vc_do_custom_heading\" >El Sacramento del Bautismo<\/h2><h4 style=\"color: #000000;text-align: left\" class=\"vc_custom_heading vc_do_custom_heading\" >primer sacramento de la iniciaci\u00f3n cristiana<\/h4><div class=\"vc_empty_space\"   style=\"height: 32px\"><span class=\"vc_empty_space_inner\"><\/span><\/div>\n\t<div class=\"wpb_text_column wpb_content_element\" >\n\t\t<div class=\"wpb_wrapper\">\n\t\t\t<p>Jes\u00fas dice:<\/p>\n<blockquote>\n<p>Por tanto, id, y haced disc\u00edpulos a todas las naciones,\u00a0bautiz\u00e1ndolos en el nombre del Padre, y del Hijo, y del Esp\u00edritu Santo; ense\u00f1\u00e1ndoles que guarden todas las cosas que os he mandado; y he aqu\u00ed yo estoy con vosotros todos los d\u00edas, hasta el fin del mundo.<\/p>\n<p style=\"text-align: right;\">Mateo 28:19-20<\/p>\n<\/blockquote>\n\n\t\t<\/div>\n\t<\/div>\n<div class=\"vc_empty_space\"   style=\"height: 32px\"><span class=\"vc_empty_space_inner\"><\/span><\/div><h2 style=\"color: #000000;text-align: left\" class=\"vc_custom_heading vc_do_custom_heading\" >Bautismo de Ni\u00f1os<\/h2>\n\t<div class=\"wpb_text_column wpb_content_element\" >\n\t\t<div class=\"wpb_wrapper\">\n\t\t\t<p>Vuestro hijo acaba de nacer. Sois colaboradores de Dios en el nacimiento de una nueva vida: una nueva persona en medio del mundo. \u00bfQu\u00e9 ser\u00e1? \u00bfQu\u00e9 le ayudareis a ser? En la celebraci\u00f3n del matrimonio cristiano, padres, voy a responder a una pregunta fundamental:<\/p>\n<p style=\"text-align: center;\"><strong>\u00bfEst\u00e1is dispuestos a acoger con amor los hijos que recibir\u00e9is de Dios y educarlos seg\u00fan la ley de Cristo y el Evangelio?<\/strong><\/p>\n<p>Vuestra respuesta fue afirmativa. Ahora, con la acogida llena de amor que dais a vuestro reci\u00e9n nacido, inici\u00e1is con \u00e9l\/ella el camino de la iniciaci\u00f3n cristiana y el crecimiento y maduraci\u00f3n posterior en la fe.<\/p>\n<p>Est\u00e1 en vuestras manos ense\u00f1arle a orar, darle a conocer a Dios Padre y Jesucristo, hacerlo participar junto a vosotros en la comunidad cristiana y en los sacramentos, ense\u00f1arle a vivir como cristiano con vuestro ejemplo de padres y padrinos, adultos en la fe.<\/p>\n<p>Por ello, desde vuestra madurez y estando ya iniciados en la vida cristiana, pod\u00e9is solicitar que sea bautizado en la fe de la Iglesia y entre a formar parte de la familia de los hijos de Dios.<\/p>\n\n\t\t<\/div>\n\t<\/div>\n<div class=\"vc_empty_space\"   style=\"height: 32px\"><span class=\"vc_empty_space_inner\"><\/span><\/div><h2 style=\"color: #000000;text-align: left\" class=\"vc_custom_heading vc_do_custom_heading\" >Bautismo de Adultos<\/h2><h4 style=\"color: #000000;text-align: left\" class=\"vc_custom_heading vc_do_custom_heading\" >en edad catequ\u00e9tica y mayores de edad<\/h4>\n\t<div class=\"wpb_text_column wpb_content_element\" >\n\t\t<div class=\"wpb_wrapper\">\n\t\t\t<p>El Bautismo se puede recibir a cualquier edad, sea en el periodo catequ\u00e9tico de ni\u00f1os y adolescentes o en la edad adulta. Hasta la edad adulta intervienen los padres acompa\u00f1ando la decisi\u00f3n de quien quiere ser bautizado y a partir de la mayor\u00eda de edad es el mismo interesado el que hace la petici\u00f3n a la Iglesia.<\/p>\n<p>Aceptada la petici\u00f3n por el Sr. Obispo y comunicada la correspondiente autorizaci\u00f3n se hace la entrada al Catecumenado y comienza el tiempo de preparaci\u00f3n que pasa por las diferentes etapas de la Iniciaci\u00f3n cristiana hasta el momento de la celebraci\u00f3n del Bautismo, desde el inicio del Adviento hasta la Vigilia pascual.<\/p>\n<p>En el caso de los adultos, con el Bautismo, se reciben los sacramentos de la Confirmaci\u00f3n y la Eucarist\u00eda, sacramentos de la Iniciaci\u00f3n Cristiana.<\/p>\n\n\t\t<\/div>\n\t<\/div>\n<div class=\"vc_empty_space\"   style=\"height: 32px\"><span class=\"vc_empty_space_inner\"><\/span><\/div><h2 style=\"color: #000000;text-align: left\" class=\"vc_custom_heading vc_do_custom_heading\" >Como preparar, celebrar y vivir el Bautismo<\/h2>\n\t<div class=\"wpb_text_column wpb_content_element\" >\n\t\t<div class=\"wpb_wrapper\">\n\t\t\t<p>Por el bautismo somos hechos hijos de Dios y entramos a formar parte de la Iglesia. Esto bien merece una seria y consciente preparaci\u00f3n. No es un tr\u00e1mite burocr\u00e1tico, sino una acci\u00f3n de Dios que se prepara, se celebra, y se vive en el coraz\u00f3n de cada persona y de la comunidad cristiana.<\/p>\n<p>Por lo tanto, con tiempo, conviene presentarse a la parroquia y tener un primer coloquio. En la acogida se le indicar\u00e1n los pasos a realizar, tanto si se trata de un bautismo de ni\u00f1os como si es un bautismo de adultos. Ser\u00e9is acompa\u00f1ados y ayudados en todo momento. Piense que se trata de descubrir, celebrar y vivir el SER CRISTIANO.<\/p>\n\n\t\t<\/div>\n\t<\/div>\n\n\t<div class=\"wpb_text_column wpb_content_element\" >\n\t\t<div class=\"wpb_wrapper\">\n\t\t\t<blockquote>\n<p>Los Sacramentos son acciones de Cristo que \u00absignifican\u00bb (realizan) la actualizaci\u00f3n de la salvaci\u00f3n, y son, acciones de la Iglesia porque se celebran en ella y por mediaci\u00f3n de ella. De aqu\u00ed que los Sacramentos implican la fe en Cristo y la aceptaci\u00f3n de la Iglesia, como Cuerpo visible de Cristo, primicia de una nueva humanidad.<\/p>\n<p style=\"text-align: right;\">Directorio sacramental Menorca, 2004<\/p>\n<\/blockquote>\n\n\t\t<\/div>\n\t<\/div>\n<div class=\"vc_row wpb_row vc_inner vc_row-fluid vc_custom_1612159863587 vc_row-has-fill vc_row-o-content-middle vc_row-flex\"><div class=\"wpb_column vc_column_container vc_col-sm-12\"><div class=\"vc_column-inner\"><div class=\"wpb_wrapper\">\n\t<div class=\"wpb_text_column wpb_content_element\" >\n\t\t<div class=\"wpb_wrapper\">\n\t\t\t<p>\u00a0<\/p>\n<p style=\"text-align: center;\"><span style=\"color: #ffffff; font-size: 14pt;\">Dejaros iluminar por Cristo y tratad de ser en todo y por todo transmisores de su luz<\/span><\/p>\n<p>\u00a0<\/p>\n\n\t\t<\/div>\n\t<\/div>\n<\/div><\/div><\/div><\/div><div class=\"vc_empty_space\"   style=\"height: 32px\"><span class=\"vc_empty_space_inner\"><\/span><\/div>\n            <div \n                class=\"elfsight-widget-form-builder elfsight-widget\" \n                data-elfsight-form-builder-options=\"%7B%22ei%22%3A%22%22%2C%22fields%22%3A%5B%7B%22type%22%3A%22text%22%2C%22placeholder%22%3A%22Juan%20Nadie%22%2C%22description%22%3A%22%22%2C%22label%22%3A%22Nombre%20y%20Apellidos%22%2C%22required%22%3Atrue%2C%22columnWidth%22%3A100%2C%22id%22%3A%22%5Bnombre-y-apellidos%5D%22%7D%2C%7B%22type%22%3A%22email%22%2C%22label%22%3A%22Correo%20electr%5Cu00f3nico%22%2C%22description%22%3A%22%22%2C%22placeholder%22%3A%22ejemplo%40dominio.com%22%2C%22required%22%3Afalse%2C%22columnWidth%22%3A50%2C%22id%22%3A%22%5Bcorreo-electr%5Cu00f3nico%5D%22%7D%2C%7B%22type%22%3A%22phone%22%2C%22label%22%3A%22Tel%5Cu00e9fono%22%2C%22placeholder%22%3A%22%2B34-555-007-070%22%2C%22description%22%3A%22%22%2C%22required%22%3Atrue%2C%22columnWidth%22%3A50%2C%22id%22%3A%22%5Btel%5Cu00e9fono%5D%22%7D%2C%7B%22type%22%3A%22textarea%22%2C%22label%22%3A%22Mensaje%22%2C%22description%22%3A%22%22%2C%22placeholder%22%3A%22Cu%5Cu00e9ntanos%20brevemente%20tus%20necesidades%22%2C%22required%22%3Atrue%2C%22columnWidth%22%3A100%2C%22id%22%3A%22%5Bmensaje%5D%22%7D%5D%2C%22headerActive%22%3Atrue%2C%22headerTitle%22%3A%22Para%20Cualquier%20Informaci%5Cu00f3n%22%2C%22headerText%22%3A%22Contacta%20con%20el%20despacho%20parroquial%22%2C%22headerPictureUrl%22%3A%22message%22%2C%22footerText%22%3A%22Pla%5Cu00e7a%20des%20Born%2C%208%20%5C%2F%20Tel%5Cu00e9fono%20971-38-12-91%22%2C%22actionAfterSubmit%22%3A%22message%22%2C%22successMessage%22%3A%22%5Cu00a1Mensaje%20enviado%21%20En%20breve%20te%20responderemos.%22%2C%22successContinueText%22%3A%22OK%22%2C%22redirectUrl%22%3A%22https%3A%5C%2F%5C%2Fexample.com%22%2C%22submitText%22%3A%22Enviar%22%2C%22stepsMessagesDivider%22%3Anull%2C%22stepsMessagesTitle%22%3Anull%2C%22stepsText%22%3A%22step%20%251%20of%20%252%22%2C%22stepBackText%22%3A%22Back%22%2C%22stepNextText%22%3A%22Next%22%2C%22errorMessageAllRequired%22%3A%22Por%20favor%2C%20completa%20los%20campos%20obligatorios%22%2C%22errorMessageAllIncorrect%22%3A%22Por%20favor%2C%20completa%20todos%20los%20campos%20obligatorios%22%2C%22errorMessageSetMailTo%22%3A%22Por%20favor%2C%20configura%20el%20correo%20electr%5Cu00f3nico%20al%20que%20enviar%20mensajes%22%2C%22errorMessageRequiredCaptcha%22%3A%22Por%20favor%2C%20entra%20en%20el%20captcha%22%2C%22errorMessageFileSizeLimit%22%3A%22El%20archivo%20excede%20el%20l%5Cu00edmite%20de%20tama%5Cu00f1o%22%2C%22errorMessageFileNotAllowed%22%3A%22Extensi%5Cu00f3n%20de%20archivo%20no%20permitida%22%2C%22errorMessageUnknown%22%3A%22Error%20desconocido%22%2C%22errorMessageRequired%22%3A%22Campo%20obligatorio%22%2C%22errorMessageInvalid%22%3A%22Inv%5Cu00e1lido%22%2C%22errorMessageInvalidEmail%22%3A%22Email%20inv%5Cu00e1lido%22%2C%22errorMessageInvalidPhone%22%3A%22Numero%20de%20tel%5Cu00e9fono%20invalido%22%2C%22errorMessageInvalidUrl%22%3A%22URL%20invalida%22%2C%22calendarWeekdaysShorthand%22%3A%22Dom%5CnLun%5CnMar%5CnMie%5CnJue%5CnVier%5CnSab%22%2C%22calendarMonthsLonghand%22%3A%22Enero%5CnFebrero%5CnMarzo%5CnAbril%5CnMayo%5CnJunio%5CnJulio%5CnAgosto%5CnSeptiembre%5CnOctubre%5CnNoviembre%5CnDiciembre%22%2C%22showProgress%22%3Atrue%2C%22recaptchaType%22%3A%22checkbox%22%2C%22integrationsGoogleToken%22%3A%22%22%2C%22integrationsGoogleSheetId%22%3A%22%22%2C%22layout%22%3A%22default%22%2C%22floatingIcon%22%3A%22message%22%2C%22floatingText%22%3A%22%22%2C%22floatingPosition%22%3A%22right%22%2C%22width%22%3A%2270%25%22%2C%22style%22%3A%22classic%22%2C%22mainColor%22%3A%22rgb%2828%2C%20145%2C%20255%29%22%2C%22apiUrl%22%3A%22https%3A%5C%2F%5C%2Fsant-francesc.eu%5C%2Fca%5C%2Fwp-json%5C%2Felfsight-form-builder%5C%2Fapi%22%2C%22recaptchaKeyCheckbox%22%3A%226LfXGHgUAAAAAHNIE_EH7kEI1l4xvf_ynIlg5bfo%22%2C%22recaptchaKeyInvisible%22%3A%226Ld1CXgUAAAAAFTHmixC1Eo-NP7_3ddB1YOj9AfX%22%2C%22widgetId%22%3A%221%22%7D\" \n                data-elfsight-form-builder-version=\"1.5.1\"\n                data-elfsight-widget-id=\"elfsight-form-builder-1\">\n            <\/div>\n            <div class=\"vc_empty_space\"   style=\"height: 32px\"><span class=\"vc_empty_space_inner\"><\/span><\/div><div class=\"vc_empty_space\"   style=\"height: 32px\"><span class=\"vc_empty_space_inner\"><\/span><\/div>\n            <div \n                class=\"elfsight-widget-social-share-buttons elfsight-widget\" \n                data-elfsight-social-share-buttons-options=\"%7B%22items%22%3A%5B%7B%22network%22%3A%22facebook%22%2C%22buttonText%22%3A%22Facebook%22%7D%2C%7B%22network%22%3A%22fb-messenger%22%2C%22buttonText%22%3A%22Messenger%22%7D%2C%7B%22network%22%3A%22whatsapp%22%2C%22buttonText%22%3A%22WhatsApp%22%7D%2C%7B%22network%22%3A%22telegram%22%2C%22buttonText%22%3A%22Telegram%22%7D%2C%7B%22network%22%3A%22%22%2C%22buttonText%22%3Anull%7D%5D%2C%22moreToggle%22%3Atrue%2C%22msgMore%22%3A%22M%5Cu00e1s%22%2C%22msgClose%22%3A%22Cerrar%22%2C%22customUrl%22%3A%22%22%2C%22location%22%3A%22inline%22%2C%22position%22%3A%22center%22%2C%22columns%22%3A%22auto%22%2C%22gutter%22%3A12%2C%22hideOnMobile%22%3Afalse%2C%22elements%22%3A%5B%22icon%22%2C%22text%22%5D%2C%22shape%22%3A%22rounded%22%2C%22width%22%3A%22auto%22%2C%22style%22%3A%22default%22%2C%22iconColor%22%3A%22white%22%2C%22bgColor%22%3A%22native%22%2C%22iconColorOnHover%22%3A%22white%22%2C%22bgColorOnHover%22%3A%22black%22%2C%22animation%22%3A%22zoom%22%2C%22transparency%22%3A100%2C%22transparencyOnHover%22%3A100%2C%22widgetId%22%3A%221%22%7D\" \n                data-elfsight-social-share-buttons-version=\"1.6.0\"\n                data-elfsight-widget-id=\"elfsight-social-share-buttons-1\">\n            <\/div>\n            <\/div><\/div><\/div><\/div><\/div><\/section><section class=\"wpb_row vc_row-fluid\"><div class=\"container\"><div class=\"row\"><div class=\"wpb_column vc_column_container vc_col-sm-12\"><div class=\"vc_column-inner \"  ><div class=\"wpb_wrapper\">\n<div class=\"vc-zigzag-wrapper vc-zigzag-align-center\"><div class=\"vc-zigzag-inner\" style=\"width: 100%;min-height: 14px;background: 0 repeat-x url(&#039;data:image\/svg+xml;utf-8,%3C%3Fxml%20version%3D%221.0%22%20encoding%3D%22utf-8%22%3F%3E%3C%21DOCTYPE%20svg%20PUBLIC%20%22-%2F%2FW3C%2F%2FDTD%20SVG%201.1%2F%2FEN%22%20%22http%3A%2F%2Fwww.w3.org%2FGraphics%2FSVG%2F1.1%2FDTD%2Fsvg11.dtd%22%3E%3Csvg%20width%3D%2214px%22%20height%3D%2212px%22%20viewBox%3D%220%200%2018%2015%22%20version%3D%221.1%22%20xmlns%3D%22http%3A%2F%2Fwww.w3.org%2F2000%2Fsvg%22%20xmlns%3Axlink%3D%22http%3A%2F%2Fwww.w3.org%2F1999%2Fxlink%22%3E%3Cpolygon%20id%3D%22Combined-Shape%22%20fill%3D%22%23ebebeb%22%20points%3D%228.98762301%200%200%209.12771969%200%2014.519983%209%205.40479869%2018%2014.519983%2018%209.12771969%22%3E%3C%2Fpolygon%3E%3C%2Fsvg%3E&#039;);\"><\/div><\/div><\/div><\/div><\/div><\/div><\/div><\/section><section class=\"wpb_row vc_row-fluid\"><div class=\"container\"><div class=\"row\"><div class=\"wpb_column vc_column_container vc_col-sm-12\"><div class=\"vc_column-inner \"  ><div class=\"wpb_wrapper\">\t\n\n    <div class=\"fx custom-carousel-1\">\n\t    \t    \t\t            <div class=\"item\">\n\t                <div class=\"overlay\">\n\t                    <span class=\"time\">maig 17, 2026<\/span>\n\t                    <h3><a href=\"https:\/\/sant-francesc.eu\/ca\/evento\/la-ascension-del-senor-2026\/\">La Ascensi\u00f3n del Se\u00f1or 2026<\/a><\/h3>\n\t                    <span class=\"desc\">El\u00a0D\u00eda de la Ascensi\u00f3n\u00a0es una\u00a0solemnidad\u00a0cristiana\u00a0que se celebra cuarenta d\u00edas despu\u00e9s del\u00a0domingo de resurrecci\u00f3n\u00a0(durante el\u00a0Tiempo pascual) y que conmemora la\u00a0ascensi\u00f3n de Jesucristo\u00a0al cielo en presencia de sus disc\u00edpulos tras anunciarles que [\u2026]<\/span>\n\t                <\/div>\n\t                <img decoding=\"async\" width=\"640\" height=\"480\" src=\"https:\/\/sant-francesc.eu\/wp-content\/uploads\/2025\/09\/Ascension-del-Senor-1-640x480.jpg\" class=\"attachment-events-homepage-thumb size-events-homepage-thumb wp-post-image\" alt=\"\" title=\"\">\t            <\/div>\n\t        \t            <div class=\"item\">\n\t                <div class=\"overlay\">\n\t                    <span class=\"time\">maig 24, 2026<\/span>\n\t                    <h3><a href=\"https:\/\/sant-francesc.eu\/ca\/evento\/pentecostes-2026\/\">Pentecost\u00e9s 2026<\/a><\/h3>\n\t                    <span class=\"desc\">Pentecost\u00e9s (del griego \u03c0\u03b5\u03bd\u03c4\u03b7\u03ba\u03bf\u03c3\u03c4\u03ae pent\u0113kost\u1e17 \u2018quincuag\u00e9simo\u2019) es el t\u00e9rmino con el que se define la fiesta cristiana del quincuag\u00e9simo d\u00eda del Tiempo de Pascua.\u200b Se trata de una festividad que [\u2026]<\/span>\n\t                <\/div>\n\t                <img decoding=\"async\" width=\"640\" height=\"480\" src=\"https:\/\/sant-francesc.eu\/wp-content\/uploads\/2024\/05\/Pentecostes-050516-640x480.webp\" class=\"attachment-events-homepage-thumb size-events-homepage-thumb wp-post-image\" alt=\"\" title=\"\">\t            <\/div>\n\t        \t            <div class=\"item\">\n\t                <div class=\"overlay\">\n\t                    <span class=\"time\">maig 31, 2026<\/span>\n\t                    <h3><a href=\"https:\/\/sant-francesc.eu\/ca\/evento\/santisima-trinidad-2026\/\">Sant\u00edsima Trinidad 2026<\/a><\/h3>\n\t                    <span class=\"desc\">Solemnidad de la Sant\u00edsima Trinidad, misterio central de la fe cristiana. 1. La palabra Trinidad nace del lat\u00edn Proviene de la palabra latina \u201ctrinitas\u201d, que significa \u201ctres\u201d y \u201ctriada\u201d. El [\u2026]<\/span>\n\t                <\/div>\n\t                <img decoding=\"async\" width=\"640\" height=\"450\" src=\"https:\/\/sant-francesc.eu\/wp-content\/uploads\/2024\/05\/SantisimaTrinidad-640x450.webp\" class=\"attachment-events-homepage-thumb size-events-homepage-thumb wp-post-image\" alt=\"\" title=\"\">\t            <\/div>\n\t        \t            <div class=\"item\">\n\t                <div class=\"overlay\">\n\t                    <span class=\"time\">juny 7, 2026<\/span>\n\t                    <h3><a href=\"https:\/\/sant-francesc.eu\/ca\/evento\/corpus-christi-2026\/\">Corpus Christi 2026<\/a><\/h3>\n\t                    <span class=\"desc\">El Cuerpo y la Sangre Sant\u00edsimos de Cristo Corpus Christi (\u2018cuerpo de Cristo\u2019) o Solemnidad del Cuerpo y la Sangre de Cristo, antes llamada Corpus Domini (\u2018cuerpo del Se\u00f1or\u2019), es [\u2026]<\/span>\n\t                <\/div>\n\t                <img decoding=\"async\" width=\"640\" height=\"480\" src=\"https:\/\/sant-francesc.eu\/wp-content\/uploads\/2024\/06\/Solemnidad-del-Corpus-Christi-2-de-junio-640x480.webp\" class=\"attachment-events-homepage-thumb size-events-homepage-thumb wp-post-image\" alt=\"\" title=\"\">\t            <\/div>\n\t         \n\t           \n    <\/div>\n\n<\/div><\/div><\/div><\/div><\/div><\/section>\n<\/div>","protected":false},"excerpt":{"rendered":"El Cuerpo y la Sangre Sant\u00edsimos de Cristo Corpus Christi (\u2018cuerpo de Cristo\u2019) o Solemnidad del Cuerpo y la Sangre de Cristo, antes llamada Corpus Domini (\u2018cuerpo del Se\u00f1or\u2019), es [...]","protected":false},"author":3,"featured_media":1280,"parent":928,"menu_order":0,"comment_status":"closed","ping_status":"closed","template":"page-templates\/template-fullwidth.php","meta":{"rs_blank_template":"","rs_page_bg_color":"#ffffff","slide_template_v7":"","footnotes":""},"class_list":["post-927","page","type-page","status-publish","has-post-thumbnail","hentry","cat_calendario-liturgico-2026"],"_links":{"self":[{"href":"https:\/\/sant-francesc.eu\/ca\/wp-json\/wp\/v2\/pages\/927","targetHints":{"allow":["GET"]}}],"collection":[{"href":"https:\/\/sant-francesc.eu\/ca\/wp-json\/wp\/v2\/pages"}],"about":[{"href":"https:\/\/sant-francesc.eu\/ca\/wp-json\/wp\/v2\/types\/page"}],"author":[{"embeddable":true,"href":"https:\/\/sant-francesc.eu\/ca\/wp-json\/wp\/v2\/users\/3"}],"replies":[{"embeddable":true,"href":"https:\/\/sant-francesc.eu\/ca\/wp-json\/wp\/v2\/comments?post=927"}],"version-history":[{"count":0,"href":"https:\/\/sant-francesc.eu\/ca\/wp-json\/wp\/v2\/pages\/927\/revisions"}],"up":[{"embeddable":true,"href":"https:\/\/sant-francesc.eu\/ca\/wp-json\/wp\/v2\/pages\/928"}],"wp:featuredmedia":[{"embeddable":true,"href":"https:\/\/sant-francesc.eu\/ca\/wp-json\/wp\/v2\/media\/1280"}],"wp:attachment":[{"href":"https:\/\/sant-francesc.eu\/ca\/wp-json\/wp\/v2\/media?parent=927"}],"curies":[{"name":"wp","href":"https:\/\/api.w.org\/{rel}","templated":true}]}}