{"id":928,"date":"2020-11-25T10:00:18","date_gmt":"2020-11-25T09:00:18","guid":{"rendered":"https:\/\/sant-francesc.eu\/?page_id=928"},"modified":"2020-11-25T10:08:41","modified_gmt":"2020-11-25T09:08:41","slug":"sacramentos-de-la-iglesia","status":"publish","type":"page","link":"https:\/\/sant-francesc.eu\/ca\/sacramentos-de-la-iglesia\/","title":{"rendered":"Sacramentos de la Iglesia"},"content":{"rendered":"<div class=\"wpb-content-wrapper\"><section class=\"wpb_row vc_row-fluid vc_custom_1606282769945 vc_row-has-fill\"><div class=\"container\"><div class=\"row\"><div class=\"wpb_column vc_column_container vc_col-sm-12\"><div class=\"vc_column-inner \"  ><div class=\"wpb_wrapper\"><div class=\"vc_empty_space\"   style=\"height: 32px\"><span class=\"vc_empty_space_inner\"><\/span><\/div><div class=\"vc_empty_space\"   style=\"height: 32px\"><span class=\"vc_empty_space_inner\"><\/span><\/div>\n\t<div class=\"wpb_text_column wpb_content_element\" >\n\t\t<div class=\"wpb_wrapper\">\n\t\t\t<p><b>LOS SIETE SACRAMENTOS DE LA IGLESIA<\/b><\/p>\n<div class=\"mod\" lang=\"es-ES\" data-md=\"61\">\n<div class=\"LGOjhe\" role=\"heading\" data-attrid=\"wa:\/description\" aria-level=\"3\" data-hveid=\"CAsQAA\">\n<p>Los siete sacramentos marcan las distintas etapas importantes de la vida cristiana de los creyentes, que se dividen en tres categor\u00edas:<\/p>\n<ul>\n<li><i>Sacramentos de la\u00a0Iniciaci\u00f3n Cristiana<\/i>\u00a0(Bautismo,\u00a0Confirmaci\u00f3n\u00a0y\u00a0Eucarist\u00eda\u00a0) que \u00ab<i>sientan las bases de la vida cristiana: los fieles renacidos en el Bautismo, fortalecidos por la Confirmaci\u00f3n y son alimentados por la Eucarist\u00eda<\/i>\u00ab;<sup id=\"cite_ref-12\" class=\"reference separada\"><a href=\"https:\/\/es.wikipedia.org\/wiki\/Sacramento_(Iglesia_cat%C3%B3lica)#cite_note-12\" target=\"_blank\" rel=\"noopener\">10<\/a><\/sup>\u200b<\/li>\n<li><i>Sacramentos de curaci\u00f3n<\/i>\u00a0(Penitencia\u00a0y\u00a0Unci\u00f3n de los enfermos);<\/li>\n<li><i>Sacramentos al servicio de la comuni\u00f3n y la misi\u00f3n<\/i>\u00a0(Orden\u00a0y\u00a0Matrimonio).<\/li>\n<\/ul>\n<p>Estos sacramentos tambi\u00e9n se pueden agrupar en solo dos categor\u00edas:<\/p>\n<ul>\n<li>Que expresan el car\u00e1cter permanente y dejan una marca indeleble en quien los recibe, y por lo tanto solo puede ser administrado una vez a cada creyente. Son el Bautismo, la Confirmaci\u00f3n, el Matrimonio y el Orden;<\/li>\n<li>Aquellos que se pueden administrar reiteradamente.<\/li>\n<\/ul>\n<\/div>\n<\/div>\n<div class=\"g\">\n<div class=\"rc\" data-hveid=\"CAEQAA\" data-ved=\"2ahUKEwi37rXWq53tAhWZDGMBHcPkBxwQFSgAMAd6BAgBEAA\"><\/div>\n<\/div>\n\n\t\t<\/div>\n\t<\/div>\n<div class=\"vc_message_box vc_message_box-3d vc_message_box-rounded vc_color-info vc_do_message\" ><div class=\"vc_message_box-icon\"><i class=\"fa fa-solid fa-circle-info\"><\/i><\/div><h1><strong>P\u00c1GINA EN CONSTRUCCI\u00d3N<\/strong><\/h1>\n<p><strong>\u00a0<\/strong><\/p>\n<p><strong>El contenido de esta p\u00e1gina no est\u00e1 terminado.<\/strong><\/p>\n<p><strong>\u00a0<\/strong><\/p>\n<p>Te pedimos disculpas por el retraso. Como toda construcci\u00f3n, est\u00e1 llevando tiempo. Pero ten paciencia que ya pronto estaremos contigo.<\/p>\n<\/div><div class=\"vc_empty_space\"   style=\"height: 32px\"><span class=\"vc_empty_space_inner\"><\/span><\/div><div class=\"vc_empty_space\"   style=\"height: 32px\"><span class=\"vc_empty_space_inner\"><\/span><\/div>\n            <div \n                class=\"elfsight-widget-social-share-buttons elfsight-widget\" \n                data-elfsight-social-share-buttons-options=\"%7B%22items%22%3A%5B%7B%22network%22%3A%22facebook%22%2C%22buttonText%22%3A%22Facebook%22%7D%2C%7B%22network%22%3A%22fb-messenger%22%2C%22buttonText%22%3A%22Messenger%22%7D%2C%7B%22network%22%3A%22whatsapp%22%2C%22buttonText%22%3A%22WhatsApp%22%7D%2C%7B%22network%22%3A%22telegram%22%2C%22buttonText%22%3A%22Telegram%22%7D%2C%7B%22network%22%3A%22%22%2C%22buttonText%22%3Anull%7D%5D%2C%22moreToggle%22%3Atrue%2C%22msgMore%22%3A%22M%5Cu00e1s%22%2C%22msgClose%22%3A%22Cerrar%22%2C%22customUrl%22%3A%22%22%2C%22location%22%3A%22inline%22%2C%22position%22%3A%22center%22%2C%22columns%22%3A%22auto%22%2C%22gutter%22%3A12%2C%22hideOnMobile%22%3Afalse%2C%22elements%22%3A%5B%22icon%22%2C%22text%22%5D%2C%22shape%22%3A%22rounded%22%2C%22width%22%3A%22auto%22%2C%22style%22%3A%22default%22%2C%22iconColor%22%3A%22white%22%2C%22bgColor%22%3A%22native%22%2C%22iconColorOnHover%22%3A%22white%22%2C%22bgColorOnHover%22%3A%22black%22%2C%22animation%22%3A%22zoom%22%2C%22transparency%22%3A100%2C%22transparencyOnHover%22%3A100%2C%22widgetId%22%3A%221%22%7D\" \n                data-elfsight-social-share-buttons-version=\"1.6.0\"\n                data-elfsight-widget-id=\"elfsight-social-share-buttons-1\">\n            <\/div>\n            <\/div><\/div><\/div><\/div><\/div><\/section><section class=\"wpb_row vc_row-fluid\"><div class=\"container\"><div class=\"row\"><div class=\"wpb_column vc_column_container vc_col-sm-12\"><div class=\"vc_column-inner \"  ><div class=\"wpb_wrapper\">\n<div class=\"vc-zigzag-wrapper vc-zigzag-align-center\"><div class=\"vc-zigzag-inner\" style=\"width: 100%;min-height: 14px;background: 0 repeat-x url(&#039;data:image\/svg+xml;utf-8,%3C%3Fxml%20version%3D%221.0%22%20encoding%3D%22utf-8%22%3F%3E%3C%21DOCTYPE%20svg%20PUBLIC%20%22-%2F%2FW3C%2F%2FDTD%20SVG%201.1%2F%2FEN%22%20%22http%3A%2F%2Fwww.w3.org%2FGraphics%2FSVG%2F1.1%2FDTD%2Fsvg11.dtd%22%3E%3Csvg%20width%3D%2214px%22%20height%3D%2212px%22%20viewBox%3D%220%200%2018%2015%22%20version%3D%221.1%22%20xmlns%3D%22http%3A%2F%2Fwww.w3.org%2F2000%2Fsvg%22%20xmlns%3Axlink%3D%22http%3A%2F%2Fwww.w3.org%2F1999%2Fxlink%22%3E%3Cpolygon%20id%3D%22Combined-Shape%22%20fill%3D%22%23ebebeb%22%20points%3D%228.98762301%200%200%209.12771969%200%2014.519983%209%205.40479869%2018%2014.519983%2018%209.12771969%22%3E%3C%2Fpolygon%3E%3C%2Fsvg%3E&#039;);\"><\/div><\/div><\/div><\/div><\/div><\/div><\/div><\/section><section class=\"wpb_row vc_row-fluid\"><div class=\"container\"><div class=\"row\"><div class=\"wpb_column vc_column_container vc_col-sm-12\"><div class=\"vc_column-inner \"  ><div class=\"wpb_wrapper\">\t\n\n    <div class=\"fx custom-carousel-1\">\n\t    \t    \t\t            <div class=\"item\">\n\t                <div class=\"overlay\">\n\t                    <span class=\"time\">maig 17, 2026<\/span>\n\t                    <h3><a href=\"https:\/\/sant-francesc.eu\/ca\/evento\/la-ascension-del-senor-2026\/\">La Ascensi\u00f3n del Se\u00f1or 2026<\/a><\/h3>\n\t                    <span class=\"desc\">El\u00a0D\u00eda de la Ascensi\u00f3n\u00a0es una\u00a0solemnidad\u00a0cristiana\u00a0que se celebra cuarenta d\u00edas despu\u00e9s del\u00a0domingo de resurrecci\u00f3n\u00a0(durante el\u00a0Tiempo pascual) y que conmemora la\u00a0ascensi\u00f3n de Jesucristo\u00a0al cielo en presencia de sus disc\u00edpulos tras anunciarles que [\u2026]<\/span>\n\t                <\/div>\n\t                <img decoding=\"async\" width=\"640\" height=\"480\" src=\"https:\/\/sant-francesc.eu\/wp-content\/uploads\/2025\/09\/Ascension-del-Senor-1-640x480.jpg\" class=\"attachment-events-homepage-thumb size-events-homepage-thumb wp-post-image\" alt=\"\" title=\"\">\t            <\/div>\n\t        \t            <div class=\"item\">\n\t                <div class=\"overlay\">\n\t                    <span class=\"time\">maig 24, 2026<\/span>\n\t                    <h3><a href=\"https:\/\/sant-francesc.eu\/ca\/evento\/pentecostes-2026\/\">Pentecost\u00e9s 2026<\/a><\/h3>\n\t                    <span class=\"desc\">Pentecost\u00e9s (del griego \u03c0\u03b5\u03bd\u03c4\u03b7\u03ba\u03bf\u03c3\u03c4\u03ae pent\u0113kost\u1e17 \u2018quincuag\u00e9simo\u2019) es el t\u00e9rmino con el que se define la fiesta cristiana del quincuag\u00e9simo d\u00eda del Tiempo de Pascua.\u200b Se trata de una festividad que [\u2026]<\/span>\n\t                <\/div>\n\t                <img decoding=\"async\" width=\"640\" height=\"480\" src=\"https:\/\/sant-francesc.eu\/wp-content\/uploads\/2024\/05\/Pentecostes-050516-640x480.webp\" class=\"attachment-events-homepage-thumb size-events-homepage-thumb wp-post-image\" alt=\"\" title=\"\">\t            <\/div>\n\t        \t            <div class=\"item\">\n\t                <div class=\"overlay\">\n\t                    <span class=\"time\">maig 31, 2026<\/span>\n\t                    <h3><a href=\"https:\/\/sant-francesc.eu\/ca\/evento\/santisima-trinidad-2026\/\">Sant\u00edsima Trinidad 2026<\/a><\/h3>\n\t                    <span class=\"desc\">Solemnidad de la Sant\u00edsima Trinidad, misterio central de la fe cristiana. 1. La palabra Trinidad nace del lat\u00edn Proviene de la palabra latina \u201ctrinitas\u201d, que significa \u201ctres\u201d y \u201ctriada\u201d. El [\u2026]<\/span>\n\t                <\/div>\n\t                <img decoding=\"async\" width=\"640\" height=\"450\" src=\"https:\/\/sant-francesc.eu\/wp-content\/uploads\/2024\/05\/SantisimaTrinidad-640x450.webp\" class=\"attachment-events-homepage-thumb size-events-homepage-thumb wp-post-image\" alt=\"\" title=\"\">\t            <\/div>\n\t        \t            <div class=\"item\">\n\t                <div class=\"overlay\">\n\t                    <span class=\"time\">juny 7, 2026<\/span>\n\t                    <h3><a href=\"https:\/\/sant-francesc.eu\/ca\/evento\/corpus-christi-2026\/\">Corpus Christi 2026<\/a><\/h3>\n\t                    <span class=\"desc\">El Cuerpo y la Sangre Sant\u00edsimos de Cristo Corpus Christi (\u2018cuerpo de Cristo\u2019) o Solemnidad del Cuerpo y la Sangre de Cristo, antes llamada Corpus Domini (\u2018cuerpo del Se\u00f1or\u2019), es [\u2026]<\/span>\n\t                <\/div>\n\t                <img decoding=\"async\" width=\"640\" height=\"480\" src=\"https:\/\/sant-francesc.eu\/wp-content\/uploads\/2024\/06\/Solemnidad-del-Corpus-Christi-2-de-junio-640x480.webp\" class=\"attachment-events-homepage-thumb size-events-homepage-thumb wp-post-image\" alt=\"\" title=\"\">\t            <\/div>\n\t         \n\t           \n    <\/div>\n\n<\/div><\/div><\/div><\/div><\/div><\/section>\n<\/div>","protected":false},"excerpt":{"rendered":"El Cuerpo y la Sangre Sant\u00edsimos de Cristo Corpus Christi (\u2018cuerpo de Cristo\u2019) o Solemnidad del Cuerpo y la Sangre de Cristo, antes llamada Corpus Domini (\u2018cuerpo del Se\u00f1or\u2019), es [...]","protected":false},"author":3,"featured_media":0,"parent":0,"menu_order":0,"comment_status":"closed","ping_status":"closed","template":"page-templates\/template-fullwidth.php","meta":{"rs_blank_template":"","rs_page_bg_color":"#ffffff","slide_template_v7":"","footnotes":""},"class_list":["post-928","page","type-page","status-publish","hentry","cat_calendario-liturgico-2026"],"_links":{"self":[{"href":"https:\/\/sant-francesc.eu\/ca\/wp-json\/wp\/v2\/pages\/928","targetHints":{"allow":["GET"]}}],"collection":[{"href":"https:\/\/sant-francesc.eu\/ca\/wp-json\/wp\/v2\/pages"}],"about":[{"href":"https:\/\/sant-francesc.eu\/ca\/wp-json\/wp\/v2\/types\/page"}],"author":[{"embeddable":true,"href":"https:\/\/sant-francesc.eu\/ca\/wp-json\/wp\/v2\/users\/3"}],"replies":[{"embeddable":true,"href":"https:\/\/sant-francesc.eu\/ca\/wp-json\/wp\/v2\/comments?post=928"}],"version-history":[{"count":0,"href":"https:\/\/sant-francesc.eu\/ca\/wp-json\/wp\/v2\/pages\/928\/revisions"}],"wp:attachment":[{"href":"https:\/\/sant-francesc.eu\/ca\/wp-json\/wp\/v2\/media?parent=928"}],"curies":[{"name":"wp","href":"https:\/\/api.w.org\/{rel}","templated":true}]}}